{"id":11265,"date":"2025-02-11T17:43:17","date_gmt":"2025-02-11T17:43:17","guid":{"rendered":"https:\/\/lofimusic.com.es\/index.php\/producto\/b0cjzz3ck7_es\/"},"modified":"2025-02-11T17:43:17","modified_gmt":"2025-02-11T17:43:17","slug":"b0cjzz3ck7_es","status":"publish","type":"product","link":"https:\/\/lofimusic.com.es\/index.php\/producto\/b0cjzz3ck7_es\/","title":{"rendered":"B0CJZZ3CK7_ES"},"content":{"rendered":"<p>&#8211; F\u00e9rula nocturna para fascitis plantar: \u00bfsufres de dolores en los pies como fascitis plantar, pie ca\u00eddo, tendinitis en el tal\u00f3n, arco plano, espol\u00f3n calc\u00e1neo o tendinitis de Aquiles? Nuestra f\u00e9rula nocturna para fascitis plantar estira tu pie durante toda la noche y alivia eficazmente estos s\u00edntomas de dolor.<br \/>\n&#8211; Comodidad y apoyo totales: bas\u00e1ndonos en las debilidades de la mayor\u00eda de los productos del mercado, hemos realizado pruebas continuas y cambiamos el material de relleno a una esponja de almacenamiento avanzada. Tambi\u00e9n hemos aumentado el ancho de la banda de flexi\u00f3n trasera y hemos dise\u00f1ado una placa de soporte en la parte inferior para mejorar en gran medida su comodidad y apoyo.<br \/>\n&#8211; \u30103 correas ajustables\u3011Nuestro nuevo dise\u00f1o con tres correas el\u00e1sticas permite un ajuste libre del \u00e1ngulo de flexi\u00f3n y ofrece un soporte m\u00e1s estable. La f\u00e9rula nocturna para fascitis plantar te ayuda a disfrutar de un descanso c\u00f3modo y un sue\u00f1o reparador durante toda la noche.<br \/>\n&#8211; F\u00e1cil de transportar: a diferencia de las f\u00e9rulas tradicionales para fascitis plantar, nuestra f\u00e9rula nocturna es f\u00e1cil de llevar y no requiere una aplicaci\u00f3n complicada. No hay necesidad de preocuparse por c\u00f3mo fijarlo a sus pies.<br \/>\n&#8211; Tama\u00f1o adecuado para todos: nuestra f\u00e9rula nocturna para fascitis plantar est\u00e1 especialmente dise\u00f1ada para hombres y mujeres y se adapta a una circunferencia de tobillo de 8 a 15 cm. Tambi\u00e9n hemos realizado mejoras en el embalaje y el env\u00edo para asegurarnos de que permanezcan secos y limpios durante el transporte, lo que los hace m\u00e1s seguros e higi\u00e9nicos.<\/p>\n","protected":false},"excerpt":{"rendered":"<p>Publicidad YBFBSJK F\u00e9rula nocturna para fascitis plantar, correas ajustables, fascitis plantar, f\u00e9rula nocturna, tal\u00f3n, alivio del dolor, alivio del dolor, fascitis plantar, tendinitis de Aquiles, vendaje (gris)<\/p>\n","protected":false},"featured_media":11264,"comment_status":"open","ping_status":"closed","template":"","meta":[],"product_cat":[15],"product_tag":[],"class_list":{"0":"post-11265","1":"product","2":"type-product","3":"status-publish","4":"has-post-thumbnail","6":"product_cat-sin-categorizar","7":"nodate","8":"item-wrap","10":"first","11":"instock","12":"shipping-taxable","13":"product-type-external"},"_links":{"self":[{"href":"https:\/\/lofimusic.com.es\/index.php\/wp-json\/wp\/v2\/product\/11265","targetHints":{"allow":["GET"]}}],"collection":[{"href":"https:\/\/lofimusic.com.es\/index.php\/wp-json\/wp\/v2\/product"}],"about":[{"href":"https:\/\/lofimusic.com.es\/index.php\/wp-json\/wp\/v2\/types\/product"}],"replies":[{"embeddable":true,"href":"https:\/\/lofimusic.com.es\/index.php\/wp-json\/wp\/v2\/comments?post=11265"}],"wp:featuredmedia":[{"embeddable":true,"href":"https:\/\/lofimusic.com.es\/index.php\/wp-json\/wp\/v2\/media\/11264"}],"wp:attachment":[{"href":"https:\/\/lofimusic.com.es\/index.php\/wp-json\/wp\/v2\/media?parent=11265"}],"wp:term":[{"taxonomy":"product_cat","embeddable":true,"href":"https:\/\/lofimusic.com.es\/index.php\/wp-json\/wp\/v2\/product_cat?post=11265"},{"taxonomy":"product_tag","embeddable":true,"href":"https:\/\/lofimusic.com.es\/index.php\/wp-json\/wp\/v2\/product_tag?post=11265"}],"curies":[{"name":"wp","href":"https:\/\/api.w.org\/{rel}","templated":true}]}}