{"id":11263,"date":"2025-02-11T12:20:16","date_gmt":"2025-02-11T12:20:16","guid":{"rendered":"https:\/\/lofimusic.com.es\/index.php\/producto\/b0dpw51cv7_de\/"},"modified":"2025-02-11T12:20:16","modified_gmt":"2025-02-11T12:20:16","slug":"b0dpw51cv7_de","status":"publish","type":"product","link":"https:\/\/lofimusic.com.es\/index.php\/producto\/b0dpw51cv7_de\/","title":{"rendered":"B0DPW51CV7_DE"},"content":{"rendered":"<p>&#8211; Podcast-Ausr\u00fcstungspaket: Das Podcast-Ausr\u00fcstungspaket ist mit einem Kondensatormikrofon, einem verstellbaren h\u00e4ngenden Scherenarmst\u00e4nder, einer Sto\u00dfd\u00e4mpferhalterung, einer winddichten Schaumstoffkappe, einem Netzkabel und einer Live-Soundkarte ausgestattet. Geeignet f\u00fcr Podcasting, Live-\u00dcbertragung, Streaming, Aufnahme von Musik und kurzen Videos.<br \/>\n&#8211; Hervorragende Klangqualit\u00e4t: Hervorragende Audioleistung f\u00fcr kristallklaren Klang. Hohe Empfindlichkeit und Signal-Rausch-Verh\u00e4ltnis erfassen jedes Wort klar und deutlich. Das Nierenmuster nimmt Audio vor der Tonquelle auf und unterdr\u00fcckt gleichzeitig unerw\u00fcnschte Ger\u00e4usche, um eine klare und satte Tonaufnahme zu gew\u00e4hrleisten. Ideal f\u00fcr Anf\u00e4nger beim Live-Streaming, Online-Chatten auf Twitch und Erstellen von YouTube-\/Tiktok-Videos.<br \/>\n&#8211; USB-Plug-and-Play: Das USB-Kondensatormikrofon-Kit ist einfach einzurichten, Plug-and-Play und kann Ihre verschiedenen Anforderungen erf\u00fcllen. Es kann automatisch mit Ihrem Mac- oder Windows-Desktop-Laptop funktionieren \u2013 keine Phantomspeisung erforderlich. Bietet ein einfaches und effizientes System f\u00fcr Gesang, Podcasts, Gesang und Voiceover-Anwendungen.<br \/>\n&#8211; Reichhaltige Soundeffekte: Dieses Podcast-Kit bietet vier Stimmenverzerrer (weiblich, m\u00e4nnlich, Kind und Monster), mit denen Sie Ihre Stimme anpassen und 12 lustige Soundeffekte wie Applaus, Lachen und Jubel genie\u00dfen k\u00f6nnen. Verbessern Sie die Atmosph\u00e4re Ihrer Live-\u00dcbertragung und machen Sie Ihre Inhalte attraktiver!<br \/>\n&#8211; Geschaffen f\u00fcr Live-\u00dcbertragungen: F\u00fcnf unabh\u00e4ngige Kan\u00e4le am Mixer k\u00f6nnen die Lautst\u00e4rke von Mikrofon-, Line-Eingangs-, Kopfh\u00f6rer- und Line-Ausgangskan\u00e4len individuell steuern. 2 ver\u00e4nderbare T\u00f6ne (H\u00f6hen, B\u00e4sse) machen diese Audioschnittstelle unterhaltsamer und erf\u00fcllen mehr Anforderungen an Live-Aufnahmen.<br \/>\n&#8211; Kompatibel mit den meisten Betriebssystemen: Dieses Podcast-Ausr\u00fcstungspaket kann in den meisten g\u00e4ngigen Betriebssystemen verwendet werden und ist mit Windows, iOS, Android usw. kompatibel. Die Audioschnittstelle kann mit jedem Mobiltelefon, Computer, Tablet, iPad, Kopfh\u00f6rer, Mikrofon verwendet werden und erf\u00fcllt damit die Anforderungen der meisten Ger\u00e4te, die Sie ben\u00f6tigen.<\/p>\n","protected":false},"excerpt":{"rendered":"<p>Werbung<br \/>\nPodcast Mikrofon B\u00fcndeln, Audio Interface mit Cardioid Designer BM800 Mikrofon f\u00fcr Gamer und All-in-One Mischpultr, Perfekt f\u00fcr Podcasting, Aufnahme, Gesang, Streaming und Gaming, YouTube, TikTok<\/p>\n","protected":false},"featured_media":11262,"comment_status":"open","ping_status":"closed","template":"","meta":[],"product_cat":[15],"product_tag":[],"class_list":{"0":"post-11263","1":"product","2":"type-product","3":"status-publish","4":"has-post-thumbnail","6":"product_cat-sin-categorizar","7":"nodate","8":"item-wrap","10":"first","11":"instock","12":"shipping-taxable","13":"product-type-external"},"_links":{"self":[{"href":"https:\/\/lofimusic.com.es\/index.php\/wp-json\/wp\/v2\/product\/11263","targetHints":{"allow":["GET"]}}],"collection":[{"href":"https:\/\/lofimusic.com.es\/index.php\/wp-json\/wp\/v2\/product"}],"about":[{"href":"https:\/\/lofimusic.com.es\/index.php\/wp-json\/wp\/v2\/types\/product"}],"replies":[{"embeddable":true,"href":"https:\/\/lofimusic.com.es\/index.php\/wp-json\/wp\/v2\/comments?post=11263"}],"wp:featuredmedia":[{"embeddable":true,"href":"https:\/\/lofimusic.com.es\/index.php\/wp-json\/wp\/v2\/media\/11262"}],"wp:attachment":[{"href":"https:\/\/lofimusic.com.es\/index.php\/wp-json\/wp\/v2\/media?parent=11263"}],"wp:term":[{"taxonomy":"product_cat","embeddable":true,"href":"https:\/\/lofimusic.com.es\/index.php\/wp-json\/wp\/v2\/product_cat?post=11263"},{"taxonomy":"product_tag","embeddable":true,"href":"https:\/\/lofimusic.com.es\/index.php\/wp-json\/wp\/v2\/product_tag?post=11263"}],"curies":[{"name":"wp","href":"https:\/\/api.w.org\/{rel}","templated":true}]}}