{"id":11259,"date":"2025-02-11T12:20:09","date_gmt":"2025-02-11T12:20:09","guid":{"rendered":"https:\/\/lofimusic.com.es\/index.php\/producto\/b0dpw51cv7_fr\/"},"modified":"2025-02-11T12:20:09","modified_gmt":"2025-02-11T12:20:09","slug":"b0dpw51cv7_fr","status":"publish","type":"product","link":"https:\/\/lofimusic.com.es\/index.php\/producto\/b0dpw51cv7_fr\/","title":{"rendered":"B0DPW51CV7_FR"},"content":{"rendered":"<p>&#8211; Pack d&#8217;\u00e9quipement de podcast : le kit d&#8217;\u00e9quipement de podcast est \u00e9quip\u00e9 d&#8217;un microphone \u00e0 condensateur, d&#8217;un support de bras \u00e0 ciseaux suspendu r\u00e9glable, d&#8217;un support d&#8217;amortisseur, d&#8217;un capuchon en mousse coupe-vent, d&#8217;un cordon d&#8217;alimentation et d&#8217;une carte son en direct. Convient pour le podcasting, la diffusion en direct, le streaming, l&#8217;enregistrement de musique et les vid\u00e9os courtes.<br \/>\n&#8211; Excellente qualit\u00e9 sonore : excellente performance audio pour un son cristallin. Haute sensibilit\u00e9 et rapport signal\/bruit capturent chaque mot clairement et clairement. Le motif cardio\u00efde capture l&#8217;audio devant la source sonore tout en supprimant les bruits ind\u00e9sirables pour assurer un enregistrement sonore clair et riche. Id\u00e9al pour les d\u00e9butants en streaming en direct, chat en ligne sur Twitch et cr\u00e9ation de vid\u00e9os YouTube\/Tiktok.<br \/>\n&#8211; USB Plug and Play : le kit de microphone \u00e0 condensateur USB est facile \u00e0 installer, plug and play et peut r\u00e9pondre \u00e0 vos diff\u00e9rents besoins. Il peut fonctionner automatiquement avec votre ordinateur portable Mac ou Windows \u2013 aucune alimentation fant\u00f4me n\u00e9cessaire. Fournit un syst\u00e8me simple et efficace pour le chant, les podcasts, les voix et les applications vocales.<br \/>\n&#8211; Effets sonores riches : ce kit de podcast offre quatre modificateurs de voix (femelle, m\u00e2le, enfant et monstre) qui vous permettent de personnaliser votre voix et de profiter de 12 effets sonores amusants tels que les applaudissements, les rires et les acclamations. Am\u00e9liorez l&#8217;atmosph\u00e8re de votre transmission en direct et rendez votre contenu plus attrayant !<br \/>\n&#8211; Cr\u00e9\u00e9 pour la diffusion en direct : cinq canaux ind\u00e9pendants sur le mixeur peuvent contr\u00f4ler individuellement le volume des canaux de microphone, d&#8217;entr\u00e9e ligne, casque et ligne de sortie. 2 sons modifiables (aigus, basses) rendent cette interface audio plus amusante et r\u00e9pondent \u00e0 plus de besoins d&#8217;enregistrement en direct.<br \/>\n&#8211; Compatible avec la plupart des syst\u00e8mes d&#8217;exploitation : ce kit d&#8217;\u00e9quipement de podcast peut \u00eatre utilis\u00e9 dans la plupart des syst\u00e8mes d&#8217;exploitation courants et est compatible avec Windows, iOS, Android, etc. L&#8217;interface audio peut \u00eatre utilis\u00e9e avec n&#8217;importe quel t\u00e9l\u00e9phone portable, ordinateur, tablette, iPad, casque, microphone, r\u00e9pondant ainsi aux exigences de la plupart des appareils dont vous avez besoin.<\/p>\n","protected":false},"excerpt":{"rendered":"<p>publicit\u00e9Microphone podcast, interface audio avec design cardio\u00efde BM800, microphone pour joueurs et table de mixage tout-en-un, parfait pour le podcasting, l&#8217;enregistrement, le chant, le streaming et les<\/p>\n","protected":false},"featured_media":11258,"comment_status":"open","ping_status":"closed","template":"","meta":[],"product_cat":[15],"product_tag":[],"class_list":{"0":"post-11259","1":"product","2":"type-product","3":"status-publish","4":"has-post-thumbnail","6":"product_cat-sin-categorizar","7":"nodate","8":"item-wrap","10":"first","11":"instock","12":"shipping-taxable","13":"product-type-external"},"_links":{"self":[{"href":"https:\/\/lofimusic.com.es\/index.php\/wp-json\/wp\/v2\/product\/11259","targetHints":{"allow":["GET"]}}],"collection":[{"href":"https:\/\/lofimusic.com.es\/index.php\/wp-json\/wp\/v2\/product"}],"about":[{"href":"https:\/\/lofimusic.com.es\/index.php\/wp-json\/wp\/v2\/types\/product"}],"replies":[{"embeddable":true,"href":"https:\/\/lofimusic.com.es\/index.php\/wp-json\/wp\/v2\/comments?post=11259"}],"wp:featuredmedia":[{"embeddable":true,"href":"https:\/\/lofimusic.com.es\/index.php\/wp-json\/wp\/v2\/media\/11258"}],"wp:attachment":[{"href":"https:\/\/lofimusic.com.es\/index.php\/wp-json\/wp\/v2\/media?parent=11259"}],"wp:term":[{"taxonomy":"product_cat","embeddable":true,"href":"https:\/\/lofimusic.com.es\/index.php\/wp-json\/wp\/v2\/product_cat?post=11259"},{"taxonomy":"product_tag","embeddable":true,"href":"https:\/\/lofimusic.com.es\/index.php\/wp-json\/wp\/v2\/product_tag?post=11259"}],"curies":[{"name":"wp","href":"https:\/\/api.w.org\/{rel}","templated":true}]}}