{"id":11257,"date":"2025-02-11T12:15:36","date_gmt":"2025-02-11T12:15:36","guid":{"rendered":"https:\/\/lofimusic.com.es\/index.php\/producto\/b0dg979ztn_es\/"},"modified":"2025-02-11T12:15:36","modified_gmt":"2025-02-11T12:15:36","slug":"b0dg979ztn_es","status":"publish","type":"product","link":"https:\/\/lofimusic.com.es\/index.php\/producto\/b0dg979ztn_es\/","title":{"rendered":"B0DG979ZTN_ES"},"content":{"rendered":"<p>&#8211; Flexibilidad y compatibilidad:El micr\u00f3fono es compatible con Android con puerto de carga USB C\/Tipo C.Puede utilizarse para grabaci\u00f3n de video, transmisiones en vivo, producci\u00f3n de podcasts, vlogs, YouTube\/TikTok, entre otros.<br \/>\n&#8211; Transmisi\u00f3n a 20m&amp;Reducci\u00f3n del Ruido\uff1aEl microfono inalambrico solapa no necesita cables y proporciona una se\u00f1al de audio estable hasta 20 m.El microfono solapa inal\u00e1mbrico est\u00e1 equipado con un chipset avanzado que anula eficazmente el ruido de fondo y capta de forma inteligente el sonido de destino, lo que le proporciona un mejor sonido para sus v\u00eddeos.La esponja y la funda antiviento de felpa reducen el ruido del viento y los plosivos<br \/>\n&#8211; Conexi\u00f3n Autom\u00e1tica &amp; Plug-Play\uff1aEl microfono inalambrico movil es m\u00e1s f\u00e1cil de configurar. Plug and play, sin adaptador, Bluetooth o aplicaci\u00f3n requerida, simplemente conecte el receptor en su dispositivo.Encienda el micro para movil y las dos partes se emparejar\u00e1n autom\u00e1ticamente.<br \/>\n&#8211; Micros inalambricos tiempo de trabajo de hasta 8 horas\uff1aMicro Solapa Inalambrico extremadamente compacto, liviano y se puede sujetar f\u00e1cilmente a una camisa o deslizarse en un bolsillo. El sistema de Microfono Solapa para Smartphone admite un tiempo de trabajo de hasta 6 horas, a trav\u00e9s de carga USB, ideal para transmisi\u00f3n en vivo al aire libre, entrevistas, grabaci\u00f3n de YouTube, lecci\u00f3n en l\u00ednea, etc.<\/p>\n","protected":false},"excerpt":{"rendered":"<p>Publicidad Micr\u00f3fono Inal\u00e1mbrico Solapa para Android, Mini Micr\u00f3fono Plug-Play,Pack 1 Micr\u00f3fonos Profesionales de Solapa port\u00e1til, Port\u00e1til Micr\u00f3fono para Grabaci\u00f3n de Video, Youtube, TikTok, Vlog, Facebook<\/p>\n","protected":false},"featured_media":11256,"comment_status":"open","ping_status":"closed","template":"","meta":[],"product_cat":[15],"product_tag":[],"class_list":{"0":"post-11257","1":"product","2":"type-product","3":"status-publish","4":"has-post-thumbnail","6":"product_cat-sin-categorizar","7":"nodate","8":"item-wrap","10":"first","11":"instock","12":"shipping-taxable","13":"product-type-external"},"_links":{"self":[{"href":"https:\/\/lofimusic.com.es\/index.php\/wp-json\/wp\/v2\/product\/11257","targetHints":{"allow":["GET"]}}],"collection":[{"href":"https:\/\/lofimusic.com.es\/index.php\/wp-json\/wp\/v2\/product"}],"about":[{"href":"https:\/\/lofimusic.com.es\/index.php\/wp-json\/wp\/v2\/types\/product"}],"replies":[{"embeddable":true,"href":"https:\/\/lofimusic.com.es\/index.php\/wp-json\/wp\/v2\/comments?post=11257"}],"wp:featuredmedia":[{"embeddable":true,"href":"https:\/\/lofimusic.com.es\/index.php\/wp-json\/wp\/v2\/media\/11256"}],"wp:attachment":[{"href":"https:\/\/lofimusic.com.es\/index.php\/wp-json\/wp\/v2\/media?parent=11257"}],"wp:term":[{"taxonomy":"product_cat","embeddable":true,"href":"https:\/\/lofimusic.com.es\/index.php\/wp-json\/wp\/v2\/product_cat?post=11257"},{"taxonomy":"product_tag","embeddable":true,"href":"https:\/\/lofimusic.com.es\/index.php\/wp-json\/wp\/v2\/product_tag?post=11257"}],"curies":[{"name":"wp","href":"https:\/\/api.w.org\/{rel}","templated":true}]}}