{"id":11255,"date":"2025-02-11T11:53:22","date_gmt":"2025-02-11T11:53:22","guid":{"rendered":"https:\/\/lofimusic.com.es\/index.php\/producto\/b0dqkxhrzx_es-3\/"},"modified":"2025-02-11T11:53:22","modified_gmt":"2025-02-11T11:53:22","slug":"b0dqkxhrzx_es-3","status":"publish","type":"product","link":"https:\/\/lofimusic.com.es\/index.php\/producto\/b0dqkxhrzx_es-3\/","title":{"rendered":"B0DQKXHRZX_ES"},"content":{"rendered":"<p>&#8211; DOBLE FUNCI\u00d3N: Recortador de vello nasal y facial 2 en 1, dise\u00f1ado para recortar el vello de la nariz, las orejas y las cejas de manera segura y c\u00f3moda.<br \/>\n&#8211; RECARGABLE Y PORT\u00c1TIL: Bater\u00eda recargable por USB para un uso inal\u00e1mbrico y port\u00e1til, ideal para viajes y uso en cualquier lugar.<br \/>\n&#8211; CUCHILLAS DUALES: Cuchillas de acero inoxidable duales y afiladas para un recorte preciso y eficiente del vello.<br \/>\n&#8211; IMPERMEABLE IPX7: Dise\u00f1o impermeable IPX7 que permite su uso en la ducha o el ba\u00f1o sin preocupaciones.<br \/>\n&#8211; POTENCIA Y SEGURIDAD: Motor de 10.000 RPM para un recorte r\u00e1pido y suave, con protecci\u00f3n contra sobrecalentamiento para mayor seguridad.<\/p>\n","protected":false},"excerpt":{"rendered":"<p>Publicidad Recortadora de Pelo Nariz y Orejas 2 en 1 Recargable, Recortadora de Cejas y Vello Facial Impermeable IPX7, Recortadora de Pelo Port\u00e1til con Cuchillas Duales de 10000 RPM<\/p>\n","protected":false},"featured_media":11254,"comment_status":"open","ping_status":"closed","template":"","meta":[],"product_cat":[15],"product_tag":[],"class_list":{"0":"post-11255","1":"product","2":"type-product","3":"status-publish","4":"has-post-thumbnail","6":"product_cat-sin-categorizar","7":"nodate","8":"item-wrap","10":"first","11":"instock","12":"shipping-taxable","13":"product-type-external"},"_links":{"self":[{"href":"https:\/\/lofimusic.com.es\/index.php\/wp-json\/wp\/v2\/product\/11255","targetHints":{"allow":["GET"]}}],"collection":[{"href":"https:\/\/lofimusic.com.es\/index.php\/wp-json\/wp\/v2\/product"}],"about":[{"href":"https:\/\/lofimusic.com.es\/index.php\/wp-json\/wp\/v2\/types\/product"}],"replies":[{"embeddable":true,"href":"https:\/\/lofimusic.com.es\/index.php\/wp-json\/wp\/v2\/comments?post=11255"}],"wp:featuredmedia":[{"embeddable":true,"href":"https:\/\/lofimusic.com.es\/index.php\/wp-json\/wp\/v2\/media\/11254"}],"wp:attachment":[{"href":"https:\/\/lofimusic.com.es\/index.php\/wp-json\/wp\/v2\/media?parent=11255"}],"wp:term":[{"taxonomy":"product_cat","embeddable":true,"href":"https:\/\/lofimusic.com.es\/index.php\/wp-json\/wp\/v2\/product_cat?post=11255"},{"taxonomy":"product_tag","embeddable":true,"href":"https:\/\/lofimusic.com.es\/index.php\/wp-json\/wp\/v2\/product_tag?post=11255"}],"curies":[{"name":"wp","href":"https:\/\/api.w.org\/{rel}","templated":true}]}}