{"id":11251,"date":"2025-02-11T11:40:11","date_gmt":"2025-02-11T11:40:11","guid":{"rendered":"https:\/\/lofimusic.com.es\/index.php\/producto\/b0d9npqf65_es-2\/"},"modified":"2025-02-11T11:40:11","modified_gmt":"2025-02-11T11:40:11","slug":"b0d9npqf65_es-2","status":"publish","type":"product","link":"https:\/\/lofimusic.com.es\/index.php\/producto\/b0d9npqf65_es-2\/","title":{"rendered":"B0D9NPQF65_ES"},"content":{"rendered":"<p>&#8211; \u3010Cargador USB C 3 en 1\u3011El cargador USB C de 3 puertos soporta una salida total de hasta 130W, tiene 2 puertos USB C y 1 puerto USB A, permite a los usuarios cargar el tel\u00e9fono, la tableta y los auriculares simult\u00e1neamente para minimizar el tiempo de espera. Tambi\u00e9n es un gran ahorro de espacio, en lugar de ocupar 3 tomas de pared. (Nota: No cargue dispositivos de la serie iWatch y otros dispositivos al mismo tiempo)<br \/>\n&#8211; \u301065W Carga Ultra R\u00e1pida\u3011El enchufe USB C ofrece hasta 65 W de potencia de carga para cargar r\u00e1pidamente una amplia gama de dispositivos. Compatible con todos los port\u00e1tiles USB-C. Tambi\u00e9n compatible con la carga r\u00e1pida Apple 20W y Samsung PPS 45W. (Nota: cuando se conectan varios dispositivos, el cargador selecciona el protocolo de carga r\u00e1pida correcto y se desconecta 2-3 veces antes de entrar en carga r\u00e1pida para garantizar la seguridad)<br \/>\n&#8211; \u3010Nueva Tecnolog\u00eda de Chip GaN III\u3011La tecnolog\u00eda GaN de nueva generaci\u00f3n ofrece una experiencia de carga m\u00e1s r\u00e1pida y potente. No solo reduce el tama\u00f1o y el peso del cargador, sino que tambi\u00e9n genera menos calor, reduce eficazmente el consumo de energ\u00eda, mejora enormemente la eficiencia de la carga y hacer la recarga m\u00e1s segura, eficiente y c\u00f3moda.<br \/>\n&#8211; \u3010Sistema de Protecci\u00f3n M\u00faltiple\u3011Circuitos inteligentes integrados para ajustar de forma inteligente la tensi\u00f3n, la corriente y la potencia de salida mediante la tecnolog\u00eda BPS. Se apaga autom\u00e1ticamente cuando est\u00e1 completamente cargado para protegerle a usted y a su equipo de cortocircuitos, sobrecalentamiento, sobrecorrientes y sobrecargas. Este cargador USB C multiprotecci\u00f3n se ha probado miles de veces para garantizar que su uso es seguro.<br \/>\n&#8211; \u3010Compacto y Port\u00e1til\u3011El cargador USB C s\u00f3lo necesita un enchufe para mantener cargados varios dispositivos electr\u00f3nicos sin tener que llevar varios cargadores voluminosos. El cargador USB tiene un dise\u00f1o ultracompacto para una mayor portabilidad. Cabe perfectamente en la maleta para llevarlo de viaje. [Dimensiones: 6,35 cm x 3,81 cm x 2,8 cm y peso de 124 g].<br \/>\n&#8211; \u3010Amplia Compatibilidad\u3011Este cargador USB de pared es compatible con MacBook Pro, MacBook Air M2, iPad Pro\/ iPad Air, iPhone 16\/ 16 Pro\/ 16 Pro Max\/ iPhone 15\/ 15 Pro\/ 15 Pro Max\/ iPhone 14\/ 14 Pro\/ 14 Pro Max\/ SE 2022\/ 1 3\/ 1 3 Pro\/ 1 3 Pro Max\/ 12\/ 12Pro\/ 11\/ XR\/ XS\/ 8\/ 8+, Galaxy S23 Ultra\/ S23+\/ S23\/ S22\/ S22+\/ S22 Ultra\/ S21 Ultra\/ S21\/ S20 FE\/ S20+\/ S20\/ Note 20\/ Note 20 Ultra, Galaxy Tab S7\/ S7+\/ S6\/ S5e, Huawei P30 Lite\/ P30\/ P20\/ P20 Lite\/ P20, Google Pixel 7 Pro, etc.<br \/>\n&#8211; \u3010Qu\u00e9 Obtiene: 24 Meses de Garant\u00eda\u30111 x cargador GaN USB-C, 1 x manual de usuario del cargador de pared(Nota: cable de carga no incluido). Ofrecemos una garant\u00eda total, por favor no dude en ponerse en contacto con nosotros si tiene alguna pregunta y vamos a resolver cualquier problema de calidad con un reemplazo o reembolso.<\/p>\n","protected":false},"excerpt":{"rendered":"<p>Publicidad Cargador USB C 130W, PD QC GaN III Cargador USB de Pared con 3 Puertos, Enchufe USB C Carga R\u00e1pido 65W Compatible con MacBook Pro\/Air, Dell XPS, iPhone 16\/15\/14, iPad Pro, Galaxy S23, Switch etc-Negro<\/p>\n","protected":false},"featured_media":11250,"comment_status":"open","ping_status":"closed","template":"","meta":[],"product_cat":[15],"product_tag":[],"class_list":{"0":"post-11251","1":"product","2":"type-product","3":"status-publish","4":"has-post-thumbnail","6":"product_cat-sin-categorizar","7":"nodate","8":"item-wrap","10":"first","11":"instock","12":"shipping-taxable","13":"product-type-external"},"_links":{"self":[{"href":"https:\/\/lofimusic.com.es\/index.php\/wp-json\/wp\/v2\/product\/11251","targetHints":{"allow":["GET"]}}],"collection":[{"href":"https:\/\/lofimusic.com.es\/index.php\/wp-json\/wp\/v2\/product"}],"about":[{"href":"https:\/\/lofimusic.com.es\/index.php\/wp-json\/wp\/v2\/types\/product"}],"replies":[{"embeddable":true,"href":"https:\/\/lofimusic.com.es\/index.php\/wp-json\/wp\/v2\/comments?post=11251"}],"wp:featuredmedia":[{"embeddable":true,"href":"https:\/\/lofimusic.com.es\/index.php\/wp-json\/wp\/v2\/media\/11250"}],"wp:attachment":[{"href":"https:\/\/lofimusic.com.es\/index.php\/wp-json\/wp\/v2\/media?parent=11251"}],"wp:term":[{"taxonomy":"product_cat","embeddable":true,"href":"https:\/\/lofimusic.com.es\/index.php\/wp-json\/wp\/v2\/product_cat?post=11251"},{"taxonomy":"product_tag","embeddable":true,"href":"https:\/\/lofimusic.com.es\/index.php\/wp-json\/wp\/v2\/product_tag?post=11251"}],"curies":[{"name":"wp","href":"https:\/\/api.w.org\/{rel}","templated":true}]}}