{"id":11249,"date":"2025-02-11T11:30:57","date_gmt":"2025-02-11T11:30:57","guid":{"rendered":"https:\/\/lofimusic.com.es\/index.php\/producto\/b0dl5sv5x9_es\/"},"modified":"2025-02-11T11:30:57","modified_gmt":"2025-02-11T11:30:57","slug":"b0dl5sv5x9_es","status":"publish","type":"product","link":"https:\/\/lofimusic.com.es\/index.php\/producto\/b0dl5sv5x9_es\/","title":{"rendered":"B0DL5SV5X9_ES"},"content":{"rendered":"","protected":false},"excerpt":{"rendered":"<p>Publicidad Hlfoaih Monitor Inteligente Hlfoaih con reducci\u00f3n de Ruido, 135 g Compacto y port\u00e1til, Sensor avanzado, Pantalla Grande LED de Alta definici\u00f3n<\/p>\n","protected":false},"featured_media":11248,"comment_status":"open","ping_status":"closed","template":"","meta":[],"product_cat":[15],"product_tag":[],"class_list":{"0":"post-11249","1":"product","2":"type-product","3":"status-publish","4":"has-post-thumbnail","6":"product_cat-sin-categorizar","7":"nodate","8":"item-wrap","10":"first","11":"instock","12":"shipping-taxable","13":"product-type-external"},"_links":{"self":[{"href":"https:\/\/lofimusic.com.es\/index.php\/wp-json\/wp\/v2\/product\/11249","targetHints":{"allow":["GET"]}}],"collection":[{"href":"https:\/\/lofimusic.com.es\/index.php\/wp-json\/wp\/v2\/product"}],"about":[{"href":"https:\/\/lofimusic.com.es\/index.php\/wp-json\/wp\/v2\/types\/product"}],"replies":[{"embeddable":true,"href":"https:\/\/lofimusic.com.es\/index.php\/wp-json\/wp\/v2\/comments?post=11249"}],"wp:featuredmedia":[{"embeddable":true,"href":"https:\/\/lofimusic.com.es\/index.php\/wp-json\/wp\/v2\/media\/11248"}],"wp:attachment":[{"href":"https:\/\/lofimusic.com.es\/index.php\/wp-json\/wp\/v2\/media?parent=11249"}],"wp:term":[{"taxonomy":"product_cat","embeddable":true,"href":"https:\/\/lofimusic.com.es\/index.php\/wp-json\/wp\/v2\/product_cat?post=11249"},{"taxonomy":"product_tag","embeddable":true,"href":"https:\/\/lofimusic.com.es\/index.php\/wp-json\/wp\/v2\/product_tag?post=11249"}],"curies":[{"name":"wp","href":"https:\/\/api.w.org\/{rel}","templated":true}]}}