{"id":11247,"date":"2025-02-11T08:28:09","date_gmt":"2025-02-11T08:28:09","guid":{"rendered":"https:\/\/lofimusic.com.es\/index.php\/producto\/b0ddbs9cgg_fr\/"},"modified":"2025-02-11T08:28:09","modified_gmt":"2025-02-11T08:28:09","slug":"b0ddbs9cgg_fr","status":"publish","type":"product","link":"https:\/\/lofimusic.com.es\/index.php\/producto\/b0ddbs9cgg_fr\/","title":{"rendered":"B0DDBS9CGG_FR"},"content":{"rendered":"<p>&#8211; Vibromasseur Sex Toy\u0301s Femme: petit gode vibro-masseur am\u00e9liorez votre plaisir avec notre vibromasseur sex toy\u0301s femme, con\u00e7u pour stimuler vos zones les plus sensibles.Ce petit vibromasseur sex toy\u0301s femme vibro-masseur extr\u00eamement sexuel dispose d&#8217;une pointe \u00e9troite qui se concentre sur le clitoris, la r\u00e9gion anale, les testicules, le gland et d&#8217;autres zones \u00e9rog\u00e8nes. Puoi usarlo come sex toys personale, vibromasseur, sextoy, dildo, sextoyse femme clitoridienne, fai raggiungere rapidamente l&#8217;orgasmo al clitoride.<br \/>\n&#8211; Vibromasseur, Femme Clitoridien Silencieux Et Puissant: D\u00e9couvrez la puissance incroyable de ce petit vibromasseur, femme clitoridien puissant avec ses 12 modes de vibrations diff\u00e9rents qui vous offrent une multitude d&#8217;options. Avec un niveau sonore de moins de 35 dB, ce vibromasseur, femme silencieux et vibromasseur, femme clitoridien puissant pour le clitoris vous permet de l&#8217;utiliser en toute confiance en public, sans attirer l&#8217;attention ind\u00e9sirable.<br \/>\n&#8211; Gode Vibro-Masseur: Sextoyse femme clitoridienne avec un design mince en forme de rouge parfait pour le plaisir en solo, les pr\u00e9liminaires. Petit vibromasseur, femme clitoridien puissant per viaggiare: il nostro mini vibratore a proiettile \u00e8 molto portatile e ha le dimensioni perfette per viaggiare: 4,72 pollici di lunghezza e 1,2 pollici di larghezza; Glissez-le facilement dans votre sac \u00e0 main ou votre valise et profitez du plaisir o\u00f9 que vous alliez.<br \/>\n&#8211; Vibromasseurs Recharge Rapide: Rechargez facilement les batteries de notre vibromasseur, femme clitoridien puissant avec le c\u00e2ble de chargement USB inclus. Il vous suffit de le connecter \u00e0 votre PC, ordinateur portable ou adaptateur USB, ce qui rend la charge du vibromasseurs beaucoup plus facile. Que vous l&#8217;utilisiez comme gode vibro-masseur, sextoyse femme clitoridienne, sex toy\u0301s couple ou comme classique petit vibromasseur. Le sex toy\u0301s femme est con\u00e7u pour r\u00e9pondre \u00e0 vos besoins.<br \/>\n&#8211; Mat\u00e9riau S\u00e9curitaire &amp; 100% \u00c9tanche: Le vibromasseur, femme clitoridien en forme de bullet est fabriqu\u00e9 en silicone respectueux de la peau, offrant une exp\u00e9rience hygi\u00e9nique et douce tout en vous assurant un confort et une s\u00e9curit\u00e9 optimaux pendant l&#8217;utilisation. Il est 100% \u00e9tanche. Le sex toy\u0301s femme clitoridien est sp\u00e9cialement con\u00e7u pour offrir une stimulation pr\u00e9cise du point G et du clitoris. Enrichissez vos moments intimes avec ces vibromasseur, femme silencieux.<\/p>\n","protected":false},"excerpt":{"rendered":"<p>publicit\u00e9Vibromasseur, Femme Clitoridien Puissant Silencieux Sex Toy\u0301s Femme 12 Portable Bullet Gode Vibro-Masseur Mini Petit Vibromasseurs Sextoyse Femme Clitoridienne Dildo Sextoy Femme Anal (Azul)<\/p>\n","protected":false},"featured_media":11246,"comment_status":"open","ping_status":"closed","template":"","meta":[],"product_cat":[15],"product_tag":[],"class_list":{"0":"post-11247","1":"product","2":"type-product","3":"status-publish","4":"has-post-thumbnail","6":"product_cat-sin-categorizar","7":"nodate","8":"item-wrap","10":"first","11":"instock","12":"shipping-taxable","13":"product-type-external"},"_links":{"self":[{"href":"https:\/\/lofimusic.com.es\/index.php\/wp-json\/wp\/v2\/product\/11247","targetHints":{"allow":["GET"]}}],"collection":[{"href":"https:\/\/lofimusic.com.es\/index.php\/wp-json\/wp\/v2\/product"}],"about":[{"href":"https:\/\/lofimusic.com.es\/index.php\/wp-json\/wp\/v2\/types\/product"}],"replies":[{"embeddable":true,"href":"https:\/\/lofimusic.com.es\/index.php\/wp-json\/wp\/v2\/comments?post=11247"}],"wp:featuredmedia":[{"embeddable":true,"href":"https:\/\/lofimusic.com.es\/index.php\/wp-json\/wp\/v2\/media\/11246"}],"wp:attachment":[{"href":"https:\/\/lofimusic.com.es\/index.php\/wp-json\/wp\/v2\/media?parent=11247"}],"wp:term":[{"taxonomy":"product_cat","embeddable":true,"href":"https:\/\/lofimusic.com.es\/index.php\/wp-json\/wp\/v2\/product_cat?post=11247"},{"taxonomy":"product_tag","embeddable":true,"href":"https:\/\/lofimusic.com.es\/index.php\/wp-json\/wp\/v2\/product_tag?post=11247"}],"curies":[{"name":"wp","href":"https:\/\/api.w.org\/{rel}","templated":true}]}}