{"id":11243,"date":"2025-02-10T23:56:42","date_gmt":"2025-02-10T23:56:42","guid":{"rendered":"https:\/\/lofimusic.com.es\/index.php\/producto\/b0dvcgcn11_de\/"},"modified":"2025-02-10T23:56:42","modified_gmt":"2025-02-10T23:56:42","slug":"b0dvcgcn11_de","status":"publish","type":"product","link":"https:\/\/lofimusic.com.es\/index.php\/producto\/b0dvcgcn11_de\/","title":{"rendered":"B0DVCGCN11_DE"},"content":{"rendered":"<p>&#8211; \u3030\ud83e\uddb5\u3010EMS Fu\u00dfmassageger\u00e4t\u3011 Elektrisches Massageger\u00e4t f\u00fcr die F\u00fc\u00dfe verwendet niederfrequente Impulse, um die Durchblutung zu f\u00f6rdern, stimuliert Ihren Akupunkturpunkt, reduzieren Sie die Beinmuskelschw\u00e4che,entspannt die F\u00fc\u00dfe, die Achillessehnen- und Wadenmuskulatur\uff0cSchmerzen und M\u00fcdigkeit lindern. W\u00e4hrend des Gebrauchs k\u00f6nnen Sie die Matte nicht verlassen, da die Matte sonst nicht mehr funktioniert<br \/>\n&#8211; \u3030\ud83e\uddb5\u3010Mehrere Massagemodi\u30118 Modi, 19 Gangintensit\u00e4ten, einfach einzustellen, bequem. 8 Modi Muskelstimulator, H\u00e4mmern, Massieren, Schaben, Ellbogendruck, Akupunktur, Schr\u00f6pfen. Kann schnell Schmerzen lindern, k\u00f6rperliche und geistige Ersch\u00f6pfung verlangsamen und den Schlaf verbessern k\u00f6nnen<br \/>\n&#8211; \u3030\ud83e\uddb5\u3010Einfach zu benutzen\u3011Das EMS-Fu\u00dfmassageger\u00e4t besteht aus einer weichen und bequemen Yogamatte mit einer Lederoberfl\u00e4che. Die Fu\u00dfmassagematte ist ger\u00e4uscharm und arbeitet leise. Nach dem Gebrauch k\u00f6nnen Sie die Oberfl\u00e4che mit einem feuchten Handtuch abtrocknen,besonders geeignet f\u00fcr Menschen mit wunden F\u00fc\u00dfen,kalten Fu\u00dfsohlen und Unwohlsein.<br \/>\n&#8211; \u3030\ud83e\uddb5\u3010Hohe Leistung\u3011Dieses fu\u00dfmassagekissen f\u00f6rdert die muskelkontraktion, indem es die akupunkturpunkte auf der fu\u00dfsohle stimuliert, sodass sie sich wohl f\u00fchlen und Ihre f\u00fc\u00dfeges und halten. Es ist leicht zu tragen, es ist bequem f\u00fcr sie, ein komfortables massageerlebnis im b\u00fcro und zu hause zu genie\u00dfen, die massagekosten zu sparen und wirtschaftlich zu sein.<br \/>\n&#8211; \u3030\ud83e\uddb5\u3010leicht und tragbar\u3011Dieses weiche und bequeme Fu\u00dfpedal ist leicht und faltbar und kann einfach mitgenommen werden. Wenn Sie Ihre F\u00fc\u00dfe entspannen oder Beinschmerzen lindern wollen, k\u00f6nnen Sie das Fu\u00dfmassageger\u00e4t mitnehmen. Es kann \u00fcber USB aufgeladen werden, um die Nutzung zu erleichtern.<\/p>\n","protected":false},"excerpt":{"rendered":"<p>Werbung<br \/>\nEMS Fu\u00dfmassageger\u00e4t,Fu\u00dfmassageger\u00e4t Elektrisch,Faltbares und Tragbares Elektrisches Fu\u00dfmassageger\u00e4t zur Durchblutungs-und Muskelschmerzlinderung,8 Modi und 19 Intensit\u00e4ten(Charging Type)<\/p>\n","protected":false},"featured_media":11242,"comment_status":"open","ping_status":"closed","template":"","meta":[],"product_cat":[15],"product_tag":[],"class_list":{"0":"post-11243","1":"product","2":"type-product","3":"status-publish","4":"has-post-thumbnail","6":"product_cat-sin-categorizar","7":"nodate","8":"item-wrap","10":"first","11":"instock","12":"shipping-taxable","13":"product-type-external"},"_links":{"self":[{"href":"https:\/\/lofimusic.com.es\/index.php\/wp-json\/wp\/v2\/product\/11243","targetHints":{"allow":["GET"]}}],"collection":[{"href":"https:\/\/lofimusic.com.es\/index.php\/wp-json\/wp\/v2\/product"}],"about":[{"href":"https:\/\/lofimusic.com.es\/index.php\/wp-json\/wp\/v2\/types\/product"}],"replies":[{"embeddable":true,"href":"https:\/\/lofimusic.com.es\/index.php\/wp-json\/wp\/v2\/comments?post=11243"}],"wp:featuredmedia":[{"embeddable":true,"href":"https:\/\/lofimusic.com.es\/index.php\/wp-json\/wp\/v2\/media\/11242"}],"wp:attachment":[{"href":"https:\/\/lofimusic.com.es\/index.php\/wp-json\/wp\/v2\/media?parent=11243"}],"wp:term":[{"taxonomy":"product_cat","embeddable":true,"href":"https:\/\/lofimusic.com.es\/index.php\/wp-json\/wp\/v2\/product_cat?post=11243"},{"taxonomy":"product_tag","embeddable":true,"href":"https:\/\/lofimusic.com.es\/index.php\/wp-json\/wp\/v2\/product_tag?post=11243"}],"curies":[{"name":"wp","href":"https:\/\/api.w.org\/{rel}","templated":true}]}}