{"id":11241,"date":"2025-02-10T23:56:36","date_gmt":"2025-02-10T23:56:36","guid":{"rendered":"https:\/\/lofimusic.com.es\/index.php\/producto\/b0dp2t6ymx_de\/"},"modified":"2025-02-10T23:56:36","modified_gmt":"2025-02-10T23:56:36","slug":"b0dp2t6ymx_de","status":"publish","type":"product","link":"https:\/\/lofimusic.com.es\/index.php\/producto\/b0dp2t6ymx_de\/","title":{"rendered":"B0DP2T6YMX_DE"},"content":{"rendered":"<p>&#8211; 1080P HD Aufl\u00f6sung: Unsere Mini kamera nimmt 1920 x 1080p HD &#8211; Videos mit 30 Bildern pro Sekunde auf. Die Bilder sind von beeindruckender Klarheit und Detailtreue. Egal, ob im B\u00fcro, auf Reisen oder in Lagerh\u00e4usern, die Kamera eignet sich f\u00fcr jede Situation.<br \/>\n&#8211; Kompakt und Extrem Tragbar: Mini-Kamera ist der Helfer f\u00fcr Anl\u00e4sse. Mit einer winzigen Gr\u00f6\u00dfe von nur 4,7 x 2,6 x 1,4 cm und einem ultraleichten Gewicht von lediglich 17 g nimmt sie kaum Platz ein und belastet Sie nicht im Geringsten. Egal, ob Sie t\u00e4glich pendeln, auf langen Reisen sind oder in Ihrem Gesch\u00e4ft arbeiten, diese Kamera l\u00e4sst sich m\u00fchelos tragen.<br \/>\n&#8211; Bewegungserkennung: Der Bewegungserkennungsmodus der Mini kamera ist intelligent. Die Kamera beginnt nur dann mit der Aufnahme, wenn sie erkennt, dass sich ein Objekt bewegt. Durch die Vermeidung ineffizienter Aufnahmen kann mehr Speicherplatz gespart werden. Die Kamera unterst\u00fctzt auch TF-Karten mit einer Kapazit\u00e4t von bis zu 512 GB. (TF-Karte ist nicht im Lieferumfang enthalten)<br \/>\n&#8211; Loop-Aufnahme: Unsere Mini kamera unterst\u00fctzt Loop-Aufnahme. In diesem Modus wird das Video automatisch alle 5 Minuten gespeichert. Wenn die Speicherkartenkapazit\u00e4t voll ist, m\u00fcssen Sie das Video nicht manuell l\u00f6schen, die neue Videodatei \u00fcberschreibt automatisch die \u00e4lteste Videodatei.<br \/>\n&#8211; Ein-Taste-Bedienung: Mini kamera verf\u00fcgt \u00fcber nur einen Steuerknopf und wird mit einem detaillierten Bedienungsanleitungskit geliefert. Es ist weder eine Wi-Fi-Verbindung noch die Installation einer App erforderlich. Alles, was Sie tun m\u00fcssen, ist, eine formatierte TF-Karte einzustecken und dann einfach auf den Knopf zu dr\u00fccken, um die HD-Aufzeichnung zu starten. Keine umst\u00e4ndlichen Einstellungen oder lange Wartezeiten!<\/p>\n","protected":false},"excerpt":{"rendered":"<p>Werbung<br \/>\nCKKYBB Mini Kamera, Mini-Kamera &#8211; Video\u00fcberwachung, 1080P HD \u00dcberwachungskamera Innen, Kompakte kleine Kamera Mit Akku und Bewegungserkennung Tragbare Mini Kamera (Kein WLAN und TF-Karte)<\/p>\n","protected":false},"featured_media":11240,"comment_status":"open","ping_status":"closed","template":"","meta":[],"product_cat":[15],"product_tag":[],"class_list":{"0":"post-11241","1":"product","2":"type-product","3":"status-publish","4":"has-post-thumbnail","6":"product_cat-sin-categorizar","7":"nodate","8":"item-wrap","10":"first","11":"instock","12":"shipping-taxable","13":"product-type-external"},"_links":{"self":[{"href":"https:\/\/lofimusic.com.es\/index.php\/wp-json\/wp\/v2\/product\/11241","targetHints":{"allow":["GET"]}}],"collection":[{"href":"https:\/\/lofimusic.com.es\/index.php\/wp-json\/wp\/v2\/product"}],"about":[{"href":"https:\/\/lofimusic.com.es\/index.php\/wp-json\/wp\/v2\/types\/product"}],"replies":[{"embeddable":true,"href":"https:\/\/lofimusic.com.es\/index.php\/wp-json\/wp\/v2\/comments?post=11241"}],"wp:featuredmedia":[{"embeddable":true,"href":"https:\/\/lofimusic.com.es\/index.php\/wp-json\/wp\/v2\/media\/11240"}],"wp:attachment":[{"href":"https:\/\/lofimusic.com.es\/index.php\/wp-json\/wp\/v2\/media?parent=11241"}],"wp:term":[{"taxonomy":"product_cat","embeddable":true,"href":"https:\/\/lofimusic.com.es\/index.php\/wp-json\/wp\/v2\/product_cat?post=11241"},{"taxonomy":"product_tag","embeddable":true,"href":"https:\/\/lofimusic.com.es\/index.php\/wp-json\/wp\/v2\/product_tag?post=11241"}],"curies":[{"name":"wp","href":"https:\/\/api.w.org\/{rel}","templated":true}]}}