{"id":11237,"date":"2025-02-10T19:03:40","date_gmt":"2025-02-10T19:03:40","guid":{"rendered":"https:\/\/lofimusic.com.es\/index.php\/producto\/b09xk6lrgc_es\/"},"modified":"2025-02-10T19:03:40","modified_gmt":"2025-02-10T19:03:40","slug":"b09xk6lrgc_es","status":"publish","type":"product","link":"https:\/\/lofimusic.com.es\/index.php\/producto\/b09xk6lrgc_es\/","title":{"rendered":"B09XK6LRGC_ES"},"content":{"rendered":"<p>&#8211; Papel vintage hecho a mano: dentro de este diario encuadernado de cuero de 1.5 pulgadas de grosor descubrir\u00e1s 200 p\u00e1ginas sin forro (100 hojas) de papel antiguo grueso en blanco con borde de cubierta liso (color amarillento). Nuestro diario de cuero vintage con cerradura est\u00e1 hecho a mano.<br \/>\n&#8211; Dise\u00f1o hermoso y antiguo: nuestro diario est\u00e9tico hecho a mano est\u00e1 hecho de piel aut\u00e9ntica. El cierre de lat\u00f3n de colores le da a este cuaderno una sensaci\u00f3n m\u00e1gica de libro de hechizos. . Al estar hecho a mano de cuero 100% natural, nuestro diario de escritura puede variar en aspecto y sombra produciendo un art\u00edculo \u00fanico, no hay dos iguales. Nuestro hermoso diario de tapa dura es realmente \u00fanico y est\u00e1 dise\u00f1ado para cumplidos<br \/>\n&#8211; Regalo vintage perfecto: el cuaderno diario es un regalo personal perfecto para todas las edades. Puede ser libros antiguos para decoraci\u00f3n o bonito regalo para aniversario, graduaci\u00f3n, cumplea\u00f1os, etc. Este diario de cuero para hombres y mujeres ser\u00e1 un regalo Nobel para los amantes de la vendimia<br \/>\n&#8211; Nuestra creencia: la calidad de nuestros diarios de cuero y la satisfacci\u00f3n de nuestros clientes son nuestra m\u00e1xima prioridad. Este gran diario vintage ser\u00e1 una opci\u00f3n cl\u00e1sica para ti. Si no est\u00e1s satisfecho con la calidad de nuestro diario de cuero vintage, no dudes en ponerte en contacto con nosotros. Respaldamos todos nuestros productos.<\/p>\n","protected":false},"excerpt":{"rendered":"<p>Publicidad ALCRAFT Diario de libro de sombras en blanco con cierre de bloqueo, hecho a mano, con borde de cubierta antiguo, de papel, vintage, para mujeres y hombres, cuaderno de viaje para escribir (17 X 12 CM)<\/p>\n","protected":false},"featured_media":11236,"comment_status":"open","ping_status":"closed","template":"","meta":[],"product_cat":[15],"product_tag":[],"class_list":{"0":"post-11237","1":"product","2":"type-product","3":"status-publish","4":"has-post-thumbnail","6":"product_cat-sin-categorizar","7":"nodate","8":"item-wrap","10":"first","11":"instock","12":"shipping-taxable","13":"product-type-external"},"_links":{"self":[{"href":"https:\/\/lofimusic.com.es\/index.php\/wp-json\/wp\/v2\/product\/11237","targetHints":{"allow":["GET"]}}],"collection":[{"href":"https:\/\/lofimusic.com.es\/index.php\/wp-json\/wp\/v2\/product"}],"about":[{"href":"https:\/\/lofimusic.com.es\/index.php\/wp-json\/wp\/v2\/types\/product"}],"replies":[{"embeddable":true,"href":"https:\/\/lofimusic.com.es\/index.php\/wp-json\/wp\/v2\/comments?post=11237"}],"wp:featuredmedia":[{"embeddable":true,"href":"https:\/\/lofimusic.com.es\/index.php\/wp-json\/wp\/v2\/media\/11236"}],"wp:attachment":[{"href":"https:\/\/lofimusic.com.es\/index.php\/wp-json\/wp\/v2\/media?parent=11237"}],"wp:term":[{"taxonomy":"product_cat","embeddable":true,"href":"https:\/\/lofimusic.com.es\/index.php\/wp-json\/wp\/v2\/product_cat?post=11237"},{"taxonomy":"product_tag","embeddable":true,"href":"https:\/\/lofimusic.com.es\/index.php\/wp-json\/wp\/v2\/product_tag?post=11237"}],"curies":[{"name":"wp","href":"https:\/\/api.w.org\/{rel}","templated":true}]}}