{"id":11233,"date":"2025-02-10T18:53:30","date_gmt":"2025-02-10T18:53:30","guid":{"rendered":"https:\/\/lofimusic.com.es\/index.php\/producto\/b0csw2psct_es\/"},"modified":"2025-02-10T18:53:30","modified_gmt":"2025-02-10T18:53:30","slug":"b0csw2psct_es","status":"publish","type":"product","link":"https:\/\/lofimusic.com.es\/index.php\/producto\/b0csw2psct_es\/","title":{"rendered":"B0CSW2PSCT_ES"},"content":{"rendered":"<p>&#8211; \ud83c\udfd2 \u3010Materiales de alta calidad\u3011 Estas cintas de hockey est\u00e1n hechas de material de imitaci\u00f3n de algod\u00f3n, que es resistente al desgaste, antideslizante y tiene una larga vida \u00fatil.<br \/>\n&#8211; \ud83c\udfd2 \u3010Agarre fuerte\u3011 Estas cintas de hockey son muy profesionales, con un agarre fuerte y buena estabilidad. El uso de estos rollos de cinta de tela de hockey evitar\u00e1 que el taco se caiga de su mano y permitir\u00e1 un mejor control del disco cuando use cinta de hockey en sus s\u00e1banas.<br \/>\n&#8211; \ud83c\udfd2 \u3010Tama\u00f1o de corte libre\u3011 El tama\u00f1o de cada rollo de cinta de hockey es de 2,5 cm * 25 m (ancho * largo), que se puede cortar a una longitud adecuada de acuerdo con las necesidades reales. Los rollos de cinta de tela de hockey son lo suficientemente largos como para usarse varias veces y para una variedad de prop\u00f3sitos.<br \/>\n&#8211; \ud83c\udfd2 \u3010Ampliamente utilizado\u3011 La cinta de hockey es perfecta para hockey sobre hielo, hockey, hockey, hockey sobre patines, raqueta de polo, empu\u00f1adura de golf, raqueta de b\u00e1dminton, empu\u00f1adura de tenis, bate de b\u00e9isbol, cuerda para saltar, ca\u00f1a de pescar, manillar de bicicleta, etc.<br \/>\n&#8211; \ud83c\udfd2 \u3010Resistencia al deslizamiento y absorci\u00f3n del sudor\u3011 Puede controlar mejor el mango del ejercicio durante el ejercicio, evitando que el equipo del gimnasio se resbale de sus manos y se lastime a s\u00ed mismo o a sus oponentes. La cinta de agarre tiene una buena absorci\u00f3n del sudor y una excelente resistencia al deslizamiento, lo que puede garantizar una potencia de golpeo sin p\u00e9rdidas.<\/p>\n","protected":false},"excerpt":{"rendered":"<p>Publicidad Cinta de Hockey,Cinta Adhesiva para Raquetas,Cinta de Hockey sobre Hielo,25 m x 25 mm,Cinta Adhesiva Hockey,Cinta de Agarre Autoadhesiva,Bandas Antideslizantes para Palos de Hockey,Azul<\/p>\n","protected":false},"featured_media":11232,"comment_status":"open","ping_status":"closed","template":"","meta":[],"product_cat":[15],"product_tag":[],"class_list":{"0":"post-11233","1":"product","2":"type-product","3":"status-publish","4":"has-post-thumbnail","6":"product_cat-sin-categorizar","7":"nodate","8":"item-wrap","10":"first","11":"instock","12":"shipping-taxable","13":"product-type-external"},"_links":{"self":[{"href":"https:\/\/lofimusic.com.es\/index.php\/wp-json\/wp\/v2\/product\/11233","targetHints":{"allow":["GET"]}}],"collection":[{"href":"https:\/\/lofimusic.com.es\/index.php\/wp-json\/wp\/v2\/product"}],"about":[{"href":"https:\/\/lofimusic.com.es\/index.php\/wp-json\/wp\/v2\/types\/product"}],"replies":[{"embeddable":true,"href":"https:\/\/lofimusic.com.es\/index.php\/wp-json\/wp\/v2\/comments?post=11233"}],"wp:featuredmedia":[{"embeddable":true,"href":"https:\/\/lofimusic.com.es\/index.php\/wp-json\/wp\/v2\/media\/11232"}],"wp:attachment":[{"href":"https:\/\/lofimusic.com.es\/index.php\/wp-json\/wp\/v2\/media?parent=11233"}],"wp:term":[{"taxonomy":"product_cat","embeddable":true,"href":"https:\/\/lofimusic.com.es\/index.php\/wp-json\/wp\/v2\/product_cat?post=11233"},{"taxonomy":"product_tag","embeddable":true,"href":"https:\/\/lofimusic.com.es\/index.php\/wp-json\/wp\/v2\/product_tag?post=11233"}],"curies":[{"name":"wp","href":"https:\/\/api.w.org\/{rel}","templated":true}]}}