{"id":11229,"date":"2025-02-10T18:23:45","date_gmt":"2025-02-10T18:23:45","guid":{"rendered":"https:\/\/lofimusic.com.es\/index.php\/producto\/b0dlbjyvx1_it\/"},"modified":"2025-02-10T18:23:45","modified_gmt":"2025-02-10T18:23:45","slug":"b0dlbjyvx1_it","status":"publish","type":"product","link":"https:\/\/lofimusic.com.es\/index.php\/producto\/b0dlbjyvx1_it\/","title":{"rendered":"B0DLBJYVX1_IT"},"content":{"rendered":"<p>&#8211; \u3010 PRESA PERFETTA \u3011Domina il gioco con il nostro grip padel , progettato per offrire un controllo assoluto e prestazioni superiori ad ogni colpo. La sua leggerezza non influisce sull&#8217;equilibrio della tua racchetta , garantendoti precisione senza sforzo. Se stai cercando accessori padel , il grip padel Beast4Rackets sar\u00e0 il tuo alleato perfetto.<br \/>\n&#8211; \u3010 RESISTENZA e DURABILIT\u00c0 \u3011Affronta qualsiasi sfida con questo grip racchetta padel ad alta resistenza, progettato per durare e mantenere la sua qualit\u00e0 anche nelle partite pi\u00f9 impegnative. Questo prodotto \u00e8 ideale poich\u00e9 include, oltre al grip , anche un overgrip padel . Versatile per padel , pickleball e beach tennis, offre lo stesso controllo e comfort in diversi sport.<br \/>\n&#8211; \u3010 PROGETTATO E BREVETTATO in L&#8217;EUROPA\u3011Il nostro padel grip \u00e8 progettato per offrirti fiducia e sicurezza, garantendoti un&#8217;esperienza senza preoccupazioni. Completa la tua attrezzatura con i nostri accessori padel Beast4Rackets di alta qualit\u00e0 per massimizzare le tue prestazioni e la durabilit\u00e0 in campo.<br \/>\n&#8211; \u3010 INSTALLAZIONE FACILE E RAPIDA \u3011Risparmia tempo con questo grip padel , che puoi installare in soli 1-2 minuti. Pu\u00f2 essere posizionato direttamente sul grip per racchetta da padel originale, senza necessit\u00e0 di rimuoverlo, rendendolo ancora pi\u00f9 veloce e comodo da applicare. \u00c8 regolabile ed estensibile alle dita, garantendo una vestibilit\u00e0 personalizzata e un maggiore controllo.<br \/>\n&#8211; \u3010 TECNOLOGIA INNOVATIVA \u3011Con strutture ottagonali e silicone di prima qualit\u00e0, il nostro grip padel si distingue per la sua precisione, superando i grip padel convenzionali. Inoltre, \u00e8 estensibile, funge da antivibrazione padel ed \u00e8 adattabile a qualsiasi impugnatura racchetta padel .<\/p>\n","protected":false},"excerpt":{"rendered":"<p>pubblicit\u00e0Grip Racchetta Padel Overgrip Padel | Grip Padel Accessori | Over Grip Da Padel | Accessori per Padel Overgrip | Antivibrazione Padel | Grip Racchetta | Padel Grip | Impugnatura Racchetta Padel<\/p>\n","protected":false},"featured_media":11228,"comment_status":"open","ping_status":"closed","template":"","meta":[],"product_cat":[15],"product_tag":[],"class_list":{"0":"post-11229","1":"product","2":"type-product","3":"status-publish","4":"has-post-thumbnail","6":"product_cat-sin-categorizar","7":"nodate","8":"item-wrap","10":"first","11":"instock","12":"shipping-taxable","13":"product-type-external"},"_links":{"self":[{"href":"https:\/\/lofimusic.com.es\/index.php\/wp-json\/wp\/v2\/product\/11229","targetHints":{"allow":["GET"]}}],"collection":[{"href":"https:\/\/lofimusic.com.es\/index.php\/wp-json\/wp\/v2\/product"}],"about":[{"href":"https:\/\/lofimusic.com.es\/index.php\/wp-json\/wp\/v2\/types\/product"}],"replies":[{"embeddable":true,"href":"https:\/\/lofimusic.com.es\/index.php\/wp-json\/wp\/v2\/comments?post=11229"}],"wp:featuredmedia":[{"embeddable":true,"href":"https:\/\/lofimusic.com.es\/index.php\/wp-json\/wp\/v2\/media\/11228"}],"wp:attachment":[{"href":"https:\/\/lofimusic.com.es\/index.php\/wp-json\/wp\/v2\/media?parent=11229"}],"wp:term":[{"taxonomy":"product_cat","embeddable":true,"href":"https:\/\/lofimusic.com.es\/index.php\/wp-json\/wp\/v2\/product_cat?post=11229"},{"taxonomy":"product_tag","embeddable":true,"href":"https:\/\/lofimusic.com.es\/index.php\/wp-json\/wp\/v2\/product_tag?post=11229"}],"curies":[{"name":"wp","href":"https:\/\/api.w.org\/{rel}","templated":true}]}}