{"id":11213,"date":"2025-02-10T08:55:15","date_gmt":"2025-02-10T08:55:15","guid":{"rendered":"https:\/\/lofimusic.com.es\/index.php\/producto\/b0dqky99vl_it\/"},"modified":"2025-02-10T08:55:15","modified_gmt":"2025-02-10T08:55:15","slug":"b0dqky99vl_it","status":"publish","type":"product","link":"https:\/\/lofimusic.com.es\/index.php\/producto\/b0dqky99vl_it\/","title":{"rendered":"B0DQKY99VL_IT"},"content":{"rendered":"<p>&#8211; 2 in 1 Vibratori Donna Clotoride: Il vibratoreper donna professionale ha 10 modalit\u00e0 di vibrazione e 10 modalit\u00e0 di suzione, puoi esplorare diversi piaceri. Inoltre, le funzioni di vibrazione e suzione del vibratoreper donna clotoride possono essere eseguite simultaneamente o indipendentemente, consentendoti di godere di una meravigliosa stimolazione secondo necessit\u00e0<br \/>\n&#8211; Sex Toys con Design Silenzioso: Perfettamente progettato per adattarsi ai principi ergonomici, il vibratore pu\u00f2 stimolare con precisione il clitoride, il punto U, il punto G o l&#8217;ano, permettendoti di goderti appieno l&#8217;orgasmo sessuale. Il sexytoysys donna uomo con un totale di 2 potenti motori ti accompagner\u00e0 ad esplorare esperienze pi\u00f9 appassionate. E il sexytoysys produce meno di 40 decibel di suono quando \u00e8 in uso<br \/>\n&#8211; Silicone Sicuro e Impermeabile IPX7: La superficie del succhia clotoride per donna \u00e8 realizzata in morbido silicone medico, che si adatta alla pelle e offre un&#8217;esperienza sicura e confortevole. Inoltre il dildo \u00e8 impermeabile, puoi usarlo sotto la doccia. E il pene \u00e8 facile da pulire dopo l&#8217;uso, basta sciacquarlo con acqua leggermente saponata, quindi asciugarlo con un asciugamano e conservarlo in un luogo fresco<br \/>\n&#8211; Masturbatore e Sexyshop per Lui e Lei: Il sex toy pu\u00f2 essere utilizzato come vibratore, dildo, stimolatore per clitoride, succhia e lingua clitoride per donna, plug anale, vibratore anale per la masturbazione femminile e maschile e per qualsiasi coppia che desideri aggiungere nuovo piacere alla propria vita sessuale. Il sexy shop hot oggetti \u00e8 pieno di romanticismo e rituale, particolarmente adatto come sorpresa<br \/>\n&#8211; Comoda Ricarica USB e Servizio Affidabile: Il dildo vibratore punto g squirting \u00e8 dotato di cavo di ricarica USB e istruzioni per l&#8217;uso del prodotto, molto comodo da usare. Il vibratore sexytoysys donna uomo ti verr\u00e0 consegnato in un imballaggio privato per proteggere la tua privacy. Se hai domande, contattaci, risolveremo il tuo problema il prima possibile<\/p>\n","protected":false},"excerpt":{"rendered":"<p>pubblicit\u00e0V\ud835\ude92bratorep\ud835\ude8er Donna Prof\ud835\ude8essionale P\ud835\ude92ccolo V\ud835\ude92bratorep\ud835\ude8er Donna Sexytoysys Donna 2 \u00efn 1 V\ud835\ude92bratore \u1e64ucchia \u00c7l\u00f2t\u00f2ride per Donna V\ud835\ude92br\ud835\ude8atore \u1e64\ud835\ude8ex T\ud835\ude98ys St\ud835\ude92molat\ud835\ude98re per Clid\ud835\ude98ride\uff08Rossi\uff09<\/p>\n","protected":false},"featured_media":11212,"comment_status":"open","ping_status":"closed","template":"","meta":[],"product_cat":[15],"product_tag":[],"class_list":{"0":"post-11213","1":"product","2":"type-product","3":"status-publish","4":"has-post-thumbnail","6":"product_cat-sin-categorizar","7":"nodate","8":"item-wrap","10":"first","11":"instock","12":"shipping-taxable","13":"product-type-external"},"_links":{"self":[{"href":"https:\/\/lofimusic.com.es\/index.php\/wp-json\/wp\/v2\/product\/11213","targetHints":{"allow":["GET"]}}],"collection":[{"href":"https:\/\/lofimusic.com.es\/index.php\/wp-json\/wp\/v2\/product"}],"about":[{"href":"https:\/\/lofimusic.com.es\/index.php\/wp-json\/wp\/v2\/types\/product"}],"replies":[{"embeddable":true,"href":"https:\/\/lofimusic.com.es\/index.php\/wp-json\/wp\/v2\/comments?post=11213"}],"wp:featuredmedia":[{"embeddable":true,"href":"https:\/\/lofimusic.com.es\/index.php\/wp-json\/wp\/v2\/media\/11212"}],"wp:attachment":[{"href":"https:\/\/lofimusic.com.es\/index.php\/wp-json\/wp\/v2\/media?parent=11213"}],"wp:term":[{"taxonomy":"product_cat","embeddable":true,"href":"https:\/\/lofimusic.com.es\/index.php\/wp-json\/wp\/v2\/product_cat?post=11213"},{"taxonomy":"product_tag","embeddable":true,"href":"https:\/\/lofimusic.com.es\/index.php\/wp-json\/wp\/v2\/product_tag?post=11213"}],"curies":[{"name":"wp","href":"https:\/\/api.w.org\/{rel}","templated":true}]}}