{"id":11207,"date":"2025-02-10T08:49:19","date_gmt":"2025-02-10T08:49:19","guid":{"rendered":"https:\/\/lofimusic.com.es\/index.php\/producto\/b0dpltb9jk_fr\/"},"modified":"2025-02-10T08:49:19","modified_gmt":"2025-02-10T08:49:19","slug":"b0dpltb9jk_fr","status":"publish","type":"product","link":"https:\/\/lofimusic.com.es\/index.php\/producto\/b0dpltb9jk_fr\/","title":{"rendered":"B0DPLTB9JK_FR"},"content":{"rendered":"<p>&#8211; Amant enferm\u00e9 ! Pi\u00e9gez votre partenaire dans votre lit avec chaque \u00e9quipement et accessoires de bondage, des sangles sexuelles serr\u00e9es contre ses cuisses et mettez-le enti\u00e8rement \u00e0 votre merci. \u00c9cartez les jambes et laissez vos mains parcourir son corps sans d\u00e9fense, chatouiller et pincer pendant qu&#8217;il vous supplie de le lib\u00e9rer ! Vous appr\u00e9cierez tous les deux ce kit sournois !<br \/>\n&#8211; Kit sex toys de bondage 3 en 1 &#8211; L&#8217;ensemble de bondage se verrouille avec une simple *fermeture velcro &#8211; ajustez l&#8217;ajustement \u00e0 un niveau confortable et profitez de l&#8217;acte mental et physique d&#8217;enfermer votre soumis pour vos caprices. Combinez-le avec d&#8217;autres jouets BDSM comme des bandeaux, des fouets et des sangles de matelas pour une v\u00e9ritable exp\u00e9rience de donjon !<br \/>\n&#8211; Menottes sex lit Mat\u00e9riaux en coton doux pour une sensation authentique &#8211; Fabriqu\u00e9 avec un mat\u00e9riau en coton robuste qui est doux et doux pour la peau, mais offre une sensation et une esth\u00e9tique satisfaisantes. Et les boucles en m\u00e9tal sont fabriqu\u00e9es avec un mousqueton pour encore plus de durabilit\u00e9 qui peut r\u00e9sister \u00e0 la plupart des styles de jeu plus bruts !<br \/>\n&#8211; Sex toy\u0301s couple acc\u00e9dez facilement au corps de votre partenaire &#8211; Les mains de votre partenaire vous g\u00eanent-elles ? L&#8217;ensemble de menottes de bondage est con\u00e7u pour s&#8217;enrouler autour des cuisses, des poignets et des chevilles, pour garder votre amant \u00e0 genoux ! Parfait pour profiter pleinement de son corps.Combinez un bandeau et un fouet comme accessoire stimulant pour faire plaisir \u00e0 votre partenaire.<br \/>\n&#8211; BDSM Parfait pour tous les sexes &#8211; Le kit de retenue de bondage s&#8217;adapte \u00e0 la plupart des morphologies et est r\u00e9glable pour que chacun puisse profiter d&#8217;une touche sombre \u00e0 son plaisir dans la chambre ! Utilisez ces sangles bdsm en conjonction avec vos sangles de b\u00e2illon \u00e0 des fouets et vos bandeaux pr\u00e9f\u00e9r\u00e9s ! Emballage discret !<\/p>\n","protected":false},"excerpt":{"rendered":"<p>publicit\u00e9Sex Toy\u0301s Femme Couple BDSM Menottes Sex Lit Sexy \u00c9rotique SM Kits de Bondage Menotte Sex Toys Jeux Jouets Sexuelle Adulte Couple \u00c9rotiques Sextoys Couple Plaisir Kit Bdsm Sex Toy<\/p>\n","protected":false},"featured_media":11206,"comment_status":"open","ping_status":"closed","template":"","meta":[],"product_cat":[15],"product_tag":[],"class_list":{"0":"post-11207","1":"product","2":"type-product","3":"status-publish","4":"has-post-thumbnail","6":"product_cat-sin-categorizar","7":"nodate","8":"item-wrap","10":"first","11":"instock","12":"shipping-taxable","13":"product-type-external"},"_links":{"self":[{"href":"https:\/\/lofimusic.com.es\/index.php\/wp-json\/wp\/v2\/product\/11207","targetHints":{"allow":["GET"]}}],"collection":[{"href":"https:\/\/lofimusic.com.es\/index.php\/wp-json\/wp\/v2\/product"}],"about":[{"href":"https:\/\/lofimusic.com.es\/index.php\/wp-json\/wp\/v2\/types\/product"}],"replies":[{"embeddable":true,"href":"https:\/\/lofimusic.com.es\/index.php\/wp-json\/wp\/v2\/comments?post=11207"}],"wp:featuredmedia":[{"embeddable":true,"href":"https:\/\/lofimusic.com.es\/index.php\/wp-json\/wp\/v2\/media\/11206"}],"wp:attachment":[{"href":"https:\/\/lofimusic.com.es\/index.php\/wp-json\/wp\/v2\/media?parent=11207"}],"wp:term":[{"taxonomy":"product_cat","embeddable":true,"href":"https:\/\/lofimusic.com.es\/index.php\/wp-json\/wp\/v2\/product_cat?post=11207"},{"taxonomy":"product_tag","embeddable":true,"href":"https:\/\/lofimusic.com.es\/index.php\/wp-json\/wp\/v2\/product_tag?post=11207"}],"curies":[{"name":"wp","href":"https:\/\/api.w.org\/{rel}","templated":true}]}}