{"id":11197,"date":"2025-02-09T15:18:14","date_gmt":"2025-02-09T15:18:14","guid":{"rendered":"https:\/\/lofimusic.com.es\/index.php\/producto\/b0ds28jk94_es\/"},"modified":"2025-02-09T15:18:14","modified_gmt":"2025-02-09T15:18:14","slug":"b0ds28jk94_es","status":"publish","type":"product","link":"https:\/\/lofimusic.com.es\/index.php\/producto\/b0ds28jk94_es\/","title":{"rendered":"B0DS28JK94_ES"},"content":{"rendered":"<p>&#8211; 2-en-1 Memoria USB: El memoria USB tiene dos conectores, un puerto de tipo C se puede conectar al puerto de tipo C del tel\u00e9fono inteligente que admite la funci\u00f3n OTG, o una computadora para transferir datos, y el otro un puerto USB para conectar dispositivos equipados con USB normal para satisfacer sus necesidades en diferentes ocasiones.<br \/>\n&#8211; Robusto y duradero: Pen drive est\u00e1 hecho de metal y la carcasa met\u00e1lica hace que la unidad memoria stick duradera y confiable. USB pendrive es antivibraci\u00f3n, resistente al desgaste e impermeable.La usb c brinda m\u00e1s protecci\u00f3n para sus datos y archivos importantes.<br \/>\n&#8211; Plug and Play: F\u00e1cil de Usar: No necesita instalar software, simplemente conecte nuestra memoria USB en el puerto USB de la computadora u otros dispositivos aprovechando una para transferir la datos,resuelva perfectamente el problema de espacio de memoria insuficiente.<br \/>\n&#8211; Aplicaci\u00f3n Amplia: La usb pendrive compatible con dato digital, como: m\u00fasica, videos, fotos, pel\u00edculas, manuales, software, etc.Es adecuada para almacenar datos digitales para uso diario en la escuela, la empresa o el hogar.<br \/>\n&#8211; Mini y port\u00e1til usb c: la Memoria usb es peque\u00f1a y ligera,por lo que se puede llevar f\u00e1cilmente en el bolsillo o incluso en la cartera. La memoria USB es el compa\u00f1ero perfecto para viajes.<\/p>\n","protected":false},"excerpt":{"rendered":"<p>Publicidad LZKNZT Memoria USB C 512GB Pendrive Tipo C y USB OTG 2 en 1 Port\u00e1til Impermeable Dual Pen Drive USB C Metal Alta Capacidad Memory Stick para Smartphones,Android, Pc, Tabletas<\/p>\n","protected":false},"featured_media":11196,"comment_status":"open","ping_status":"closed","template":"","meta":[],"product_cat":[15],"product_tag":[],"class_list":{"0":"post-11197","1":"product","2":"type-product","3":"status-publish","4":"has-post-thumbnail","6":"product_cat-sin-categorizar","7":"nodate","8":"item-wrap","10":"first","11":"instock","12":"shipping-taxable","13":"product-type-external"},"_links":{"self":[{"href":"https:\/\/lofimusic.com.es\/index.php\/wp-json\/wp\/v2\/product\/11197","targetHints":{"allow":["GET"]}}],"collection":[{"href":"https:\/\/lofimusic.com.es\/index.php\/wp-json\/wp\/v2\/product"}],"about":[{"href":"https:\/\/lofimusic.com.es\/index.php\/wp-json\/wp\/v2\/types\/product"}],"replies":[{"embeddable":true,"href":"https:\/\/lofimusic.com.es\/index.php\/wp-json\/wp\/v2\/comments?post=11197"}],"wp:featuredmedia":[{"embeddable":true,"href":"https:\/\/lofimusic.com.es\/index.php\/wp-json\/wp\/v2\/media\/11196"}],"wp:attachment":[{"href":"https:\/\/lofimusic.com.es\/index.php\/wp-json\/wp\/v2\/media?parent=11197"}],"wp:term":[{"taxonomy":"product_cat","embeddable":true,"href":"https:\/\/lofimusic.com.es\/index.php\/wp-json\/wp\/v2\/product_cat?post=11197"},{"taxonomy":"product_tag","embeddable":true,"href":"https:\/\/lofimusic.com.es\/index.php\/wp-json\/wp\/v2\/product_tag?post=11197"}],"curies":[{"name":"wp","href":"https:\/\/api.w.org\/{rel}","templated":true}]}}