{"id":11195,"date":"2025-02-09T14:04:24","date_gmt":"2025-02-09T14:04:24","guid":{"rendered":"https:\/\/lofimusic.com.es\/index.php\/producto\/b0dnqtmgww_de\/"},"modified":"2025-02-09T14:04:24","modified_gmt":"2025-02-09T14:04:24","slug":"b0dnqtmgww_de","status":"publish","type":"product","link":"https:\/\/lofimusic.com.es\/index.php\/producto\/b0dnqtmgww_de\/","title":{"rendered":"B0DNQTMGWW_DE"},"content":{"rendered":"<p>&#8211; 3 St\u00fcck Sexspielzeug Analplug Set: Mit dem 3 Buttplug-Set k\u00f6nnen sowohl M\u00e4nner als auch Frauen Schritt f\u00fcr Schritt herausfinden, wie sie ihre W\u00fcnsche befriedigen k\u00f6nnen.Garantiert die perfekte Gr\u00f6\u00dfe f\u00fcr Sie und Ihn, perfekt f\u00fcr Anf\u00e4nger und Experten gleicherma\u00dfen. Mit unseren anal plug k\u00f6nnen M\u00e4nner und Frauen durch die Stimulation des G-Punkts und der Prostata schnell zum H\u00f6hepunkt kommen<br \/>\n&#8211; Mehrere Reize: 3 verschiedene Gr\u00f6\u00dfen von Analplugs sind perfekt f\u00fcr Ihre Bed\u00fcrfnisse und k\u00f6nnen die Bed\u00fcrfnisse der meisten Menschen erf\u00fcllen. Von klein bis gro\u00df, die perfekten Anal Dehner, klein: 11*3,48 cm, mittel: 12,98*3,99 cm, gro\u00df: 16,28*5,08 cm. Die Form der Analplugs hilft sie leicht und schmerzfrei einzuf\u00fchren, sie ist ideal die verschiedenen Nervenenden zu stimulieren, Ihren Anus zu stimulieren und Ihr Analvergn\u00fcgen und Ihr Wohlbefinden zu maximieren<br \/>\n&#8211; Geeignet f\u00fcr M\u00e4nner und Frauen: Dieses anal plug set mit Fingerring ist ergonomisch gestaltet, um sich perfekt Ihrer nat\u00fcrlichen Innenform anzupassen, und der Schaft jedes Buttplugs hat eine clevere Kr\u00fcmmung, um alle Ihre bevorzugten erogenen Zonen zu massieren. Analplugs k\u00f6nnen bei M\u00e4nnern die Prostata stimulieren und bei Frauen einen unglaublich angenehmen Druck auf die R\u00fcckwand Ihrer Scheidenwand. Verbessern Sie Ihren analen Komfort und Ihre Hintert\u00fcr-Expertise mit diesem Buttplug-Trainerset f\u00fcr Anf\u00e4nger<br \/>\n&#8211; Hochwertige Sichere Sex Toys: Alle 3 butt-plug bestehen aus 100 % Silikon, sind sicher, gesund und geruchslos. Das glatte Silikon f\u00fchlt sich weich an, ist aber fest genug, um Ihnen Lust zu bereiten. Leicht zu reinigen,Verwenden Sie milde Seife und warmes Wasser, um maximale Hygiene zu gew\u00e4hrleisten<br \/>\n&#8211; Perfekt f\u00fcr Anf\u00e4nger und Fortgeschrittene: Anal-Anf\u00e4nger k\u00f6nnen mit einem kleinen Butt Plug beginnen, um ihre Lust auf Backdoor-Spiele zu befriedigen. Wechseln Sie dann zu einem mittelgro\u00dfen Butt Plug, um Ihren Hintern mit einem l\u00e4ngeren und dickeren Penis herauszufordern. Wenn Sie den Dreh mit einem gro\u00dfen Analplug raushaben, k\u00f6nnen Sie zu gr\u00f6\u00dferen Hintert\u00fcrspielzeugen und anderen Formen der analen Stimulation \u00fcbergehen, wie etwa Prostataspielen, Sexspielzeugen f\u00fcr Paare oder Analsex<br \/>\n&#8211; Gebogener Schaft f\u00fcr Sexspielzeug f\u00fcr Analspiele: Unser silikon Trainer analplug ist speziell geformt, um Ihr anales Vergn\u00fcgen und Ihren Komfort zu maximieren. Jeder Butt Plug ist mit einem vertikalen Muster versehen, das ein leichtes Hineingleiten mit etwas Gleitmittel auf Wasserbasis erm\u00f6glicht. Der Schaft f\u00fchlt sich fest an, ist gro\u00df genug, um Sie genau richtig auszuf\u00fcllen und l\u00e4sst sich biegen, um sich besser an Ihren K\u00f6rper anzupassen<br \/>\n&#8211; Diskrete Verpackung und Bester Kundenservice: Alle unsere Sexspielzeuge f\u00fcr Erwachsene werden in diskreter Verpackung versendet, sodass Ihre Privatsph\u00e4re streng vertraulich behandelt wird. Wenn Sie irgendein Problem mit dem analplug# f\u00fcr frauen m\u00e4nner, kontaktieren Sie uns bitte. Wir werden Ihr Problem innerhalb von 24 Stunden l\u00f6sen<\/p>\n","protected":false},"excerpt":{"rendered":"<p>Werbung<br \/>\nAnalplug Set Sexspielzeug 3 PCS, Analplug# f\u00fcr Frauen M\u00e4nner Silikon Buttplug Anal Plug Sex Spielzeug fu\u0308r die M\u00e4nner Frau Paare, Anal Dildo Butt Plug Sex Toys f\u00fcr Anf\u00e4nger und Fortgeschrittene<\/p>\n","protected":false},"featured_media":11194,"comment_status":"open","ping_status":"closed","template":"","meta":[],"product_cat":[15],"product_tag":[],"class_list":{"0":"post-11195","1":"product","2":"type-product","3":"status-publish","4":"has-post-thumbnail","6":"product_cat-sin-categorizar","7":"nodate","8":"item-wrap","10":"first","11":"instock","12":"shipping-taxable","13":"product-type-external"},"_links":{"self":[{"href":"https:\/\/lofimusic.com.es\/index.php\/wp-json\/wp\/v2\/product\/11195","targetHints":{"allow":["GET"]}}],"collection":[{"href":"https:\/\/lofimusic.com.es\/index.php\/wp-json\/wp\/v2\/product"}],"about":[{"href":"https:\/\/lofimusic.com.es\/index.php\/wp-json\/wp\/v2\/types\/product"}],"replies":[{"embeddable":true,"href":"https:\/\/lofimusic.com.es\/index.php\/wp-json\/wp\/v2\/comments?post=11195"}],"wp:featuredmedia":[{"embeddable":true,"href":"https:\/\/lofimusic.com.es\/index.php\/wp-json\/wp\/v2\/media\/11194"}],"wp:attachment":[{"href":"https:\/\/lofimusic.com.es\/index.php\/wp-json\/wp\/v2\/media?parent=11195"}],"wp:term":[{"taxonomy":"product_cat","embeddable":true,"href":"https:\/\/lofimusic.com.es\/index.php\/wp-json\/wp\/v2\/product_cat?post=11195"},{"taxonomy":"product_tag","embeddable":true,"href":"https:\/\/lofimusic.com.es\/index.php\/wp-json\/wp\/v2\/product_tag?post=11195"}],"curies":[{"name":"wp","href":"https:\/\/api.w.org\/{rel}","templated":true}]}}