{"id":11185,"date":"2025-02-09T09:49:24","date_gmt":"2025-02-09T09:49:24","guid":{"rendered":"https:\/\/lofimusic.com.es\/index.php\/producto\/b0dpw8jswz_es\/"},"modified":"2025-02-09T09:49:24","modified_gmt":"2025-02-09T09:49:24","slug":"b0dpw8jswz_es","status":"publish","type":"product","link":"https:\/\/lofimusic.com.es\/index.php\/producto\/b0dpw8jswz_es\/","title":{"rendered":"B0DPW8JSWZ_ES"},"content":{"rendered":"<p>&#8211; 10 Modos divertidos<br \/>\n&#8211; M\u00e1s c\u00f3modo y segur\u00f3 al tact\u00f3<br \/>\n&#8211; Dise\u00f1o imp\u00e9rm\u00e9able, f\u00e1cil de limpi\u00e1r<br \/>\n&#8211; Silencioso<br \/>\n&#8211; Recargable por USB<\/p>\n","protected":false},"excerpt":{"rendered":"<p>Publicidad V\u00eebr\u00e2dor\u00e2dor M\u00f9j\u00ear J\u00f9g\u1e79et\u00ebs Er\u00f3t\u00eeco\u0161 P\u00ebn\u00eb Cl\u00edt\u00f8ri\u015b V\u1e2fbr\u00e3d\u1ed1res C\u00f4\u1e4bs\u00f4l\u00e2d\u0151res.. para M\u00f9j\u00ear c\u00f8n V\u00efbr\u00e0c\u00efon V\u1e2fbr\u00e3d\u1ed1r C\u00f4nejo J\u00f9g\u1e79et\u00ebs Er\u00f3t\u00eec\u00f4\u1e61 para P\u00e0r\u00e8j\u00e0 \u015e\u0119xu\u1ea1l\u0119\u0219 \u0160\u1eb9x T\u014d\u00ff\u0161t\u01a1re Shopping M\u00f9j\u00eares F\u0119mm\u0119 (red)<\/p>\n","protected":false},"featured_media":11184,"comment_status":"open","ping_status":"closed","template":"","meta":[],"product_cat":[15],"product_tag":[],"class_list":{"0":"post-11185","1":"product","2":"type-product","3":"status-publish","4":"has-post-thumbnail","6":"product_cat-sin-categorizar","7":"nodate","8":"item-wrap","10":"first","11":"instock","12":"shipping-taxable","13":"product-type-external"},"_links":{"self":[{"href":"https:\/\/lofimusic.com.es\/index.php\/wp-json\/wp\/v2\/product\/11185","targetHints":{"allow":["GET"]}}],"collection":[{"href":"https:\/\/lofimusic.com.es\/index.php\/wp-json\/wp\/v2\/product"}],"about":[{"href":"https:\/\/lofimusic.com.es\/index.php\/wp-json\/wp\/v2\/types\/product"}],"replies":[{"embeddable":true,"href":"https:\/\/lofimusic.com.es\/index.php\/wp-json\/wp\/v2\/comments?post=11185"}],"wp:featuredmedia":[{"embeddable":true,"href":"https:\/\/lofimusic.com.es\/index.php\/wp-json\/wp\/v2\/media\/11184"}],"wp:attachment":[{"href":"https:\/\/lofimusic.com.es\/index.php\/wp-json\/wp\/v2\/media?parent=11185"}],"wp:term":[{"taxonomy":"product_cat","embeddable":true,"href":"https:\/\/lofimusic.com.es\/index.php\/wp-json\/wp\/v2\/product_cat?post=11185"},{"taxonomy":"product_tag","embeddable":true,"href":"https:\/\/lofimusic.com.es\/index.php\/wp-json\/wp\/v2\/product_tag?post=11185"}],"curies":[{"name":"wp","href":"https:\/\/api.w.org\/{rel}","templated":true}]}}