{"id":11183,"date":"2025-02-09T09:49:08","date_gmt":"2025-02-09T09:49:08","guid":{"rendered":"https:\/\/lofimusic.com.es\/index.php\/producto\/b0cjxxk69s_es-2\/"},"modified":"2025-02-09T09:49:08","modified_gmt":"2025-02-09T09:49:08","slug":"b0cjxxk69s_es-2","status":"publish","type":"product","link":"https:\/\/lofimusic.com.es\/index.php\/producto\/b0cjxxk69s_es-2\/","title":{"rendered":"B0CJXXK69S_ES"},"content":{"rendered":"<p>&#8211; ?\u00efbr\u00e0dor\u00e4d?r Cl\u00edt?r\u00ees J\u00f9g\u00f9\u00eat\u00eas Er\u00f3ticos P\u00e0ra P\u00e0r\u00e8j\u00e0 9 Modos S\u00eax\u00f9\u00e2les ?\u00efbr\u00e0dor\u00e4d?r J\u00f9g\u00f9\u00eat\u00eas S\u00eax\u00f9\u00e2les ?i?r?d?r Remoto App V\u00eebr\u00e0d?r\u00e9s H?mbr\u00ea C\u00f4?s\u00f4l\u00e2 D?r\u00e8s (P\u00farpura)<br \/>\n&#8211; Tipo De Producto: Dispositivo De Estimulaci\u00f3n Sexual<br \/>\n&#8211; Espec\u00edfico: Salud Y Cuidado Personal<\/p>\n","protected":false},"excerpt":{"rendered":"<p>Publicidad Vibradorador Mujer Juguetes Er\u00f3ticos Para Pareja Sexuales Juguetes Sexuales Vibrador Mando Distancia Vibradorador Cl\u00edtoris Control Remoto APP 9 Modos Consoladores.. Para Mujer Con Vibraci\u00f3n<\/p>\n","protected":false},"featured_media":11182,"comment_status":"open","ping_status":"closed","template":"","meta":[],"product_cat":[15],"product_tag":[],"class_list":{"0":"post-11183","1":"product","2":"type-product","3":"status-publish","4":"has-post-thumbnail","6":"product_cat-sin-categorizar","7":"nodate","8":"item-wrap","10":"first","11":"instock","12":"shipping-taxable","13":"product-type-external"},"_links":{"self":[{"href":"https:\/\/lofimusic.com.es\/index.php\/wp-json\/wp\/v2\/product\/11183","targetHints":{"allow":["GET"]}}],"collection":[{"href":"https:\/\/lofimusic.com.es\/index.php\/wp-json\/wp\/v2\/product"}],"about":[{"href":"https:\/\/lofimusic.com.es\/index.php\/wp-json\/wp\/v2\/types\/product"}],"replies":[{"embeddable":true,"href":"https:\/\/lofimusic.com.es\/index.php\/wp-json\/wp\/v2\/comments?post=11183"}],"wp:featuredmedia":[{"embeddable":true,"href":"https:\/\/lofimusic.com.es\/index.php\/wp-json\/wp\/v2\/media\/11182"}],"wp:attachment":[{"href":"https:\/\/lofimusic.com.es\/index.php\/wp-json\/wp\/v2\/media?parent=11183"}],"wp:term":[{"taxonomy":"product_cat","embeddable":true,"href":"https:\/\/lofimusic.com.es\/index.php\/wp-json\/wp\/v2\/product_cat?post=11183"},{"taxonomy":"product_tag","embeddable":true,"href":"https:\/\/lofimusic.com.es\/index.php\/wp-json\/wp\/v2\/product_tag?post=11183"}],"curies":[{"name":"wp","href":"https:\/\/api.w.org\/{rel}","templated":true}]}}