{"id":11179,"date":"2025-02-09T09:48:31","date_gmt":"2025-02-09T09:48:31","guid":{"rendered":"https:\/\/lofimusic.com.es\/index.php\/producto\/b0dflfdct2_es\/"},"modified":"2025-02-09T09:48:31","modified_gmt":"2025-02-09T09:48:31","slug":"b0dflfdct2_es","status":"publish","type":"product","link":"https:\/\/lofimusic.com.es\/index.php\/producto\/b0dflfdct2_es\/","title":{"rendered":"B0DFLFDCT2_ES"},"content":{"rendered":"<p>&#8211; Detalles del producto: Recibir\u00e1 un paquete de 6 clips negros para cochecito, tendr\u00e1 suficientes clips para los accesorios de su cochecito.<br \/>\n&#8211; RESISTENTE Y DURADERO: Los clips para cochecito est\u00e1n equipados con resortes fuertes para mantenerlos seguros en su lugar y pueden abrirse hasta 4,5 cm. Peque\u00f1o y liviano, f\u00e1cil de transportar y almacenar.<br \/>\n&#8211; Mejor fijaci\u00f3n: el gancho del cochecito es flexible y no es f\u00e1cil de romper, con mejor agarre y mayor fuerza de mordida. Combinado con la textura mate del producto, el clip para cochecito es m\u00e1s f\u00e1cil de sostener y antideslizante.<br \/>\n&#8211; AGARRE PERFECTO: El dise\u00f1o texturizado garantiza un buen agarre, por lo que el gancho no perder\u00e1 agarre cuando est\u00e9 en uso, conveniente para el uso diario.<br \/>\n&#8211; APLICACIONES AMPLIAS: Ideal para colgar la tela sobre la funda de su cochecito o como soporte en el asiento de su autom\u00f3vil. Tambi\u00e9n es adecuado como clip para mantas, manoplas, gorros o baberos de beb\u00e9.<\/p>\n","protected":false},"excerpt":{"rendered":"<p>Publicidad 6 Piezas Universales para Cochecito,Clip para Cochecito de beb\u00e9,Clip para Fijaci\u00f3n de Juguetes,Accesorios Ganchos Carro Bebe para Mantas,Clips Juguetes,Clip de Mantas para Cochecito-Negro<\/p>\n","protected":false},"featured_media":11178,"comment_status":"open","ping_status":"closed","template":"","meta":[],"product_cat":[15],"product_tag":[],"class_list":{"0":"post-11179","1":"product","2":"type-product","3":"status-publish","4":"has-post-thumbnail","6":"product_cat-sin-categorizar","7":"nodate","8":"item-wrap","10":"first","11":"instock","12":"shipping-taxable","13":"product-type-external"},"_links":{"self":[{"href":"https:\/\/lofimusic.com.es\/index.php\/wp-json\/wp\/v2\/product\/11179","targetHints":{"allow":["GET"]}}],"collection":[{"href":"https:\/\/lofimusic.com.es\/index.php\/wp-json\/wp\/v2\/product"}],"about":[{"href":"https:\/\/lofimusic.com.es\/index.php\/wp-json\/wp\/v2\/types\/product"}],"replies":[{"embeddable":true,"href":"https:\/\/lofimusic.com.es\/index.php\/wp-json\/wp\/v2\/comments?post=11179"}],"wp:featuredmedia":[{"embeddable":true,"href":"https:\/\/lofimusic.com.es\/index.php\/wp-json\/wp\/v2\/media\/11178"}],"wp:attachment":[{"href":"https:\/\/lofimusic.com.es\/index.php\/wp-json\/wp\/v2\/media?parent=11179"}],"wp:term":[{"taxonomy":"product_cat","embeddable":true,"href":"https:\/\/lofimusic.com.es\/index.php\/wp-json\/wp\/v2\/product_cat?post=11179"},{"taxonomy":"product_tag","embeddable":true,"href":"https:\/\/lofimusic.com.es\/index.php\/wp-json\/wp\/v2\/product_tag?post=11179"}],"curies":[{"name":"wp","href":"https:\/\/api.w.org\/{rel}","templated":true}]}}