{"id":11177,"date":"2025-02-09T09:48:05","date_gmt":"2025-02-09T09:48:05","guid":{"rendered":"https:\/\/lofimusic.com.es\/index.php\/producto\/b0dfh2rxdk_es\/"},"modified":"2025-02-09T09:48:05","modified_gmt":"2025-02-09T09:48:05","slug":"b0dfh2rxdk_es","status":"publish","type":"product","link":"https:\/\/lofimusic.com.es\/index.php\/producto\/b0dfh2rxdk_es\/","title":{"rendered":"B0DFH2RXDK_ES"},"content":{"rendered":"<p>&#8211; Detalles del producto: Recibir\u00e1 un juego de 3 esponjas para pulir autom\u00f3viles.<br \/>\n&#8211; Tama\u00f1o del producto: un juego de esponjas para pulir autom\u00f3viles viene en 3 colores. Cada almohadilla de aplicaci\u00f3n de cera tiene un di\u00e1metro de 13 cm y un grosor de aproximadamente 2 cm.<br \/>\n&#8211; F\u00e1cil de usar: la aplicaci\u00f3n precisa de la esponja pulidora con el pulido manual da como resultado resultados m\u00e1s uniformes y precisos en comparaci\u00f3n con el pulido a m\u00e1quina.<br \/>\n&#8211; Ampliamente utilizado: esta almohadilla de cera no solo es adecuada para pintar con aerosol autom\u00f3viles, tableros interiores, parachoques, sof\u00e1s de cuero, sino tambi\u00e9n para muebles, pisos, baldosas de cer\u00e1mica, piezas galvanizadas, vidrio, tazones, etc.<br \/>\n&#8211; Dise\u00f1o del producto: la esponja de pulido de microfibra tiene un dise\u00f1o de banda el\u00e1stica que puede sentarse c\u00f3modamente en la palma de su mano durante mucho tiempo sin fatiga. Es un poderoso asistente para el encerado de la pintura de su autom\u00f3vil y el cuidado integral del autom\u00f3vil.<\/p>\n","protected":false},"excerpt":{"rendered":"<p>Publicidad 3 Piezas Esponja Pulir Coche,Aplicadoras de Cera de Coches para Coche en Microfibra para Lacas,Limpiadores de Pintura,Autopulido y Sellado de Lacas para Limpieza Magic Car Pad,Reutilizable y Lavable<\/p>\n","protected":false},"featured_media":11176,"comment_status":"open","ping_status":"closed","template":"","meta":[],"product_cat":[15],"product_tag":[],"class_list":{"0":"post-11177","1":"product","2":"type-product","3":"status-publish","4":"has-post-thumbnail","6":"product_cat-sin-categorizar","7":"nodate","8":"item-wrap","10":"first","11":"instock","12":"shipping-taxable","13":"product-type-external"},"_links":{"self":[{"href":"https:\/\/lofimusic.com.es\/index.php\/wp-json\/wp\/v2\/product\/11177","targetHints":{"allow":["GET"]}}],"collection":[{"href":"https:\/\/lofimusic.com.es\/index.php\/wp-json\/wp\/v2\/product"}],"about":[{"href":"https:\/\/lofimusic.com.es\/index.php\/wp-json\/wp\/v2\/types\/product"}],"replies":[{"embeddable":true,"href":"https:\/\/lofimusic.com.es\/index.php\/wp-json\/wp\/v2\/comments?post=11177"}],"wp:featuredmedia":[{"embeddable":true,"href":"https:\/\/lofimusic.com.es\/index.php\/wp-json\/wp\/v2\/media\/11176"}],"wp:attachment":[{"href":"https:\/\/lofimusic.com.es\/index.php\/wp-json\/wp\/v2\/media?parent=11177"}],"wp:term":[{"taxonomy":"product_cat","embeddable":true,"href":"https:\/\/lofimusic.com.es\/index.php\/wp-json\/wp\/v2\/product_cat?post=11177"},{"taxonomy":"product_tag","embeddable":true,"href":"https:\/\/lofimusic.com.es\/index.php\/wp-json\/wp\/v2\/product_tag?post=11177"}],"curies":[{"name":"wp","href":"https:\/\/api.w.org\/{rel}","templated":true}]}}