{"id":11175,"date":"2025-02-09T09:47:47","date_gmt":"2025-02-09T09:47:47","guid":{"rendered":"https:\/\/lofimusic.com.es\/index.php\/producto\/b0dpqctchb_es\/"},"modified":"2025-02-09T09:47:47","modified_gmt":"2025-02-09T09:47:47","slug":"b0dpqctchb_es","status":"publish","type":"product","link":"https:\/\/lofimusic.com.es\/index.php\/producto\/b0dpqctchb_es\/","title":{"rendered":"B0DPQCTCHB_ES"},"content":{"rendered":"<p>&#8211; Detalles del producto: recibir\u00e1 un conjunto de 12 cabezas de pulido giratorias, un total de 6 formas, cada una de 2, que se pueden adaptar a sus diferentes necesidades.<br \/>\n&#8211; Tama\u00f1o del producto: la longitud total del taladro es de 45 mm, el di\u00e1metro de la cabeza es de 6 mm y el di\u00e1metro del mango es de 3 mm, que es compatible con la mayor\u00eda de las herramientas giratorias y rectificadoras de moldes.<br \/>\n&#8211; Alta eficiencia: el taladro giratorio es m\u00e1s eficiente en la producci\u00f3n, casi 10 veces m\u00e1s alto que la Lima manual. En la mayor\u00eda de los casos, puede reemplazar peque\u00f1as ruedas de molienda sin contaminaci\u00f3n por polvo, lo que facilita el corte, es seguro y duradero.<br \/>\n&#8211; Larga vida \u00fatil: la herramienta giratoria graba el taladro a una velocidad m\u00e1s r\u00e1pida, lo que reduce el rollo ineficiente y prolonga la vida \u00fatil general. El taladro es resistente y duradero, resistente al desgaste y al calor, lo que le puede ayudar a resolver diferentes necesidades de trabajo.<br \/>\n&#8211; Amplia aplicaci\u00f3n: taladro giratorio adecuado para el trabajo de precisi\u00f3n. Ampliamente utilizado en metal, vidrio, azulejos, pl\u00e1stico, madera, fibra de vidrio, piedra, mantenimiento dom\u00e9stico, etc.<\/p>\n","protected":false},"excerpt":{"rendered":"<p>Publicidad 12 piezas Brocas de Diamante Juego de Tallado de Piedra de Brocas kits de Pulido de Herramientas Rotativas Accesorios para Azulejos, Porcelana,Cer\u00e1mica,Hormig\u00f3n,Ladrillo,Vidrio-6 Formas<\/p>\n","protected":false},"featured_media":11174,"comment_status":"open","ping_status":"closed","template":"","meta":[],"product_cat":[15],"product_tag":[],"class_list":{"0":"post-11175","1":"product","2":"type-product","3":"status-publish","4":"has-post-thumbnail","6":"product_cat-sin-categorizar","7":"nodate","8":"item-wrap","10":"first","11":"instock","12":"shipping-taxable","13":"product-type-external"},"_links":{"self":[{"href":"https:\/\/lofimusic.com.es\/index.php\/wp-json\/wp\/v2\/product\/11175","targetHints":{"allow":["GET"]}}],"collection":[{"href":"https:\/\/lofimusic.com.es\/index.php\/wp-json\/wp\/v2\/product"}],"about":[{"href":"https:\/\/lofimusic.com.es\/index.php\/wp-json\/wp\/v2\/types\/product"}],"replies":[{"embeddable":true,"href":"https:\/\/lofimusic.com.es\/index.php\/wp-json\/wp\/v2\/comments?post=11175"}],"wp:featuredmedia":[{"embeddable":true,"href":"https:\/\/lofimusic.com.es\/index.php\/wp-json\/wp\/v2\/media\/11174"}],"wp:attachment":[{"href":"https:\/\/lofimusic.com.es\/index.php\/wp-json\/wp\/v2\/media?parent=11175"}],"wp:term":[{"taxonomy":"product_cat","embeddable":true,"href":"https:\/\/lofimusic.com.es\/index.php\/wp-json\/wp\/v2\/product_cat?post=11175"},{"taxonomy":"product_tag","embeddable":true,"href":"https:\/\/lofimusic.com.es\/index.php\/wp-json\/wp\/v2\/product_tag?post=11175"}],"curies":[{"name":"wp","href":"https:\/\/api.w.org\/{rel}","templated":true}]}}