{"id":11171,"date":"2025-02-09T01:29:30","date_gmt":"2025-02-09T01:29:30","guid":{"rendered":"https:\/\/lofimusic.com.es\/index.php\/producto\/b0dkx9vxy6_it\/"},"modified":"2025-02-09T01:29:30","modified_gmt":"2025-02-09T01:29:30","slug":"b0dkx9vxy6_it","status":"publish","type":"product","link":"https:\/\/lofimusic.com.es\/index.php\/producto\/b0dkx9vxy6_it\/","title":{"rendered":"B0DKX9VXY6_IT"},"content":{"rendered":"<p>&#8211; \u25fc Riceverai una spazzola a fungo con setole naturali, la dimensione \u00e8 5*4,3 cm, le setole sono lunghe circa 20 mm, realizzate in legno massiccio di alta qualit\u00e0 e crine di cavallo naturale, la superficie del legno \u00e8 liscia e le setole non si deformano . Le setole del cavallo hanno setole resistenti e morbide, perfette per i funghi sensibili.<br \/>\n&#8211; \u25fc Quando lavi i funghi con acqua, perdono il loro aroma. \u00c8 sufficiente rimuovere lo sporco dai funghi porcini, marroni, bianchi, finferli e commestibili con una spazzola di legno.<br \/>\n&#8211; \u25fc Oltre a pulire funghi, patate, ecc., pu\u00f2 essere utilizzato anche su utensili da cucina e stoviglie che temono i graffi, come padelle antiaderenti, porcellana, piatti in vetro, piani di lavoro, ecc., aiutandoti a proteggere superficie degli utensili da cucina da danni durante la pulizia, prolungando cos\u00ec la vita di questi accessori da cucina.<br \/>\n&#8211; \u25fc Le nostre testine in legno sono universali e sostituibili e si adattano a quasi tutte le spazzole per piatti in legno. Puoi sostituirlo con il manico lungo di altre spazzole per lavastoviglie e collegarlo facilmente per ottenere una spazzola a fungo in crine di cavallo con manico lungo. I due metodi di utilizzo possono essere sostituiti a piacimento, rendendoti la vita pi\u00f9 comoda.<br \/>\n&#8211; \u25fc Molto facile da pulire, basta sciacquare brevemente con acqua. Per massimizzare la durata, si consiglia di posizionare le setole verso il basso in un luogo asciutto e ventilato per farle asciugare all&#8217;aria. Ci\u00f2 manterr\u00e0 la sua forma e funzione.<\/p>\n","protected":false},"excerpt":{"rendered":"<p>pubblicit\u00e01 Pezzi Spazzola Piatti,Spazzola Lavapiatti,Spugna Piatti Ecologica,Testine di Ricambio per Spazzole per Piatti in Legno,per Padelle Antiaderenti,Porcellana,Piatti in Vetro,Tazze(\u00d8 50 mm)<\/p>\n","protected":false},"featured_media":11170,"comment_status":"open","ping_status":"closed","template":"","meta":[],"product_cat":[15],"product_tag":[],"class_list":{"0":"post-11171","1":"product","2":"type-product","3":"status-publish","4":"has-post-thumbnail","6":"product_cat-sin-categorizar","7":"nodate","8":"item-wrap","10":"first","11":"instock","12":"shipping-taxable","13":"product-type-external"},"_links":{"self":[{"href":"https:\/\/lofimusic.com.es\/index.php\/wp-json\/wp\/v2\/product\/11171","targetHints":{"allow":["GET"]}}],"collection":[{"href":"https:\/\/lofimusic.com.es\/index.php\/wp-json\/wp\/v2\/product"}],"about":[{"href":"https:\/\/lofimusic.com.es\/index.php\/wp-json\/wp\/v2\/types\/product"}],"replies":[{"embeddable":true,"href":"https:\/\/lofimusic.com.es\/index.php\/wp-json\/wp\/v2\/comments?post=11171"}],"wp:featuredmedia":[{"embeddable":true,"href":"https:\/\/lofimusic.com.es\/index.php\/wp-json\/wp\/v2\/media\/11170"}],"wp:attachment":[{"href":"https:\/\/lofimusic.com.es\/index.php\/wp-json\/wp\/v2\/media?parent=11171"}],"wp:term":[{"taxonomy":"product_cat","embeddable":true,"href":"https:\/\/lofimusic.com.es\/index.php\/wp-json\/wp\/v2\/product_cat?post=11171"},{"taxonomy":"product_tag","embeddable":true,"href":"https:\/\/lofimusic.com.es\/index.php\/wp-json\/wp\/v2\/product_tag?post=11171"}],"curies":[{"name":"wp","href":"https:\/\/api.w.org\/{rel}","templated":true}]}}