{"id":11169,"date":"2025-02-09T01:29:26","date_gmt":"2025-02-09T01:29:26","guid":{"rendered":"https:\/\/lofimusic.com.es\/index.php\/producto\/b0dgx8h7yw_it-2\/"},"modified":"2025-02-09T01:29:26","modified_gmt":"2025-02-09T01:29:26","slug":"b0dgx8h7yw_it-2","status":"publish","type":"product","link":"https:\/\/lofimusic.com.es\/index.php\/producto\/b0dgx8h7yw_it-2\/","title":{"rendered":"B0DGX8H7YW_IT"},"content":{"rendered":"<p>&#8211; \ud83d\udd25 \u3010Specifiche del prodotto\u3011 Riceverai 4 pezzi di guarnizioni ignifughe per giunti di tubi della stufa, la dimensione \u00e8 155 * 2 mm, facili da tagliare, sufficienti da utilizzare e sostituire per soddisfare le tue esigenze. Colore: bianco.<br \/>\n&#8211; \ud83d\udd25 \u3010Materiale di alta qualit\u00e0\u3011 La guarnizione del tubo della stufa \u00e8 realizzata in fibra di silicio di calcio e magnesio, che \u00e8 ecologica e inodore, stabile e durevole, ha una buona resistenza al calore e pu\u00f2 resistere a temperature estreme fino a 1250 \u00b0 C, garantendo la tua sicurezza e vita utile.<br \/>\n&#8211; \ud83d\udd25\u3010Molteplici usi\u3011La guarnizione del tubo della stufa \u00e8 adatta alla maggior parte dei forni, come caminetti, forni, stufe, tubi della stufa, camini, griglie, ecc. Protezione affidabile contro temperature estremamente elevate. Questo \u00e8 fondamentale per la sicurezza e l&#8217;efficienza del sistema del forno.<br \/>\n&#8211; \ud83d\udd25\u3010Come usare\u3011La guarnizione del tubo della stufa ha due piccoli fori per un facile incollaggio. Se necessario, \u00e8 possibile tagliare la guarnizione del tubo del forno alla dimensione appropriata, posizionando semplicemente la guarnizione del tubo del forno sotto il deflettore del tubo del forno.<br \/>\n&#8211; \ud83d\udd25 \u3010Suggerimenti caldi\u3011 Controlla attentamente se la dimensione \u00e8 adatta al tuo tubo prima dell&#8217;acquisto. Si consiglia di sostituire le guarnizioni almeno una volta all&#8217;anno e di pulire regolarmente i tubi del forno per ridurre al minimo il rischio di incendi di fuliggine.<\/p>\n","protected":false},"excerpt":{"rendered":"<p>pubblicit\u00e04 Pezzi Guarnizioni Per Tubi del Forno,Guarnizione Piatta Stufa,Guarnizione Stufa,Guarnizione Per Tubi Da Forno,Guarnizione Fiamma per Tubo Stufa,Resistente al Calore Fino a 1250\u00b0C,Bianco(155 * 2mm)<\/p>\n","protected":false},"featured_media":11168,"comment_status":"open","ping_status":"closed","template":"","meta":[],"product_cat":[15],"product_tag":[],"class_list":{"0":"post-11169","1":"product","2":"type-product","3":"status-publish","4":"has-post-thumbnail","6":"product_cat-sin-categorizar","7":"nodate","8":"item-wrap","10":"first","11":"instock","12":"shipping-taxable","13":"product-type-external"},"_links":{"self":[{"href":"https:\/\/lofimusic.com.es\/index.php\/wp-json\/wp\/v2\/product\/11169","targetHints":{"allow":["GET"]}}],"collection":[{"href":"https:\/\/lofimusic.com.es\/index.php\/wp-json\/wp\/v2\/product"}],"about":[{"href":"https:\/\/lofimusic.com.es\/index.php\/wp-json\/wp\/v2\/types\/product"}],"replies":[{"embeddable":true,"href":"https:\/\/lofimusic.com.es\/index.php\/wp-json\/wp\/v2\/comments?post=11169"}],"wp:featuredmedia":[{"embeddable":true,"href":"https:\/\/lofimusic.com.es\/index.php\/wp-json\/wp\/v2\/media\/11168"}],"wp:attachment":[{"href":"https:\/\/lofimusic.com.es\/index.php\/wp-json\/wp\/v2\/media?parent=11169"}],"wp:term":[{"taxonomy":"product_cat","embeddable":true,"href":"https:\/\/lofimusic.com.es\/index.php\/wp-json\/wp\/v2\/product_cat?post=11169"},{"taxonomy":"product_tag","embeddable":true,"href":"https:\/\/lofimusic.com.es\/index.php\/wp-json\/wp\/v2\/product_tag?post=11169"}],"curies":[{"name":"wp","href":"https:\/\/api.w.org\/{rel}","templated":true}]}}