{"id":11167,"date":"2025-02-09T01:29:22","date_gmt":"2025-02-09T01:29:22","guid":{"rendered":"https:\/\/lofimusic.com.es\/index.php\/producto\/b0dp9twb85_it\/"},"modified":"2025-02-09T01:29:22","modified_gmt":"2025-02-09T01:29:22","slug":"b0dp9twb85_it","status":"publish","type":"product","link":"https:\/\/lofimusic.com.es\/index.php\/producto\/b0dp9twb85_it\/","title":{"rendered":"B0DP9TWB85_IT"},"content":{"rendered":"<p>&#8211; \ud83d\udcb3\u3010Specifiche del prodotto\u3011Riceverai 3 porta carte con blocco RFID, lunghi 90 mm e larghi 59 mm, adatti per la maggior parte delle carte di credito e bancarie, facili da inserire, che portano sicurezza e comodit\u00e0 nella tua vita e nei tuoi viaggi. Colore: nero.<br \/>\n&#8211; \ud83d\udcb3\u3010Materiale di Alta Qualit\u00e0\u3011Lo strato esterno di questi porta carte schermanti \u00e8 realizzato in materiale PVC di alta qualit\u00e0 e lo strato interno contiene tessuto in foglio di alluminio antismagnetizzazione e antifurto, che pu\u00f2 respingere l&#8217;energia elettromagnetica richiesta per la smart card funzionamento e comunicazione senza contatto. \u00c8 sicuro e affidabile e previene efficacemente la fuga di informazioni e le frodi.<br \/>\n&#8211; \ud83d\udcb3 \u3010Caratteristiche del design\u3011 Le nostre carte sono sottili e possono adattarsi a tutti gli slot per carte dei normali portafogli, come portafogli, portafogli, portamonete, porta carte, borsette, zaini. Basta inserire la carta di credito nel porta carte a prova di RFID.<br \/>\n&#8211; \ud83d\udcb3\u3010Ampia Applicazione\u3011Questi porta carte con blocco RFID sono adatti per la maggior parte delle carte di credito, carte bancarie, cartoline, carte di debito, carte studentesche, carte prepagate, patenti di guida e carte d&#8217;identit\u00e0, ecc. Anche il miglior regalo per la tua famiglia e i tuoi amici.<br \/>\n&#8211; \ud83d\udcb3 \u3010Suggerimenti caldi\u3011 Se hai domande sul prodotto, contattaci e ti forniremo un servizio soddisfacente.<\/p>\n","protected":false},"excerpt":{"rendered":"<p>pubblicit\u00e03PCS Porta Carta di Credito,Rfid Protection Card,Porta Bancomat,Porta Carte di Credito Schermato,Porta Bancomat Schermato,Porta Carte di Credito Plastica,Porta Carte di Credito Anti-frode,90*59mm,Nero<\/p>\n","protected":false},"featured_media":11166,"comment_status":"open","ping_status":"closed","template":"","meta":[],"product_cat":[15],"product_tag":[],"class_list":{"0":"post-11167","1":"product","2":"type-product","3":"status-publish","4":"has-post-thumbnail","6":"product_cat-sin-categorizar","7":"nodate","8":"item-wrap","10":"first","11":"instock","12":"shipping-taxable","13":"product-type-external"},"_links":{"self":[{"href":"https:\/\/lofimusic.com.es\/index.php\/wp-json\/wp\/v2\/product\/11167","targetHints":{"allow":["GET"]}}],"collection":[{"href":"https:\/\/lofimusic.com.es\/index.php\/wp-json\/wp\/v2\/product"}],"about":[{"href":"https:\/\/lofimusic.com.es\/index.php\/wp-json\/wp\/v2\/types\/product"}],"replies":[{"embeddable":true,"href":"https:\/\/lofimusic.com.es\/index.php\/wp-json\/wp\/v2\/comments?post=11167"}],"wp:featuredmedia":[{"embeddable":true,"href":"https:\/\/lofimusic.com.es\/index.php\/wp-json\/wp\/v2\/media\/11166"}],"wp:attachment":[{"href":"https:\/\/lofimusic.com.es\/index.php\/wp-json\/wp\/v2\/media?parent=11167"}],"wp:term":[{"taxonomy":"product_cat","embeddable":true,"href":"https:\/\/lofimusic.com.es\/index.php\/wp-json\/wp\/v2\/product_cat?post=11167"},{"taxonomy":"product_tag","embeddable":true,"href":"https:\/\/lofimusic.com.es\/index.php\/wp-json\/wp\/v2\/product_tag?post=11167"}],"curies":[{"name":"wp","href":"https:\/\/api.w.org\/{rel}","templated":true}]}}