{"id":11165,"date":"2025-02-09T01:29:20","date_gmt":"2025-02-09T01:29:20","guid":{"rendered":"https:\/\/lofimusic.com.es\/index.php\/producto\/b0dp9q8bs2_it\/"},"modified":"2025-02-09T01:29:20","modified_gmt":"2025-02-09T01:29:20","slug":"b0dp9q8bs2_it","status":"publish","type":"product","link":"https:\/\/lofimusic.com.es\/index.php\/producto\/b0dp9q8bs2_it\/","title":{"rendered":"B0DP9Q8BS2_IT"},"content":{"rendered":"<p>&#8211; \ud83d\udecf\u3010Specifiche del prodotto\u3011Riceverai 2 cartelli da appendere alla maniglia della porta con una dimensione di 24*8 cm. Il lato rosso dice Non disturbare e il lato verde dice Per favore entra. Ognuno rappresenta un significato diverso 6 cm di diametro, adatto alla maggior parte dei luoghi.<br \/>\n&#8211; \ud83d\udecf\u3010Materiale di Alta Qualit\u00e0\u3011Questi cartelli sospesi sono realizzati in PVC di alta qualit\u00e0, che \u00e8 durevole e liscio, resistente alla corrosione, agli strappi, impermeabile e non facile da piegare, hanno un aspetto semplice ed elegante e possono essere riutilizzati molte volte.<br \/>\n&#8211; \ud83d\udecf\u3010Caratteristiche del design\u3011 Il carattere del cartello della porta Non disturbare \u00e8 chiaramente visibile. \u00c8 un design a doppia faccia. Un lato dice BITTE NICHT ST\u00d6REN e l&#8217;altro lato dice KOMM REIN. Pu\u00f2 visualizzare lo stato in modo rapido e semplice della stanza.<br \/>\n&#8211; \ud83d\udecf\u3010Ampie applicazioni\u3011Questi segnali di non disturbo sono perfetti per uffici, sale conferenze, cliniche, studi di consulenza, studi legali, hotel, scuole, aule o qualsiasi riunione privata o ristretta.<br \/>\n&#8211; \ud83d\udecf \u3010Suggerimenti caldi\u3011 Se hai domande sul prodotto, contattaci e ti forniremo un servizio soddisfacente.<\/p>\n","protected":false},"excerpt":{"rendered":"<p>pubblicit\u00e02 Pezzi Non Disturbare Cartello,Cartello Non Disturbare Hotel,Non Disturbare Cartello Porta,per Uffici,Sale Congressi,Cliniche,Alberghi,Scuole,Bar,Centri Commerciali,Design a Doppia Faccia(24 * 8cm)<\/p>\n","protected":false},"featured_media":11164,"comment_status":"open","ping_status":"closed","template":"","meta":[],"product_cat":[15],"product_tag":[],"class_list":{"0":"post-11165","1":"product","2":"type-product","3":"status-publish","4":"has-post-thumbnail","6":"product_cat-sin-categorizar","7":"nodate","8":"item-wrap","10":"first","11":"instock","12":"shipping-taxable","13":"product-type-external"},"_links":{"self":[{"href":"https:\/\/lofimusic.com.es\/index.php\/wp-json\/wp\/v2\/product\/11165","targetHints":{"allow":["GET"]}}],"collection":[{"href":"https:\/\/lofimusic.com.es\/index.php\/wp-json\/wp\/v2\/product"}],"about":[{"href":"https:\/\/lofimusic.com.es\/index.php\/wp-json\/wp\/v2\/types\/product"}],"replies":[{"embeddable":true,"href":"https:\/\/lofimusic.com.es\/index.php\/wp-json\/wp\/v2\/comments?post=11165"}],"wp:featuredmedia":[{"embeddable":true,"href":"https:\/\/lofimusic.com.es\/index.php\/wp-json\/wp\/v2\/media\/11164"}],"wp:attachment":[{"href":"https:\/\/lofimusic.com.es\/index.php\/wp-json\/wp\/v2\/media?parent=11165"}],"wp:term":[{"taxonomy":"product_cat","embeddable":true,"href":"https:\/\/lofimusic.com.es\/index.php\/wp-json\/wp\/v2\/product_cat?post=11165"},{"taxonomy":"product_tag","embeddable":true,"href":"https:\/\/lofimusic.com.es\/index.php\/wp-json\/wp\/v2\/product_tag?post=11165"}],"curies":[{"name":"wp","href":"https:\/\/api.w.org\/{rel}","templated":true}]}}