{"id":11161,"date":"2025-02-09T01:24:47","date_gmt":"2025-02-09T01:24:47","guid":{"rendered":"https:\/\/lofimusic.com.es\/index.php\/producto\/b0dn1c8dtv_it\/"},"modified":"2025-02-09T01:24:47","modified_gmt":"2025-02-09T01:24:47","slug":"b0dn1c8dtv_it","status":"publish","type":"product","link":"https:\/\/lofimusic.com.es\/index.php\/producto\/b0dn1c8dtv_it\/","title":{"rendered":"B0DN1C8DTV_IT"},"content":{"rendered":"<p>&#8211; \u25fc Contenuto della confezione: riceverai 30 sacchetti di essiccante al gel di silice, ogni sacchetto pesa 10 g ed \u00e8 composto da 2 g di gel di silice arancione + 8 g di gel di silice trasparente. La quantit\u00e0 \u00e8 sufficiente per soddisfare le tue esigenze quotidiane.<br \/>\n&#8211; \u25fc Indicatore di umidit\u00e0: ogni sacchetto contiene il 20% di gel di silice arancione, consentendo agli utenti di determinare rapidamente quando \u00e8 necessario sostituire l&#8217;essiccante. Man mano che l&#8217;acqua diventa pi\u00f9 satura, i cristalli arancioni diventano verde scuro.<br \/>\n&#8211; \u25fc Elevato tasso di assorbimento dell&#8217;umidit\u00e0: materiale ad assorbimento altamente attivo, non deliquescente, non corrosivo e insolubile in acqua, ha un elevato tasso di assorbimento dell&#8217;umidit\u00e0, che pu\u00f2 raggiungere il 35% del proprio peso. Ha igroscopicit\u00e0 fisica stabile e propriet\u00e0 chimiche, buona resistenza al calore, non tossico, innocuo e privo di inquinamento.<br \/>\n&#8211; \u25fcCome usare: posiziona gli oggetti e l&#8217;essiccante in un contenitore ermetico per proteggerli dai danni causati dall&#8217;umidit\u00e0. Pu\u00f2 entrare in contatto diretto con alimenti, medicinali, ecc.<br \/>\n&#8211; \u25fcAmpia gamma di usi: l&#8217;essiccante pu\u00f2 essere utilizzato nell&#8217;imballaggio di prodotti elettronici, aerospaziale, elettrodomestici, computer, hardware, abbigliamento, scarpe e cappelli, ecc. Nota: il prodotto non \u00e8 commestibile!<\/p>\n","protected":false},"excerpt":{"rendered":"<p>pubblicit\u00e030 Pezzi Sacchetti anti Umidit\u00e0,Silica gel Bustine,Gel di Silice,Gel di Silice per Umidit\u00e0,Sacchetti Umidit\u00e0,Silice per Umidit\u00e0,Silicagel,Assorbi Umidit\u00e0 Cassetti,Antimuffa per Scarpe(10 g)<\/p>\n","protected":false},"featured_media":11160,"comment_status":"open","ping_status":"closed","template":"","meta":[],"product_cat":[15],"product_tag":[],"class_list":{"0":"post-11161","1":"product","2":"type-product","3":"status-publish","4":"has-post-thumbnail","6":"product_cat-sin-categorizar","7":"nodate","8":"item-wrap","10":"first","11":"instock","12":"shipping-taxable","13":"product-type-external"},"_links":{"self":[{"href":"https:\/\/lofimusic.com.es\/index.php\/wp-json\/wp\/v2\/product\/11161","targetHints":{"allow":["GET"]}}],"collection":[{"href":"https:\/\/lofimusic.com.es\/index.php\/wp-json\/wp\/v2\/product"}],"about":[{"href":"https:\/\/lofimusic.com.es\/index.php\/wp-json\/wp\/v2\/types\/product"}],"replies":[{"embeddable":true,"href":"https:\/\/lofimusic.com.es\/index.php\/wp-json\/wp\/v2\/comments?post=11161"}],"wp:featuredmedia":[{"embeddable":true,"href":"https:\/\/lofimusic.com.es\/index.php\/wp-json\/wp\/v2\/media\/11160"}],"wp:attachment":[{"href":"https:\/\/lofimusic.com.es\/index.php\/wp-json\/wp\/v2\/media?parent=11161"}],"wp:term":[{"taxonomy":"product_cat","embeddable":true,"href":"https:\/\/lofimusic.com.es\/index.php\/wp-json\/wp\/v2\/product_cat?post=11161"},{"taxonomy":"product_tag","embeddable":true,"href":"https:\/\/lofimusic.com.es\/index.php\/wp-json\/wp\/v2\/product_tag?post=11161"}],"curies":[{"name":"wp","href":"https:\/\/api.w.org\/{rel}","templated":true}]}}