{"id":11159,"date":"2025-02-09T01:24:43","date_gmt":"2025-02-09T01:24:43","guid":{"rendered":"https:\/\/lofimusic.com.es\/index.php\/producto\/b0dn1c7qr8_it\/"},"modified":"2025-02-09T01:24:43","modified_gmt":"2025-02-09T01:24:43","slug":"b0dn1c7qr8_it","status":"publish","type":"product","link":"https:\/\/lofimusic.com.es\/index.php\/producto\/b0dn1c7qr8_it\/","title":{"rendered":"B0DN1C7QR8_IT"},"content":{"rendered":"<p>&#8211; \u3010Specifiche del prodotto\u3011 Riceverai una targa per porta di fascia alta con il numero 6, alta 20 cm\/7,87 pollici, spessa 1 cm\/0,39 pollici, classico nero opaco, alla moda, versatile e di fascia alta.<br \/>\n&#8211; \u3010Materiale durevole\u3011 Il numero civico \u00e8 realizzato in materiale acrilico di alta qualit\u00e0, altamente adattabile all&#8217;ambiente, antivento e antipioggia, antiet\u00e0, resistente all&#8217;usura e durevole, non si deformer\u00e0, \u00e8 facile da pulire e pu\u00f2 essere utilizzato all&#8217;interno e all&#8217;esterno.<br \/>\n&#8211; \u3010Effetto tridimensionale\u3011 Il design fluttuante moderno e intelligente e il connettore di installazione nascosto rendono il numero civico pieno di effetto tridimensionale.<br \/>\n&#8211; \u3010Multiuso\u3011 i numeri civici autoadesivi possono essere utilizzati su porte di uffici, cassette postali, porte di appartamenti, armadietti, garage, ecc. Abbiamo un totale di 10 numeri da 0 a 9 tra cui scegliere. Puoi combinarli come preferisci e crearli liberamente.<br \/>\n&#8211; \u3010Suggerimenti caldi\u3011 Se hai domande sul prodotto, contattaci e ti forniremo un servizio soddisfacente.<\/p>\n","protected":false},"excerpt":{"rendered":"<p>pubblicit\u00e01 Pezzi Numero Civico Esterno,Numeri Civici da Esterno,Numero Civico,Numeri Civici,Numero Civico Esterno Personalizzato,Targa Numero Civico Esterno,Altezza 20cm,Nero(Numero 6)<\/p>\n","protected":false},"featured_media":11158,"comment_status":"open","ping_status":"closed","template":"","meta":[],"product_cat":[15],"product_tag":[],"class_list":{"0":"post-11159","1":"product","2":"type-product","3":"status-publish","4":"has-post-thumbnail","6":"product_cat-sin-categorizar","7":"nodate","8":"item-wrap","10":"first","11":"instock","12":"shipping-taxable","13":"product-type-external"},"_links":{"self":[{"href":"https:\/\/lofimusic.com.es\/index.php\/wp-json\/wp\/v2\/product\/11159","targetHints":{"allow":["GET"]}}],"collection":[{"href":"https:\/\/lofimusic.com.es\/index.php\/wp-json\/wp\/v2\/product"}],"about":[{"href":"https:\/\/lofimusic.com.es\/index.php\/wp-json\/wp\/v2\/types\/product"}],"replies":[{"embeddable":true,"href":"https:\/\/lofimusic.com.es\/index.php\/wp-json\/wp\/v2\/comments?post=11159"}],"wp:featuredmedia":[{"embeddable":true,"href":"https:\/\/lofimusic.com.es\/index.php\/wp-json\/wp\/v2\/media\/11158"}],"wp:attachment":[{"href":"https:\/\/lofimusic.com.es\/index.php\/wp-json\/wp\/v2\/media?parent=11159"}],"wp:term":[{"taxonomy":"product_cat","embeddable":true,"href":"https:\/\/lofimusic.com.es\/index.php\/wp-json\/wp\/v2\/product_cat?post=11159"},{"taxonomy":"product_tag","embeddable":true,"href":"https:\/\/lofimusic.com.es\/index.php\/wp-json\/wp\/v2\/product_tag?post=11159"}],"curies":[{"name":"wp","href":"https:\/\/api.w.org\/{rel}","templated":true}]}}