{"id":11143,"date":"2025-02-09T01:16:19","date_gmt":"2025-02-09T01:16:19","guid":{"rendered":"https:\/\/lofimusic.com.es\/index.php\/producto\/b0dn7lkcrz_it\/"},"modified":"2025-02-09T01:16:19","modified_gmt":"2025-02-09T01:16:19","slug":"b0dn7lkcrz_it","status":"publish","type":"product","link":"https:\/\/lofimusic.com.es\/index.php\/producto\/b0dn7lkcrz_it\/","title":{"rendered":"B0DN7LKCRZ_IT"},"content":{"rendered":"<p>&#8211; Specifiche del prodotto: riceverete 30 bustine di gel di silice essiccante, ogni bustina \u00e8 di circa 10 g, confezionate singolarmente, per un totale di 300 g. Ogni bustina ha una dimensione di circa 55 mm*80 mm.<br \/>\n&#8211; Gel di silice alimentare: l&#8217;essiccante \u00e8 costituito da gel di silice trasparente di alta qualit\u00e0, ad alta attivit\u00e0, forte adsorbimento, propriet\u00e0 chimiche stabili, buona resistenza al calore, insolubile in acqua. Assorbimento fisico dell&#8217;umidit\u00e0, incolore e insapore, sicuro e affidabile, ma anche riciclabile, \u00e8 la vostra scelta di qualit\u00e0.<br \/>\n&#8211; Forte potere di assorbimento dell&#8217;umidit\u00e0: l&#8217;essiccante in gel di silice ha particelle pi\u00f9 uniformi, superficie asciutta e struttura naturale dei pori, che ne potenziano la capacit\u00e0 di assorbimento dell&#8217;umidit\u00e0 e il tasso di assorbimento dell&#8217;umidit\u00e0 pu\u00f2 raggiungere il 35% e oltre.<br \/>\n&#8211; Imballaggio indipendente preferito: ogni confezione di essiccante in gel di silice \u00e8 confezionata in modo indipendente; la confezione \u00e8 realizzata in carta AIWA di alta qualit\u00e0, materiale traslucido, con superficie liscia, impermeabile e a prova di olio. Ha un&#8217;eccellente permeabilit\u00e0 all&#8217;aria e resistenza alla polvere, forte e durevole, non facile da rompere.<br \/>\n&#8211; Ampia applicazione: l&#8217;essiccante in gel di silice \u00e8 adatto ai settori alimentare, elettronico, industriale, dei mobili, delle scatole e a molti altri campi. Pu\u00f2 aiutare a deumidificare molti tipi di alimenti, macchine fotografiche, obiettivi, computer, scarpe, cappelli, vestiti, libri, album fotografici e altri oggetti per evitare l&#8217;umidit\u00e0 e la muffa.<\/p>\n","protected":false},"excerpt":{"rendered":"<p>pubblicit\u00e010g x 30 Pacchetti Bustine Silica Gel,Sacchetti Assorbi Umidit\u00e0,Bustine Silice Umidit\u00e0,Gel Di Silice Per Umidit\u00e0,Silica Gel Bustine,per Armadi,Mobilia,Necessit\u00e0 Giornaliere<\/p>\n","protected":false},"featured_media":11142,"comment_status":"open","ping_status":"closed","template":"","meta":[],"product_cat":[15],"product_tag":[],"class_list":{"0":"post-11143","1":"product","2":"type-product","3":"status-publish","4":"has-post-thumbnail","6":"product_cat-sin-categorizar","7":"nodate","8":"item-wrap","10":"first","11":"instock","12":"shipping-taxable","13":"product-type-external"},"_links":{"self":[{"href":"https:\/\/lofimusic.com.es\/index.php\/wp-json\/wp\/v2\/product\/11143","targetHints":{"allow":["GET"]}}],"collection":[{"href":"https:\/\/lofimusic.com.es\/index.php\/wp-json\/wp\/v2\/product"}],"about":[{"href":"https:\/\/lofimusic.com.es\/index.php\/wp-json\/wp\/v2\/types\/product"}],"replies":[{"embeddable":true,"href":"https:\/\/lofimusic.com.es\/index.php\/wp-json\/wp\/v2\/comments?post=11143"}],"wp:featuredmedia":[{"embeddable":true,"href":"https:\/\/lofimusic.com.es\/index.php\/wp-json\/wp\/v2\/media\/11142"}],"wp:attachment":[{"href":"https:\/\/lofimusic.com.es\/index.php\/wp-json\/wp\/v2\/media?parent=11143"}],"wp:term":[{"taxonomy":"product_cat","embeddable":true,"href":"https:\/\/lofimusic.com.es\/index.php\/wp-json\/wp\/v2\/product_cat?post=11143"},{"taxonomy":"product_tag","embeddable":true,"href":"https:\/\/lofimusic.com.es\/index.php\/wp-json\/wp\/v2\/product_tag?post=11143"}],"curies":[{"name":"wp","href":"https:\/\/api.w.org\/{rel}","templated":true}]}}