{"id":11139,"date":"2025-02-09T01:16:11","date_gmt":"2025-02-09T01:16:11","guid":{"rendered":"https:\/\/lofimusic.com.es\/index.php\/producto\/b0dpfcyvn5_it\/"},"modified":"2025-02-09T01:16:11","modified_gmt":"2025-02-09T01:16:11","slug":"b0dpfcyvn5_it","status":"publish","type":"product","link":"https:\/\/lofimusic.com.es\/index.php\/producto\/b0dpfcyvn5_it\/","title":{"rendered":"B0DPFCYVN5_IT"},"content":{"rendered":"<p>&#8211; \u3010La confezione include\u3011100 bastoncini bianchi per torte in un set, ogni dimensione del bastoncino: 10 cm \u00d7 4 mm<br \/>\n&#8211; \u3010Materiale di alta qualit\u00e0\u3011 i bastoncini per lecca-lecca sono realizzati in carta per uso alimentare. Ecologico e degradabile, atossico e inodore, sicuro per i bambini, pu\u00f2 essere a contatto diretto con il cibo, non facile da indossare e rompere, pu\u00f2 essere utilizzato con fiducia.<br \/>\n&#8211; \u3010Pieno di tenacit\u00e0\u3011questo bastoncino per lecca-lecca \u00e8 trasformato in un bastoncino di carta solida ad alta densit\u00e0 attraverso un processo speciale, che \u00e8 forte e spesso, non facile da essere influenzato dall&#8217;umidit\u00e0, forte tenacit\u00e0, non facile da rompere e pieno di elasticit\u00e0.<br \/>\n&#8211; \u3010Per Decorazioni Creativamente Accattivanti\u3011 Ideale per i panettieri di casa e per i pasticceri professionisti<br \/>\n&#8211; \u3010Ampia applicazione\u3011i bastoncini per cake pop sono perfetti per Halloween, ringraziamento, Natale, San Valentino, Pasqua, riunioni di famiglia e molto altro ancora.<\/p>\n","protected":false},"excerpt":{"rendered":"<p>pubblicit\u00e0FuzlPnag 100 pezzi Bastoncini per cake pops,100 * 4mm\uff0cCottura Fai Da Te\uff0cCaramelle Per La Fabbricazione Di Dolci Cupcake Torta Dessert,Bianco<\/p>\n","protected":false},"featured_media":11138,"comment_status":"open","ping_status":"closed","template":"","meta":[],"product_cat":[15],"product_tag":[],"class_list":{"0":"post-11139","1":"product","2":"type-product","3":"status-publish","4":"has-post-thumbnail","6":"product_cat-sin-categorizar","7":"nodate","8":"item-wrap","10":"first","11":"instock","12":"shipping-taxable","13":"product-type-external"},"_links":{"self":[{"href":"https:\/\/lofimusic.com.es\/index.php\/wp-json\/wp\/v2\/product\/11139","targetHints":{"allow":["GET"]}}],"collection":[{"href":"https:\/\/lofimusic.com.es\/index.php\/wp-json\/wp\/v2\/product"}],"about":[{"href":"https:\/\/lofimusic.com.es\/index.php\/wp-json\/wp\/v2\/types\/product"}],"replies":[{"embeddable":true,"href":"https:\/\/lofimusic.com.es\/index.php\/wp-json\/wp\/v2\/comments?post=11139"}],"wp:featuredmedia":[{"embeddable":true,"href":"https:\/\/lofimusic.com.es\/index.php\/wp-json\/wp\/v2\/media\/11138"}],"wp:attachment":[{"href":"https:\/\/lofimusic.com.es\/index.php\/wp-json\/wp\/v2\/media?parent=11139"}],"wp:term":[{"taxonomy":"product_cat","embeddable":true,"href":"https:\/\/lofimusic.com.es\/index.php\/wp-json\/wp\/v2\/product_cat?post=11139"},{"taxonomy":"product_tag","embeddable":true,"href":"https:\/\/lofimusic.com.es\/index.php\/wp-json\/wp\/v2\/product_tag?post=11139"}],"curies":[{"name":"wp","href":"https:\/\/api.w.org\/{rel}","templated":true}]}}