{"id":11129,"date":"2025-02-09T01:11:33","date_gmt":"2025-02-09T01:11:33","guid":{"rendered":"https:\/\/lofimusic.com.es\/index.php\/producto\/b0dhkqs3fp_it\/"},"modified":"2025-02-09T01:11:33","modified_gmt":"2025-02-09T01:11:33","slug":"b0dhkqs3fp_it","status":"publish","type":"product","link":"https:\/\/lofimusic.com.es\/index.php\/producto\/b0dhkqs3fp_it\/","title":{"rendered":"B0DHKQS3FP_IT"},"content":{"rendered":"<p>&#8211; Dettagli del prodotto: Riceverai una scatola portagioielli bianco sporco.<br \/>\n&#8211; Dimensioni del prodotto: la dimensione della scatola portaoggetti \u00e8 di circa 9,5\u00d79,5\u00d75 cm, occupa poco spazio e pu\u00f2 essere facilmente riposta in una borsa. Ottimo per viaggi, feste.<br \/>\n&#8211; Robusto e durevole: la superficie del portagioielli \u00e8 robusta e resistente alla pressione e pu\u00f2 sopportare una certa quantit\u00e0 di peso. La cerniera liscia pu\u00f2 fissare saldamente i tuoi accessori nella scatola per riporli e utilizzarli facilmente.<br \/>\n&#8211; Conserva vari gioielli: dispone di 3 ganci a catena per appendere facilmente collane e braccialetti, tasche elastiche per riporre piccoli accessori come orecchini e fessure per anelli per fissare gli anelli.<br \/>\n&#8211; Migliore scelta regalo: il portagioielli \u00e8 un ottimo regalo di compleanno, regalo di Natale, regalo di Capodanno, regalo di nozze, regalo di anniversario, ecc.<\/p>\n","protected":false},"excerpt":{"rendered":"<p>pubblicit\u00e0GZQINGYONG Portagioie da Viaggio,Portagioie Donna Scatole Portagioie Portatile Organizzatore per Riporre,Adatto per Riporre Orecchini,Anelli,Collane Bracciali,Regali Donna Compleanno (Bianco)<\/p>\n","protected":false},"featured_media":11128,"comment_status":"open","ping_status":"closed","template":"","meta":[],"product_cat":[15],"product_tag":[],"class_list":{"0":"post-11129","1":"product","2":"type-product","3":"status-publish","4":"has-post-thumbnail","6":"product_cat-sin-categorizar","7":"nodate","8":"item-wrap","10":"first","11":"instock","12":"shipping-taxable","13":"product-type-external"},"_links":{"self":[{"href":"https:\/\/lofimusic.com.es\/index.php\/wp-json\/wp\/v2\/product\/11129","targetHints":{"allow":["GET"]}}],"collection":[{"href":"https:\/\/lofimusic.com.es\/index.php\/wp-json\/wp\/v2\/product"}],"about":[{"href":"https:\/\/lofimusic.com.es\/index.php\/wp-json\/wp\/v2\/types\/product"}],"replies":[{"embeddable":true,"href":"https:\/\/lofimusic.com.es\/index.php\/wp-json\/wp\/v2\/comments?post=11129"}],"wp:featuredmedia":[{"embeddable":true,"href":"https:\/\/lofimusic.com.es\/index.php\/wp-json\/wp\/v2\/media\/11128"}],"wp:attachment":[{"href":"https:\/\/lofimusic.com.es\/index.php\/wp-json\/wp\/v2\/media?parent=11129"}],"wp:term":[{"taxonomy":"product_cat","embeddable":true,"href":"https:\/\/lofimusic.com.es\/index.php\/wp-json\/wp\/v2\/product_cat?post=11129"},{"taxonomy":"product_tag","embeddable":true,"href":"https:\/\/lofimusic.com.es\/index.php\/wp-json\/wp\/v2\/product_tag?post=11129"}],"curies":[{"name":"wp","href":"https:\/\/api.w.org\/{rel}","templated":true}]}}