{"id":11127,"date":"2025-02-09T01:10:15","date_gmt":"2025-02-09T01:10:15","guid":{"rendered":"https:\/\/lofimusic.com.es\/index.php\/producto\/b0dp7825xf_it\/"},"modified":"2025-02-09T01:10:15","modified_gmt":"2025-02-09T01:10:15","slug":"b0dp7825xf_it","status":"publish","type":"product","link":"https:\/\/lofimusic.com.es\/index.php\/producto\/b0dp7825xf_it\/","title":{"rendered":"B0DP7825XF_IT"},"content":{"rendered":"<p>&#8211; Dettagli del prodotto: Riceverai un pacchetto di 4 portachiavi in feltro nei colori nero, marrone, grigio scuro e grigio.<br \/>\n&#8211; Durevole e portatile: Il portachiavi in feltro \u00e8 realizzato in feltro e acciaio inossidabile, con una dimensione di 13 x 3 centimetri, robusto e leggero, compatto nelle dimensioni, facile da riporre e trasportare, e pu\u00f2 essere utilizzato in combinazione con altri oggetti e belle decorazioni.<br \/>\n&#8211; Ampiamente usato: Questo accessorio portachiavi in feltro pu\u00f2 essere appeso a chiavi dell&#8217;auto, borse, portafogli, ecc., rendendoli pi\u00f9 facili da identificare. Pu\u00f2 anche essere usato come un bel piccolo regalo per amici, compagni di classe e famiglia.<br \/>\n&#8211; Scelta regalo ideale: portachiavi in feltro sono adatti come regali di compleanno, regali di Natale, regali di ringraziamento, regali di nozze, regali di San Valentino, regali di anniversario o regali per gli amici.<br \/>\n&#8211; Accessori fai da te: Il portachiavi in feltro \u00e8 l&#8217;accessorio perfetto fai da te, con un design vuoto al centro che ti permette di disegnare i tuoi oggetti preferiti sull&#8217;etichetta in feltro attraverso la scrittura, il ricamo o la stampa. Rendilo pi\u00f9 speciale e significativo.<\/p>\n","protected":false},"excerpt":{"rendered":"<p>pubblicit\u00e04 Pezzi Portachiavi in Feltro,4 Colori Portachiavi in Feltro Con Anello In Acciaio Inox Portachiavi Personalizzato,Portachiavi Artigianale per Artigianato DIY Auto Chiavi Regalo e Zaino-13 x 3 cm<\/p>\n","protected":false},"featured_media":11126,"comment_status":"open","ping_status":"closed","template":"","meta":[],"product_cat":[15],"product_tag":[],"class_list":{"0":"post-11127","1":"product","2":"type-product","3":"status-publish","4":"has-post-thumbnail","6":"product_cat-sin-categorizar","7":"nodate","8":"item-wrap","10":"first","11":"instock","12":"shipping-taxable","13":"product-type-external"},"_links":{"self":[{"href":"https:\/\/lofimusic.com.es\/index.php\/wp-json\/wp\/v2\/product\/11127","targetHints":{"allow":["GET"]}}],"collection":[{"href":"https:\/\/lofimusic.com.es\/index.php\/wp-json\/wp\/v2\/product"}],"about":[{"href":"https:\/\/lofimusic.com.es\/index.php\/wp-json\/wp\/v2\/types\/product"}],"replies":[{"embeddable":true,"href":"https:\/\/lofimusic.com.es\/index.php\/wp-json\/wp\/v2\/comments?post=11127"}],"wp:featuredmedia":[{"embeddable":true,"href":"https:\/\/lofimusic.com.es\/index.php\/wp-json\/wp\/v2\/media\/11126"}],"wp:attachment":[{"href":"https:\/\/lofimusic.com.es\/index.php\/wp-json\/wp\/v2\/media?parent=11127"}],"wp:term":[{"taxonomy":"product_cat","embeddable":true,"href":"https:\/\/lofimusic.com.es\/index.php\/wp-json\/wp\/v2\/product_cat?post=11127"},{"taxonomy":"product_tag","embeddable":true,"href":"https:\/\/lofimusic.com.es\/index.php\/wp-json\/wp\/v2\/product_tag?post=11127"}],"curies":[{"name":"wp","href":"https:\/\/api.w.org\/{rel}","templated":true}]}}