{"id":11123,"date":"2025-02-09T01:06:35","date_gmt":"2025-02-09T01:06:35","guid":{"rendered":"https:\/\/lofimusic.com.es\/index.php\/producto\/b0dpqctchb_it\/"},"modified":"2025-02-09T01:06:35","modified_gmt":"2025-02-09T01:06:35","slug":"b0dpqctchb_it","status":"publish","type":"product","link":"https:\/\/lofimusic.com.es\/index.php\/producto\/b0dpqctchb_it\/","title":{"rendered":"B0DPQCTCHB_IT"},"content":{"rendered":"<p>&#8211; Dettagli del prodotto: Riceverete un set di 12 punte per levigatura rotante in 6 forme, 2 per ciascuna, che possono essere adattate alle vostre diverse esigenze.<br \/>\n&#8211; DIMENSIONE DEL PRODOTTO: La lunghezza totale delle punte \u00e8 di 45 mm, il diametro della testa \u00e8 di 6 mm e il diametro del gambo \u00e8 di 3 mm, compatibile con la maggior parte degli utensili rotativi e delle smerigliatrici per stampi.<br \/>\n&#8211; ALTA EFFICIENZA: il trapano rotante \u00e8 molto pi\u00f9 produttivo, quasi 10 volte pi\u00f9 efficiente di una lima manuale. Nella maggior parte dei casi, pu\u00f2 sostituire le piccole mole senza contaminare la polvere, \u00e8 facile da tagliare, sicuro e durevole.<br \/>\n&#8211; DURATA PI\u00d9 LUNGA: le punte per incisione rotanti ruotano pi\u00f9 velocemente, riducendo il rotolamento inefficiente e prolungando la durata complessiva. Le punte sono robuste, resistenti all&#8217;usura e al calore, e possono aiutare a risolvere le diverse esigenze di lavoro.<br \/>\n&#8211; Ampio utilizzo: punte rotanti per lavori di precisione. Ampiamente utilizzate in metallo, vetro, piastrelle, plastica, legno, fibra di vetro, pietra, riparazioni domestiche e cos\u00ec via.<\/p>\n","protected":false},"excerpt":{"rendered":"<p>pubblicit\u00e012 Pezzi Frese Diamantate,Frese per Metallo Set Frese Rotanti in Carburo di Tungsteno con Gambo 3 mm,Accessori Punte per Incisione Trapano Smerigliatrice Set per Fresa Foratura,Lucidatura,Incisione<\/p>\n","protected":false},"featured_media":11122,"comment_status":"open","ping_status":"closed","template":"","meta":[],"product_cat":[15],"product_tag":[],"class_list":{"0":"post-11123","1":"product","2":"type-product","3":"status-publish","4":"has-post-thumbnail","6":"product_cat-sin-categorizar","7":"nodate","8":"item-wrap","10":"first","11":"instock","12":"shipping-taxable","13":"product-type-external"},"_links":{"self":[{"href":"https:\/\/lofimusic.com.es\/index.php\/wp-json\/wp\/v2\/product\/11123","targetHints":{"allow":["GET"]}}],"collection":[{"href":"https:\/\/lofimusic.com.es\/index.php\/wp-json\/wp\/v2\/product"}],"about":[{"href":"https:\/\/lofimusic.com.es\/index.php\/wp-json\/wp\/v2\/types\/product"}],"replies":[{"embeddable":true,"href":"https:\/\/lofimusic.com.es\/index.php\/wp-json\/wp\/v2\/comments?post=11123"}],"wp:featuredmedia":[{"embeddable":true,"href":"https:\/\/lofimusic.com.es\/index.php\/wp-json\/wp\/v2\/media\/11122"}],"wp:attachment":[{"href":"https:\/\/lofimusic.com.es\/index.php\/wp-json\/wp\/v2\/media?parent=11123"}],"wp:term":[{"taxonomy":"product_cat","embeddable":true,"href":"https:\/\/lofimusic.com.es\/index.php\/wp-json\/wp\/v2\/product_cat?post=11123"},{"taxonomy":"product_tag","embeddable":true,"href":"https:\/\/lofimusic.com.es\/index.php\/wp-json\/wp\/v2\/product_tag?post=11123"}],"curies":[{"name":"wp","href":"https:\/\/api.w.org\/{rel}","templated":true}]}}