{"id":11119,"date":"2025-02-09T01:06:27","date_gmt":"2025-02-09T01:06:27","guid":{"rendered":"https:\/\/lofimusic.com.es\/index.php\/producto\/b0dflfdct2_it\/"},"modified":"2025-02-09T01:06:27","modified_gmt":"2025-02-09T01:06:27","slug":"b0dflfdct2_it","status":"publish","type":"product","link":"https:\/\/lofimusic.com.es\/index.php\/producto\/b0dflfdct2_it\/","title":{"rendered":"B0DFLFDCT2_IT"},"content":{"rendered":"<p>&#8211; Dettagli del prodotto: Riceverai un pacchetto di 6 clip per passeggino nere, avrai abbastanza clip per gli accessori del tuo passeggino.<br \/>\n&#8211; ROBUSTI E DUREVOLI: le clip del passeggino sono dotate di robuste molle per tenerle saldamente in posizione e possono aprirsi fino a 4,5 cm. Piccolo e leggero, facile da trasportare e riporre.<br \/>\n&#8211; Migliore fissazione: il gancio del passeggino \u00e8 flessibile e non facile da rompere, con una presa migliore e una forza di morso pi\u00f9 forte. In combinazione con la texture opaca del prodotto, la clip per passeggino \u00e8 pi\u00f9 facile da tenere in mano ed \u00e8 antiscivolo.<br \/>\n&#8211; PRESA PERFETTA: il design strutturato garantisce una buona presa, quindi il gancio non perder\u00e0 presa durante l&#8217;uso, comodo per l&#8217;uso quotidiano.<br \/>\n&#8211; AMPIE APPLICAZIONI: ottimo per appendere il tessuto sopra la copertura del passeggino o come supporto sul seggiolino dell&#8217;auto. Adatto anche come clip per coperte, guanti, cappelli o bavaglini.<\/p>\n","protected":false},"excerpt":{"rendered":"<p>pubblicit\u00e06 Pezzi Set di Mollette Passeggino,Accessori Passeggino Ganci Passeggino Universali Clip Coprisedili per Auto,Morsetto per Coperta Zanzariera Passeggino e Coperta Passeggino-Nero<\/p>\n","protected":false},"featured_media":11118,"comment_status":"open","ping_status":"closed","template":"","meta":[],"product_cat":[15],"product_tag":[],"class_list":{"0":"post-11119","1":"product","2":"type-product","3":"status-publish","4":"has-post-thumbnail","6":"product_cat-sin-categorizar","7":"nodate","8":"item-wrap","10":"first","11":"instock","12":"shipping-taxable","13":"product-type-external"},"_links":{"self":[{"href":"https:\/\/lofimusic.com.es\/index.php\/wp-json\/wp\/v2\/product\/11119","targetHints":{"allow":["GET"]}}],"collection":[{"href":"https:\/\/lofimusic.com.es\/index.php\/wp-json\/wp\/v2\/product"}],"about":[{"href":"https:\/\/lofimusic.com.es\/index.php\/wp-json\/wp\/v2\/types\/product"}],"replies":[{"embeddable":true,"href":"https:\/\/lofimusic.com.es\/index.php\/wp-json\/wp\/v2\/comments?post=11119"}],"wp:featuredmedia":[{"embeddable":true,"href":"https:\/\/lofimusic.com.es\/index.php\/wp-json\/wp\/v2\/media\/11118"}],"wp:attachment":[{"href":"https:\/\/lofimusic.com.es\/index.php\/wp-json\/wp\/v2\/media?parent=11119"}],"wp:term":[{"taxonomy":"product_cat","embeddable":true,"href":"https:\/\/lofimusic.com.es\/index.php\/wp-json\/wp\/v2\/product_cat?post=11119"},{"taxonomy":"product_tag","embeddable":true,"href":"https:\/\/lofimusic.com.es\/index.php\/wp-json\/wp\/v2\/product_tag?post=11119"}],"curies":[{"name":"wp","href":"https:\/\/api.w.org\/{rel}","templated":true}]}}