{"id":11113,"date":"2025-02-09T01:02:05","date_gmt":"2025-02-09T01:02:05","guid":{"rendered":"https:\/\/lofimusic.com.es\/index.php\/producto\/b0dp7crpzq_it\/"},"modified":"2025-02-09T01:02:05","modified_gmt":"2025-02-09T01:02:05","slug":"b0dp7crpzq_it","status":"publish","type":"product","link":"https:\/\/lofimusic.com.es\/index.php\/producto\/b0dp7crpzq_it\/","title":{"rendered":"B0DP7CRPZQ_IT"},"content":{"rendered":"<p>&#8211; Dettagli del prodotto: Riceverai un set di 6 maniche protettive trasparenti, che sono sufficienti per le tue esigenze quotidiane.<br \/>\n&#8211; Specifiche del prodotto: La dimensione del coperchio protettivo della carta \u00e8 di 9 \u00d7 6 centimetri, adatto per le carte di credito standard. Lo spessore \u00e8 di circa 1,5 centimetri e non occuper\u00e0 spazio nel portafoglio. \u00c8 possibile inserire carta, cartoline, foto e biglietti per organizzare gli elementi.<br \/>\n&#8211; Design ragionevole: Il manicotto protettivo della carta adotta un disegno aperto con un foro del pollice nella parte superiore per un migliore inserimento e rimozione delle carte, rendendolo facile da usare.<br \/>\n&#8211; Design trasparente: Il coperchio protettivo trasparente della carta facilita la raccolta e il posizionamento della carta. Mantieni la scheda pulita, con alta trasparenza, contenuti chiari e visibili e un facile accesso alle informazioni interne. Proteggi la tua carta.<br \/>\n&#8211; Multi-purpose: La copertura trasparente della carta di protezione \u00e8 perfetta per carte d&#8217;identit\u00e0, patenti di guida, badge ufficio, carte di accesso, pass autobus, skipass, targhe, biglietti e altro ancora.<\/p>\n","protected":false},"excerpt":{"rendered":"<p>pubblicit\u00e06 Pezzi Titolare Della Carta di Credito Trasparente,Custodie Protettive Porta Tessere Plastica Custodia Carta,Porta Carta D&#8217;Identit\u00e0 per Tessera Sanitaria,Carta Auto,Carta di Assicurazione-9 x 6 cm<\/p>\n","protected":false},"featured_media":11112,"comment_status":"open","ping_status":"closed","template":"","meta":[],"product_cat":[15],"product_tag":[],"class_list":{"0":"post-11113","1":"product","2":"type-product","3":"status-publish","4":"has-post-thumbnail","6":"product_cat-sin-categorizar","7":"nodate","8":"item-wrap","10":"first","11":"instock","12":"shipping-taxable","13":"product-type-external"},"_links":{"self":[{"href":"https:\/\/lofimusic.com.es\/index.php\/wp-json\/wp\/v2\/product\/11113","targetHints":{"allow":["GET"]}}],"collection":[{"href":"https:\/\/lofimusic.com.es\/index.php\/wp-json\/wp\/v2\/product"}],"about":[{"href":"https:\/\/lofimusic.com.es\/index.php\/wp-json\/wp\/v2\/types\/product"}],"replies":[{"embeddable":true,"href":"https:\/\/lofimusic.com.es\/index.php\/wp-json\/wp\/v2\/comments?post=11113"}],"wp:featuredmedia":[{"embeddable":true,"href":"https:\/\/lofimusic.com.es\/index.php\/wp-json\/wp\/v2\/media\/11112"}],"wp:attachment":[{"href":"https:\/\/lofimusic.com.es\/index.php\/wp-json\/wp\/v2\/media?parent=11113"}],"wp:term":[{"taxonomy":"product_cat","embeddable":true,"href":"https:\/\/lofimusic.com.es\/index.php\/wp-json\/wp\/v2\/product_cat?post=11113"},{"taxonomy":"product_tag","embeddable":true,"href":"https:\/\/lofimusic.com.es\/index.php\/wp-json\/wp\/v2\/product_tag?post=11113"}],"curies":[{"name":"wp","href":"https:\/\/api.w.org\/{rel}","templated":true}]}}