{"id":11107,"date":"2025-02-09T01:01:50","date_gmt":"2025-02-09T01:01:50","guid":{"rendered":"https:\/\/lofimusic.com.es\/index.php\/producto\/b0dmdtcsq6_it\/"},"modified":"2025-02-09T01:01:50","modified_gmt":"2025-02-09T01:01:50","slug":"b0dmdtcsq6_it","status":"publish","type":"product","link":"https:\/\/lofimusic.com.es\/index.php\/producto\/b0dmdtcsq6_it\/","title":{"rendered":"B0DMDTCSQ6_IT"},"content":{"rendered":"<p>&#8211; Dettagli del prodotto: Riceverai un robusto rotolo di corda di cuoio nero. 2mm di spessore e 5m di lunghezza.<br \/>\n&#8211; Materiale del prodotto: Il cinturino in pelle \u00e8 realizzato in vera pelle, che \u00e8 morbido e resistente all&#8217;usura. All&#8217;interno di una certa gamma di carichi e forze, ha pi\u00f9 forte tenacit\u00e0, durata ed \u00e8 meno incline alla frattura.<br \/>\n&#8211; Applicazioni del prodotto: Questi includono bracciali, collane, orecchini, portachiavi, acchiappasogni, lacci delle scarpe, abbigliamento, scarpe, nappe e altro ancora. Il nostro cinturino in pelle offre un rapporto costo-prestazioni unico, rendendolo una scelta ideale per individui creativi.<br \/>\n&#8211; Multiuso: Le corde in pelle sono perfette per realizzare bracciali, come cordini o accessori per cravatta, come lacci per scarpe, per decorare abiti tradizionali e pantaloncini in pelle, per sport equestri e per fare fruste, per artigianato o decorazione, vari progetti fai da te, accappatoi e altro ancora.<br \/>\n&#8211; Si prega di notare: La robusta corda in pelle ha alta resistenza. Ma se tirati forte, si romperanno comunque. La superficie di rivestimento \u00e8 liscia e priva di crepe. Il contatto con acqua, detergenti e alte temperature pu\u00f2 ridurre la durata.<\/p>\n","protected":false},"excerpt":{"rendered":"<p>pubblicit\u00e0Cordino Rotondo in Cuoio Diametro 2 mm,Lungo 5 m Lacci Cuoio Cordoncino in Pelle Morbida,Cordino di Pelle Cordoncino di Cuoio per Abbigliamento,Artigianato o Decorazioni,Progetti Artistici-Nero<\/p>\n","protected":false},"featured_media":11106,"comment_status":"open","ping_status":"closed","template":"","meta":[],"product_cat":[15],"product_tag":[],"class_list":{"0":"post-11107","1":"product","2":"type-product","3":"status-publish","4":"has-post-thumbnail","6":"product_cat-sin-categorizar","7":"nodate","8":"item-wrap","10":"first","11":"instock","12":"shipping-taxable","13":"product-type-external"},"_links":{"self":[{"href":"https:\/\/lofimusic.com.es\/index.php\/wp-json\/wp\/v2\/product\/11107","targetHints":{"allow":["GET"]}}],"collection":[{"href":"https:\/\/lofimusic.com.es\/index.php\/wp-json\/wp\/v2\/product"}],"about":[{"href":"https:\/\/lofimusic.com.es\/index.php\/wp-json\/wp\/v2\/types\/product"}],"replies":[{"embeddable":true,"href":"https:\/\/lofimusic.com.es\/index.php\/wp-json\/wp\/v2\/comments?post=11107"}],"wp:featuredmedia":[{"embeddable":true,"href":"https:\/\/lofimusic.com.es\/index.php\/wp-json\/wp\/v2\/media\/11106"}],"wp:attachment":[{"href":"https:\/\/lofimusic.com.es\/index.php\/wp-json\/wp\/v2\/media?parent=11107"}],"wp:term":[{"taxonomy":"product_cat","embeddable":true,"href":"https:\/\/lofimusic.com.es\/index.php\/wp-json\/wp\/v2\/product_cat?post=11107"},{"taxonomy":"product_tag","embeddable":true,"href":"https:\/\/lofimusic.com.es\/index.php\/wp-json\/wp\/v2\/product_tag?post=11107"}],"curies":[{"name":"wp","href":"https:\/\/api.w.org\/{rel}","templated":true}]}}