{"id":11101,"date":"2025-02-09T00:57:50","date_gmt":"2025-02-09T00:57:50","guid":{"rendered":"https:\/\/lofimusic.com.es\/index.php\/producto\/b0dg4l5slf_it\/"},"modified":"2025-02-09T00:57:50","modified_gmt":"2025-02-09T00:57:50","slug":"b0dg4l5slf_it","status":"publish","type":"product","link":"https:\/\/lofimusic.com.es\/index.php\/producto\/b0dg4l5slf_it\/","title":{"rendered":"B0DG4L5SLF_IT"},"content":{"rendered":"<p>&#8211; Lista di imballaggio: riceverai un mini telescopio monoculare 30X25, perfetto per le avventure all&#8217;aria aperta.<br \/>\n&#8211; Specifiche del telescopio: l&#8217;ingrandimento massimo del telescopio \u00e8 8X e la lunghezza focale minima \u00e8 8 mm. Il telescopio monoculare \u00e8 progettato per essere compatto e leggero, rendendolo facile da usare con una mano e facile da trasportare.<br \/>\n&#8211; Visione notturna in condizioni di scarsa illuminazione: \u00e8 pi\u00f9 facile vedere chiaramente gli oggetti utilizzando un telescopio, ma non \u00e8 adatto per l&#8217;uso nella completa oscurit\u00e0 e richiede una determinata fonte di luce, che si tratti di un lampione o della luce lunare.<br \/>\n&#8211; MIGLIORE ESPERIENZA VISIVA: il telescopio monoculare ha un angolo di visione chiaro, pu\u00f2 fornire immagini chiare e luminose, permettendoti di goderti appieno lo straordinario scenario durante le tue avventure all&#8217;aria aperta.<br \/>\n&#8211; Multifunzionale: il telescopio \u00e8 una scelta indispensabile e perfetta per l&#8217;osservazione degli animali, il birdwatching, l&#8217;escursionismo, il campeggio, i giochi con la palla, i concerti e altro ancora, assicurandoti la migliore visione possibile.<\/p>\n","protected":false},"excerpt":{"rendered":"<p>pubblicit\u00e0Telescopio Monoculare,30 X 25 Mini Cannocchiale Portatile HD Monocolo Professionale Cannocchiale,Visione Notturna a Bassa Luminosit\u00e0 Monoculare per Bird Watching,Caccia,Camping,Escursionismo-Nero<\/p>\n","protected":false},"featured_media":11100,"comment_status":"open","ping_status":"closed","template":"","meta":[],"product_cat":[15],"product_tag":[],"class_list":{"0":"post-11101","1":"product","2":"type-product","3":"status-publish","4":"has-post-thumbnail","6":"product_cat-sin-categorizar","7":"nodate","8":"item-wrap","10":"first","11":"instock","12":"shipping-taxable","13":"product-type-external"},"_links":{"self":[{"href":"https:\/\/lofimusic.com.es\/index.php\/wp-json\/wp\/v2\/product\/11101","targetHints":{"allow":["GET"]}}],"collection":[{"href":"https:\/\/lofimusic.com.es\/index.php\/wp-json\/wp\/v2\/product"}],"about":[{"href":"https:\/\/lofimusic.com.es\/index.php\/wp-json\/wp\/v2\/types\/product"}],"replies":[{"embeddable":true,"href":"https:\/\/lofimusic.com.es\/index.php\/wp-json\/wp\/v2\/comments?post=11101"}],"wp:featuredmedia":[{"embeddable":true,"href":"https:\/\/lofimusic.com.es\/index.php\/wp-json\/wp\/v2\/media\/11100"}],"wp:attachment":[{"href":"https:\/\/lofimusic.com.es\/index.php\/wp-json\/wp\/v2\/media?parent=11101"}],"wp:term":[{"taxonomy":"product_cat","embeddable":true,"href":"https:\/\/lofimusic.com.es\/index.php\/wp-json\/wp\/v2\/product_cat?post=11101"},{"taxonomy":"product_tag","embeddable":true,"href":"https:\/\/lofimusic.com.es\/index.php\/wp-json\/wp\/v2\/product_tag?post=11101"}],"curies":[{"name":"wp","href":"https:\/\/api.w.org\/{rel}","templated":true}]}}