{"id":11097,"date":"2025-02-09T00:57:45","date_gmt":"2025-02-09T00:57:45","guid":{"rendered":"https:\/\/lofimusic.com.es\/index.php\/producto\/b0dd6cxb61_it\/"},"modified":"2025-02-09T00:57:45","modified_gmt":"2025-02-09T00:57:45","slug":"b0dd6cxb61_it","status":"publish","type":"product","link":"https:\/\/lofimusic.com.es\/index.php\/producto\/b0dd6cxb61_it\/","title":{"rendered":"B0DD6CXB61_IT"},"content":{"rendered":"<p>&#8211; Dettagli prodotto: Riceverai 3 fogli di punti biadesivi, ciascuno con 100 punti adesivi, per un totale di 300 punti biadesivi.<br \/>\n&#8211; Dimensioni del prodotto: punto adesivo biadesivo diametro 6 mm, spessore 1 mm. Possono anche essere utilizzati per fissare dipinti, poster, foto, modelli, decorazioni o altri lavori fai da te per facilitarti la vita.<br \/>\n&#8211; Vantaggi del prodotto: questo punto adesivo biadesivo ha una buona appiccicosit\u00e0 e resistenza all&#8217;acqua, \u00e8 facile da applicare e pu\u00f2 aderire alla maggior parte delle superfici. Si rimuove senza lasciare residui appiccicosi o danneggiare la superficie.<br \/>\n&#8211; Facile da staccare: ogni pezzo di argilla trasparente ha una pellicola protettiva bianca. Durante l&#8217;utilizzo, basta staccare la pellicola protettiva e incollarla dove necessario. Dopo un po&#8217; l&#8217;impasto appiccicoso si attaccher\u00e0.<br \/>\n&#8211; AMPIO UTILIZZO: Questi nastri multiuso riutilizzabili funzionano su plastica, legno, vetro, ceramica, metallo, carta, tessuto, resina e altro ancora.<\/p>\n","protected":false},"excerpt":{"rendered":"<p>pubblicit\u00e0300 Pezzi Adesivi Rotondi Trasparenti,Nastro Biadesivo Nastro Puntini Adesivi Rotondo,Rimovibile Nastro Multiuso Senza Tracce Autoadesivo per Decorazione del Partito,Domestica,Arte Fai da Te-6mm<\/p>\n","protected":false},"featured_media":11096,"comment_status":"open","ping_status":"closed","template":"","meta":[],"product_cat":[15],"product_tag":[],"class_list":{"0":"post-11097","1":"product","2":"type-product","3":"status-publish","4":"has-post-thumbnail","6":"product_cat-sin-categorizar","7":"nodate","8":"item-wrap","10":"first","11":"instock","12":"shipping-taxable","13":"product-type-external"},"_links":{"self":[{"href":"https:\/\/lofimusic.com.es\/index.php\/wp-json\/wp\/v2\/product\/11097","targetHints":{"allow":["GET"]}}],"collection":[{"href":"https:\/\/lofimusic.com.es\/index.php\/wp-json\/wp\/v2\/product"}],"about":[{"href":"https:\/\/lofimusic.com.es\/index.php\/wp-json\/wp\/v2\/types\/product"}],"replies":[{"embeddable":true,"href":"https:\/\/lofimusic.com.es\/index.php\/wp-json\/wp\/v2\/comments?post=11097"}],"wp:featuredmedia":[{"embeddable":true,"href":"https:\/\/lofimusic.com.es\/index.php\/wp-json\/wp\/v2\/media\/11096"}],"wp:attachment":[{"href":"https:\/\/lofimusic.com.es\/index.php\/wp-json\/wp\/v2\/media?parent=11097"}],"wp:term":[{"taxonomy":"product_cat","embeddable":true,"href":"https:\/\/lofimusic.com.es\/index.php\/wp-json\/wp\/v2\/product_cat?post=11097"},{"taxonomy":"product_tag","embeddable":true,"href":"https:\/\/lofimusic.com.es\/index.php\/wp-json\/wp\/v2\/product_tag?post=11097"}],"curies":[{"name":"wp","href":"https:\/\/api.w.org\/{rel}","templated":true}]}}