{"id":11093,"date":"2025-02-09T00:50:48","date_gmt":"2025-02-09T00:50:48","guid":{"rendered":"https:\/\/lofimusic.com.es\/index.php\/producto\/b0d8t8p2z9_it\/"},"modified":"2025-02-09T00:50:48","modified_gmt":"2025-02-09T00:50:48","slug":"b0d8t8p2z9_it","status":"publish","type":"product","link":"https:\/\/lofimusic.com.es\/index.php\/producto\/b0d8t8p2z9_it\/","title":{"rendered":"B0D8T8P2Z9_IT"},"content":{"rendered":"<p>&#8211; Dettagli del prodotto: 10 cavalletti trasparenti autoadesivi, nessuna perforazione richiesta.<br \/>\n&#8211; Dimensioni del prodotto: la dimensione del gancio adesivo per foto \u00e8 6 cm \u00d7 6 cm e la capacit\u00e0 di carico massima del cavalletto trasparente autoadesivo \u00e8 di 2 kg.<br \/>\n&#8211; Ampia gamma di usi: superfici lisce come piastrelle, legno, vetro, metallo, plastica, ecc., possono appendere contemporaneamente una variet\u00e0 di oggetti, foto, cornici per foto, piccole tele, appendiabiti da bagno, asciugamani e utensili da cucina; . Perfetto per soggiorni, bagni, cucine e uffici.<br \/>\n&#8211; Facile da installare: i ganci da parete non richiedono chiodi o forature e non danneggiano la parete. Attaccali saldamente su una superficie liscia e non porosa per garantire una connessione forte e non cadere facilmente.<br \/>\n&#8211; Suggerimenti caldi: pulire la superficie prima dell&#8217;uso e incollarla sulla superficie.<\/p>\n","protected":false},"excerpt":{"rendered":"<p>pubblicit\u00e0XIASHENG 10 Pezzi Ganci Adesivi Muro,Gancio Accappatoio Appendi Asciugamani Bagno Appendino da Muro Fissaggio a Parete Senza Foratura per Bagno,Cucina e Soggiorno,Carico Massimo 2 kg-6\u00d76 cm<\/p>\n","protected":false},"featured_media":11092,"comment_status":"open","ping_status":"closed","template":"","meta":[],"product_cat":[15],"product_tag":[],"class_list":{"0":"post-11093","1":"product","2":"type-product","3":"status-publish","4":"has-post-thumbnail","6":"product_cat-sin-categorizar","7":"nodate","8":"item-wrap","10":"first","11":"instock","12":"shipping-taxable","13":"product-type-external"},"_links":{"self":[{"href":"https:\/\/lofimusic.com.es\/index.php\/wp-json\/wp\/v2\/product\/11093","targetHints":{"allow":["GET"]}}],"collection":[{"href":"https:\/\/lofimusic.com.es\/index.php\/wp-json\/wp\/v2\/product"}],"about":[{"href":"https:\/\/lofimusic.com.es\/index.php\/wp-json\/wp\/v2\/types\/product"}],"replies":[{"embeddable":true,"href":"https:\/\/lofimusic.com.es\/index.php\/wp-json\/wp\/v2\/comments?post=11093"}],"wp:featuredmedia":[{"embeddable":true,"href":"https:\/\/lofimusic.com.es\/index.php\/wp-json\/wp\/v2\/media\/11092"}],"wp:attachment":[{"href":"https:\/\/lofimusic.com.es\/index.php\/wp-json\/wp\/v2\/media?parent=11093"}],"wp:term":[{"taxonomy":"product_cat","embeddable":true,"href":"https:\/\/lofimusic.com.es\/index.php\/wp-json\/wp\/v2\/product_cat?post=11093"},{"taxonomy":"product_tag","embeddable":true,"href":"https:\/\/lofimusic.com.es\/index.php\/wp-json\/wp\/v2\/product_tag?post=11093"}],"curies":[{"name":"wp","href":"https:\/\/api.w.org\/{rel}","templated":true}]}}