{"id":11091,"date":"2025-02-09T00:49:06","date_gmt":"2025-02-09T00:49:06","guid":{"rendered":"https:\/\/lofimusic.com.es\/index.php\/producto\/b0dc2qnbdc_it\/"},"modified":"2025-02-09T00:49:06","modified_gmt":"2025-02-09T00:49:06","slug":"b0dc2qnbdc_it","status":"publish","type":"product","link":"https:\/\/lofimusic.com.es\/index.php\/producto\/b0dc2qnbdc_it\/","title":{"rendered":"B0DC2QNBDC_IT"},"content":{"rendered":"<p>&#8211; Confezione: Ogno colore ha 1 set, in totale 5 pezzi, la lunghezza di pinzetta \u00e8 6cm, ventosa leva 4,8cm, scatolina 6.8*2.2*1.2cm, molto piccolo e facile da trasportare<br \/>\n&#8211; 5 Colori: Ci sono bianco, rosa, blu, giallo, verde, colori brillanti e vivaci, Puoi scegliere il colore che ti piace<br \/>\n&#8211; Materiale affidabile: il dispositivo di rimozione delle lenti a contatto \u00e8 principalmente realizzato in plastica e silicone, morbido e confortevole al tatto, di qualit\u00e0 e affidabile, che si applica per prendere lenti a contatto o lenti a contatto cosmetiche, offrendoti comodit\u00e0<br \/>\n&#8211; Uso: La pinzetta \u00e8 ultilizzata per inserire i lenti a contatto e la ventosa leva \u00e8 per rimuoverli. Ideali per uso domestico e in viaggio. Si prega di lavare i strumenti per lenti a contatto prima dell\u2019ultilizzo<br \/>\n&#8211; Comodo da riporre e trasportare: il bastoncino di aspirazione per lenti a contatto \u00e8 piccolo, leggero, molto facile da trasportare e pu\u00f2 essere facilmente messo in tasca, portafoglio, borsetta, zaino, cassetto, scrivania, borsa della cancelleria e cos\u00ec via, soddisfacendo le tue esigenze no importa dove e quando<\/p>\n","protected":false},"excerpt":{"rendered":"<p>pubblicit\u00e05 Pezzi Pinzette per Lenti a Contatto, ventosa lenti a contatto,strumento per la rimozione delle lenti a contatto, per Lenti a Contatto con Scatolina per Viaggio<\/p>\n","protected":false},"featured_media":11090,"comment_status":"open","ping_status":"closed","template":"","meta":[],"product_cat":[15],"product_tag":[],"class_list":{"0":"post-11091","1":"product","2":"type-product","3":"status-publish","4":"has-post-thumbnail","6":"product_cat-sin-categorizar","7":"nodate","8":"item-wrap","10":"first","11":"instock","12":"shipping-taxable","13":"product-type-external"},"_links":{"self":[{"href":"https:\/\/lofimusic.com.es\/index.php\/wp-json\/wp\/v2\/product\/11091","targetHints":{"allow":["GET"]}}],"collection":[{"href":"https:\/\/lofimusic.com.es\/index.php\/wp-json\/wp\/v2\/product"}],"about":[{"href":"https:\/\/lofimusic.com.es\/index.php\/wp-json\/wp\/v2\/types\/product"}],"replies":[{"embeddable":true,"href":"https:\/\/lofimusic.com.es\/index.php\/wp-json\/wp\/v2\/comments?post=11091"}],"wp:featuredmedia":[{"embeddable":true,"href":"https:\/\/lofimusic.com.es\/index.php\/wp-json\/wp\/v2\/media\/11090"}],"wp:attachment":[{"href":"https:\/\/lofimusic.com.es\/index.php\/wp-json\/wp\/v2\/media?parent=11091"}],"wp:term":[{"taxonomy":"product_cat","embeddable":true,"href":"https:\/\/lofimusic.com.es\/index.php\/wp-json\/wp\/v2\/product_cat?post=11091"},{"taxonomy":"product_tag","embeddable":true,"href":"https:\/\/lofimusic.com.es\/index.php\/wp-json\/wp\/v2\/product_tag?post=11091"}],"curies":[{"name":"wp","href":"https:\/\/api.w.org\/{rel}","templated":true}]}}