{"id":11089,"date":"2025-02-08T23:38:48","date_gmt":"2025-02-08T23:38:48","guid":{"rendered":"https:\/\/lofimusic.com.es\/index.php\/producto\/b0dt6jnjq1_fr\/"},"modified":"2025-02-08T23:38:48","modified_gmt":"2025-02-08T23:38:48","slug":"b0dt6jnjq1_fr","status":"publish","type":"product","link":"https:\/\/lofimusic.com.es\/index.php\/producto\/b0dt6jnjq1_fr\/","title":{"rendered":"B0DT6JNJQ1_FR"},"content":{"rendered":"<p>&#8211; Structure en Bois de Sapin : Fabriqu\u00e9e en bois de sapin de qualit\u00e9 sup\u00e9rieure, cette cuisine de jeu pour enfants est con\u00e7ue pour r\u00e9sister aux rigueurs du temps de jeu et assurer une utilisation durable. De plus, c&#8217;est un excellent investissement pour l&#8217;amusement de votre enfant en plein air.<br \/>\n&#8211; Auvent Imperm\u00e9able et R\u00e9sistant Au Soleil : Fabriqu\u00e9 \u00e0 partir de tissu de qualit\u00e9, le toit sup\u00e9rieur r\u00e9siste \u00e0 l&#8217;eau et au soleil et offre aux plantes un environnement de croissance id\u00e9al. De plus, la conception r\u00e9glable en hauteur permet \u00e0 la cuisine en bois de s&#8217;adapter aux stades de croissance des enfants.<br \/>\n&#8211; Options de Rangement Multiples : Ce banc de rempotage pour enfants comprend une armoire \u00e0 une porte, une \u00e9tag\u00e8re ouverte, un tiroir de rangement et 3 crochets pratiques, offrant aux enfants un acc\u00e8s facile \u00e0 leurs ustensiles et favorisant la responsabilit\u00e9 en maintenant un espace de travail ordonn\u00e9.<br \/>\n&#8211; Fonctions Polyvalentes : Les accessoires mignons contiennent 4 pots de fleurs, 2 truelles et 1 r\u00e2teau, offrant aux tout-petits de merveilleuses opportunit\u00e9s pour les activit\u00e9s d\u2019empotage et de plantation. De plus, les enfants peuvent utiliser le tableau noir int\u00e9gr\u00e9 pour enregistrer la croissance des plantes. De plus, l&#8217;ensemble de cuisine d&#8217;arri\u00e8re-cour est une plateforme parfaite pour cuisiner.<br \/>\n&#8211; Importance Educative : Plus qu&#8217;une simple cuisine de jeu, cette configuration est un outil d&#8217;apprentissage et de d\u00e9veloppement, adapt\u00e9 aux enfants de 3 \u00e0 8 ans. Il favorise le jeu \u00e9ducatif qui d\u00e9veloppe les comp\u00e9tences de vie essentielles, encourage la cr\u00e9ativit\u00e9, am\u00e9liore les fonctions cognitives.<\/p>\n","protected":false},"excerpt":{"rendered":"<p>publicit\u00e9GOPLUS Cuisine Ext\u00e9rieur en Bois de Sapin pour Enfant, Table de Rempotage avec Auvent R\u00e9glable, Tableau Noir, Evier, 4 Pots, Etag\u00e8res, Tiroir, Etabli de Travail de Plantation pour 3+ Ans<\/p>\n","protected":false},"featured_media":11088,"comment_status":"open","ping_status":"closed","template":"","meta":[],"product_cat":[15],"product_tag":[],"class_list":{"0":"post-11089","1":"product","2":"type-product","3":"status-publish","4":"has-post-thumbnail","6":"product_cat-sin-categorizar","7":"nodate","8":"item-wrap","10":"first","11":"instock","12":"shipping-taxable","13":"product-type-external"},"_links":{"self":[{"href":"https:\/\/lofimusic.com.es\/index.php\/wp-json\/wp\/v2\/product\/11089","targetHints":{"allow":["GET"]}}],"collection":[{"href":"https:\/\/lofimusic.com.es\/index.php\/wp-json\/wp\/v2\/product"}],"about":[{"href":"https:\/\/lofimusic.com.es\/index.php\/wp-json\/wp\/v2\/types\/product"}],"replies":[{"embeddable":true,"href":"https:\/\/lofimusic.com.es\/index.php\/wp-json\/wp\/v2\/comments?post=11089"}],"wp:featuredmedia":[{"embeddable":true,"href":"https:\/\/lofimusic.com.es\/index.php\/wp-json\/wp\/v2\/media\/11088"}],"wp:attachment":[{"href":"https:\/\/lofimusic.com.es\/index.php\/wp-json\/wp\/v2\/media?parent=11089"}],"wp:term":[{"taxonomy":"product_cat","embeddable":true,"href":"https:\/\/lofimusic.com.es\/index.php\/wp-json\/wp\/v2\/product_cat?post=11089"},{"taxonomy":"product_tag","embeddable":true,"href":"https:\/\/lofimusic.com.es\/index.php\/wp-json\/wp\/v2\/product_tag?post=11089"}],"curies":[{"name":"wp","href":"https:\/\/api.w.org\/{rel}","templated":true}]}}