{"id":11087,"date":"2025-02-08T23:38:44","date_gmt":"2025-02-08T23:38:44","guid":{"rendered":"https:\/\/lofimusic.com.es\/index.php\/producto\/b0dtptxj9y_fr\/"},"modified":"2025-02-08T23:38:44","modified_gmt":"2025-02-08T23:38:44","slug":"b0dtptxj9y_fr","status":"publish","type":"product","link":"https:\/\/lofimusic.com.es\/index.php\/producto\/b0dtptxj9y_fr\/","title":{"rendered":"B0DTPTXJ9Y_FR"},"content":{"rendered":"<p>&#8211; CONTR\u00d4LE INTELLIGENT DES MAUVAISES HERBES : Cette toile de jardin de 50 m\u00b2 est savamment con\u00e7ue avec une perm\u00e9abilit\u00e9 sup\u00e9rieure, garantissant que l&#8217;eau et les nutriments atteignent votre sol tout en bloquant efficacement les mauvaises herbes.<br \/>\n&#8211; TISSU PP DE HAUTE QUALIT\u0260: Le tissu barri\u00e8re contre les mauvaises herbes pr\u00e9sente une densit\u00e9 de tissu substantielle de 60 g\/m\u00b2 \/ 100 g\/m\u00b2, offrant l&#8217;\u00e9quilibre parfait entre durabilit\u00e9 et fonctionnalit\u00e9, con\u00e7u pour des ann\u00e9es d&#8217;utilisation.<br \/>\n&#8211; SANT\u00c9 OPTIMALE DES PLANTES : Optez pour un choix respectueux de l&#8217;environnement avec ce tissu barri\u00e8re contre les mauvaises herbes qui \u00e9limine le besoin de produits chimiques nocifs. Sans danger pour vos plantes et votre sol, il maintient naturellement la sant\u00e9 et la beaut\u00e9 de votre espace ext\u00e9rieur.<br \/>\n&#8211; INSTALLATION SIMPLE : Ce tissu anti-mauvaises herbes peut \u00eatre facilement coup\u00e9 et comporte des rayures vertes pour un alignement facile des plantes. En cons\u00e9quence, vous pouvez personnaliser sa taille et sa forme en fonction de vos diff\u00e9rents besoins.<br \/>\n&#8211; APPLICATION POLYVALENTE : Id\u00e9ale pour un usage domestique et commercial, la toile paysag\u00e8re s&#8217;adapte bien \u00e0 la serre, au potager, au jardin, au parterre de fleurs, au gazon artificiel, au trottoir, au gravier, \u00e0 l&#8217;all\u00e9e.<\/p>\n","protected":false},"excerpt":{"rendered":"<p>publicit\u00e9RELAX4LIFE 50x1M Toile de Paillage Contre Les Mauvais Herbes 50 m\u00b2, Tissu de Lutte Contre Les Mauvaises Herbes en PP 60 g\/m\u00b2, Membrane de Jardin Perm\u00e9able pour Jardin All\u00e9e, Noir<\/p>\n","protected":false},"featured_media":11086,"comment_status":"open","ping_status":"closed","template":"","meta":[],"product_cat":[15],"product_tag":[],"class_list":{"0":"post-11087","1":"product","2":"type-product","3":"status-publish","4":"has-post-thumbnail","6":"product_cat-sin-categorizar","7":"nodate","8":"item-wrap","10":"first","11":"instock","12":"shipping-taxable","13":"product-type-external"},"_links":{"self":[{"href":"https:\/\/lofimusic.com.es\/index.php\/wp-json\/wp\/v2\/product\/11087","targetHints":{"allow":["GET"]}}],"collection":[{"href":"https:\/\/lofimusic.com.es\/index.php\/wp-json\/wp\/v2\/product"}],"about":[{"href":"https:\/\/lofimusic.com.es\/index.php\/wp-json\/wp\/v2\/types\/product"}],"replies":[{"embeddable":true,"href":"https:\/\/lofimusic.com.es\/index.php\/wp-json\/wp\/v2\/comments?post=11087"}],"wp:featuredmedia":[{"embeddable":true,"href":"https:\/\/lofimusic.com.es\/index.php\/wp-json\/wp\/v2\/media\/11086"}],"wp:attachment":[{"href":"https:\/\/lofimusic.com.es\/index.php\/wp-json\/wp\/v2\/media?parent=11087"}],"wp:term":[{"taxonomy":"product_cat","embeddable":true,"href":"https:\/\/lofimusic.com.es\/index.php\/wp-json\/wp\/v2\/product_cat?post=11087"},{"taxonomy":"product_tag","embeddable":true,"href":"https:\/\/lofimusic.com.es\/index.php\/wp-json\/wp\/v2\/product_tag?post=11087"}],"curies":[{"name":"wp","href":"https:\/\/api.w.org\/{rel}","templated":true}]}}