{"id":11085,"date":"2025-02-08T23:38:42","date_gmt":"2025-02-08T23:38:42","guid":{"rendered":"https:\/\/lofimusic.com.es\/index.php\/producto\/b0dtk4zs51_fr\/"},"modified":"2025-02-08T23:38:42","modified_gmt":"2025-02-08T23:38:42","slug":"b0dtk4zs51_fr","status":"publish","type":"product","link":"https:\/\/lofimusic.com.es\/index.php\/producto\/b0dtk4zs51_fr\/","title":{"rendered":"B0DTK4ZS51_FR"},"content":{"rendered":"<p>&#8211; INCLINAISON R\u00c9GLABLE : Le parasol comprend un m\u00e9canisme d&#8217;inclinaison par bouton-poussoir, vous permettant d&#8217;ajuster l&#8217;angle d&#8217;ombrage de 25\u00b0 \u00e0 gauche ou \u00e0 droite. Cette fonctionnalit\u00e9 assure que vous pouvez facilement b\u00e9n\u00e9ficier d&#8217;une ombre continue, quel que soit l&#8217;emplacement du soleil.<br \/>\n&#8211; QUALIT\u00c9 SUP\u00c9RIEURE : Fabriqu\u00e9e \u00e0 partir de polyester haute qualit\u00e9, l&#8217;auvent du parasol offre une excellente protection contre le soleil, est r\u00e9sistante \u00e0 l&#8217;eau et \u00e0 la d\u00e9coloration pour une utilisation prolong\u00e9e en ext\u00e9rieur. Son dessus ventil\u00e9 am\u00e9liore le flux d&#8217;air, assurant un abri plus frais en dessous.<br \/>\n&#8211; FACILIT\u00c9 D&#8217;UTILISATION : \u00c9quip\u00e9 d&#8217;une manivelle pratique, ce parasol s&#8217;ouvre et se ferme facilement. Il est dot\u00e9 d&#8217;un loquet de s\u00e9curit\u00e9 pour maintenir solidement l&#8217;auvent en place. Son design \u00e0 2 sections facilite l&#8217;assemblage et le d\u00e9montage rapide, le rendant extr\u00eamement pratique pour des utilisations vari\u00e9es.<br \/>\n&#8211; CONSTRUCTION ROBUSTE : Ce parasol est soutenu par 8 baleines robustes et un m\u00e2t en m\u00e9tal avec un rev\u00eatement en poudre antirouille, assurant \u00e0 la fois stabilit\u00e9 et long\u00e9vit\u00e9. Pour obtenir une stabilit\u00e9 optimale, il est recommand\u00e9 d&#8217;utiliser une base lest\u00e9e (non incluse) avec le parasol.<br \/>\n&#8211; POLYVALENT ET \u00c9L\u00c9GANT : Dot\u00e9 d&#8217;une grande zone d&#8217;ombrage et de bords \u00e0 volants \u00e9l\u00e9gants, ce parasol ajoute une touche de sophistication \u00e0 tout environnement, que ce soit dans des jardins, des patios, au bord de la piscine ou sur des plages. Il comprend des attaches \u00e0 boucles et \u00e0 crochets pour fixer des d\u00e9corations.<\/p>\n","protected":false},"excerpt":{"rendered":"<p>publicit\u00e9RELAX4LIFE Parasol de Jardin Ext\u00e9rieur \u03a6280 cm, Parasol de Terrasse avec Inclinaison R\u00e9glable, Manivelle, 8 Baleines, Toit Ventil\u00e9, Parasol Inclinable avec Bordures \u00e0 Volants pour Cour Jardin Piscine<\/p>\n","protected":false},"featured_media":11084,"comment_status":"open","ping_status":"closed","template":"","meta":[],"product_cat":[15],"product_tag":[],"class_list":{"0":"post-11085","1":"product","2":"type-product","3":"status-publish","4":"has-post-thumbnail","6":"product_cat-sin-categorizar","7":"nodate","8":"item-wrap","10":"first","11":"instock","12":"shipping-taxable","13":"product-type-external"},"_links":{"self":[{"href":"https:\/\/lofimusic.com.es\/index.php\/wp-json\/wp\/v2\/product\/11085","targetHints":{"allow":["GET"]}}],"collection":[{"href":"https:\/\/lofimusic.com.es\/index.php\/wp-json\/wp\/v2\/product"}],"about":[{"href":"https:\/\/lofimusic.com.es\/index.php\/wp-json\/wp\/v2\/types\/product"}],"replies":[{"embeddable":true,"href":"https:\/\/lofimusic.com.es\/index.php\/wp-json\/wp\/v2\/comments?post=11085"}],"wp:featuredmedia":[{"embeddable":true,"href":"https:\/\/lofimusic.com.es\/index.php\/wp-json\/wp\/v2\/media\/11084"}],"wp:attachment":[{"href":"https:\/\/lofimusic.com.es\/index.php\/wp-json\/wp\/v2\/media?parent=11085"}],"wp:term":[{"taxonomy":"product_cat","embeddable":true,"href":"https:\/\/lofimusic.com.es\/index.php\/wp-json\/wp\/v2\/product_cat?post=11085"},{"taxonomy":"product_tag","embeddable":true,"href":"https:\/\/lofimusic.com.es\/index.php\/wp-json\/wp\/v2\/product_tag?post=11085"}],"curies":[{"name":"wp","href":"https:\/\/api.w.org\/{rel}","templated":true}]}}