{"id":11083,"date":"2025-02-08T23:38:39","date_gmt":"2025-02-08T23:38:39","guid":{"rendered":"https:\/\/lofimusic.com.es\/index.php\/producto\/b0dt6w85p8_fr\/"},"modified":"2025-02-08T23:38:39","modified_gmt":"2025-02-08T23:38:39","slug":"b0dt6w85p8_fr","status":"publish","type":"product","link":"https:\/\/lofimusic.com.es\/index.php\/producto\/b0dt6w85p8_fr\/","title":{"rendered":"B0DT6W85P8_FR"},"content":{"rendered":"<p>&#8211; Cadre en Bois Fiable : Fabriqu\u00e9 \u00e0 partir de contreplaqu\u00e9 de qualit\u00e9 sup\u00e9rieure, l&#8217;ensemble table et chaise pour enfants est con\u00e7u pour r\u00e9sister aux jeux \u00e9nergiques des tout-petits. Le mat\u00e9riau sans danger pour les enfants garantit un environnement s\u00fbr, offrant une bonne stabilit\u00e9 et durabilit\u00e9, ainsi qu&#8217;une grande r\u00e9sistance.<br \/>\n&#8211; Ergonomique avec une Hauteur Appropri\u00e9e : Con\u00e7ue pour les enfants en pleine croissance, la chaise ergonomique pr\u00e9sente une hauteur appropri\u00e9e, un si\u00e8ge lisse et large, un dossier bas et des accoudoirs incurv\u00e9s. Ce bureau pour enfant aide les enfants \u00e0 d\u00e9velopper une bonne posture assise d\u00e8s leur plus jeune \u00e2ge, favorisant le confort lors d&#8217;activit\u00e9s telles que la lecture ou le dessin.<br \/>\n&#8211; D\u00e9tails Adapt\u00e9s aux Enfants : Notre table chaise enfant est con\u00e7u avec une attention particuli\u00e8re aux petites mains, avec un bureau avec cloison pour garder les livres, les crayons et les jouets en toute s\u00e9curit\u00e9 sur la table. La surface facile \u00e0 nettoyer associ\u00e9e \u00e0 des coins arrondis lisses ajoute de la fonctionnalit\u00e9 et de la polyvalence.<br \/>\n&#8211; Facile \u00e0 Installer et \u00e0 Ranger : Ce bureau enfant avec chaise est aussi pratique que charmant. L&#8217;assemblage facile signifie que vous pouvez le monter rapidement. La conception peu encombrante permet de ranger soigneusement la chaise sous la table.<br \/>\n&#8211; Multifonction pour de Nombreuses Utilisations : Id\u00e9al pour une vari\u00e9t\u00e9 d&#8217;activit\u00e9s, du coloriage avec des crayons aux blocs de construction, cette petite table pour enfant remplit de multiples fonctions. Qu&#8217;il s&#8217;agisse d&#8217;organiser des go\u00fbters, de faire de l&#8217;artisanat ou de faire ses devoirs, la conception polyvalente s&#8217;adapte aux besoins imaginatifs et cr\u00e9atifs de votre enfant.<\/p>\n","protected":false},"excerpt":{"rendered":"<p>publicit\u00e9GOPLUS Table Enfant avec Chaise, Bureau Enfant en Bois avec Chaise Ergonomique, Plateau Large, Petit Table d&#8217;Activit\u00e9s pour Manger, Dessiner, Lire, Meuble de Chambre d&#8217;enfant (Naturel)<\/p>\n","protected":false},"featured_media":11082,"comment_status":"open","ping_status":"closed","template":"","meta":[],"product_cat":[15],"product_tag":[],"class_list":{"0":"post-11083","1":"product","2":"type-product","3":"status-publish","4":"has-post-thumbnail","6":"product_cat-sin-categorizar","7":"nodate","8":"item-wrap","10":"first","11":"instock","12":"shipping-taxable","13":"product-type-external"},"_links":{"self":[{"href":"https:\/\/lofimusic.com.es\/index.php\/wp-json\/wp\/v2\/product\/11083","targetHints":{"allow":["GET"]}}],"collection":[{"href":"https:\/\/lofimusic.com.es\/index.php\/wp-json\/wp\/v2\/product"}],"about":[{"href":"https:\/\/lofimusic.com.es\/index.php\/wp-json\/wp\/v2\/types\/product"}],"replies":[{"embeddable":true,"href":"https:\/\/lofimusic.com.es\/index.php\/wp-json\/wp\/v2\/comments?post=11083"}],"wp:featuredmedia":[{"embeddable":true,"href":"https:\/\/lofimusic.com.es\/index.php\/wp-json\/wp\/v2\/media\/11082"}],"wp:attachment":[{"href":"https:\/\/lofimusic.com.es\/index.php\/wp-json\/wp\/v2\/media?parent=11083"}],"wp:term":[{"taxonomy":"product_cat","embeddable":true,"href":"https:\/\/lofimusic.com.es\/index.php\/wp-json\/wp\/v2\/product_cat?post=11083"},{"taxonomy":"product_tag","embeddable":true,"href":"https:\/\/lofimusic.com.es\/index.php\/wp-json\/wp\/v2\/product_tag?post=11083"}],"curies":[{"name":"wp","href":"https:\/\/api.w.org\/{rel}","templated":true}]}}