{"id":11079,"date":"2025-02-08T22:15:56","date_gmt":"2025-02-08T22:15:56","guid":{"rendered":"https:\/\/lofimusic.com.es\/index.php\/producto\/b0dmvs1bcx_es\/"},"modified":"2025-02-08T22:15:56","modified_gmt":"2025-02-08T22:15:56","slug":"b0dmvs1bcx_es","status":"publish","type":"product","link":"https:\/\/lofimusic.com.es\/index.php\/producto\/b0dmvs1bcx_es\/","title":{"rendered":"B0DMVS1BCX_ES"},"content":{"rendered":"<p>&#8211; Tela c\u00f3moda: Hecha de un material suave y excelente, esta corbata es brillante, c\u00f3moda de usar y duradera. La entretela de buena calidad facilita hacer un nudo perfecto. La corbata de dise\u00f1o elegante puede combinar f\u00e1cilmente con sus camisas.<br \/>\n&#8211; Tama\u00f1o cl\u00e1sico: La corbatas de hombre mide 5 cm de ancho y 150 cm de largo, se adapta a la mayor\u00eda de los tama\u00f1os de hombres. Perfecto para ropa formal de negocios, vestidos de novia del novio y ropa informal de fin de semana\/vacaciones.<br \/>\n&#8211; Corbatas para hombre f\u00e1ciles de combinar: Ofrecemos diferentes colores de corbata que te ayudar\u00e1n a combinar f\u00e1cilmente tus camisas, pa\u00f1uelos de bolsillo y trajes.<br \/>\n&#8211; Variedad de colores: una variedad de colores modernos, adecuados para diferentes ocasiones y estilos.<br \/>\n&#8211; Gran regalo para hombres: La corbatas hombre cl\u00e1sica de seda pura es c\u00f3moda y f\u00e1cil de usar. Es un gran regalo para todos los hombres en Navidad, D\u00eda de San Valent\u00edn, Acci\u00f3n de Gracias, aniversarios, cumplea\u00f1os y m\u00e1s, ya que crea f\u00e1cilmente una apariencia hermosa y sobresaliente.<\/p>\n","protected":false},"excerpt":{"rendered":"<p>Publicidad peiqiup Corbatas (150 * 5cm), Corbata de Color Solido Cl\u00e1sico, Fina y discreta para la Oficina o Eventos Festivos, Business Fiesta Boda, Regalos Originales, Gris<\/p>\n","protected":false},"featured_media":11078,"comment_status":"open","ping_status":"closed","template":"","meta":[],"product_cat":[15],"product_tag":[],"class_list":{"0":"post-11079","1":"product","2":"type-product","3":"status-publish","4":"has-post-thumbnail","6":"product_cat-sin-categorizar","7":"nodate","8":"item-wrap","10":"first","11":"instock","12":"shipping-taxable","13":"product-type-external"},"_links":{"self":[{"href":"https:\/\/lofimusic.com.es\/index.php\/wp-json\/wp\/v2\/product\/11079","targetHints":{"allow":["GET"]}}],"collection":[{"href":"https:\/\/lofimusic.com.es\/index.php\/wp-json\/wp\/v2\/product"}],"about":[{"href":"https:\/\/lofimusic.com.es\/index.php\/wp-json\/wp\/v2\/types\/product"}],"replies":[{"embeddable":true,"href":"https:\/\/lofimusic.com.es\/index.php\/wp-json\/wp\/v2\/comments?post=11079"}],"wp:featuredmedia":[{"embeddable":true,"href":"https:\/\/lofimusic.com.es\/index.php\/wp-json\/wp\/v2\/media\/11078"}],"wp:attachment":[{"href":"https:\/\/lofimusic.com.es\/index.php\/wp-json\/wp\/v2\/media?parent=11079"}],"wp:term":[{"taxonomy":"product_cat","embeddable":true,"href":"https:\/\/lofimusic.com.es\/index.php\/wp-json\/wp\/v2\/product_cat?post=11079"},{"taxonomy":"product_tag","embeddable":true,"href":"https:\/\/lofimusic.com.es\/index.php\/wp-json\/wp\/v2\/product_tag?post=11079"}],"curies":[{"name":"wp","href":"https:\/\/api.w.org\/{rel}","templated":true}]}}