{"id":11075,"date":"2025-02-08T22:15:35","date_gmt":"2025-02-08T22:15:35","guid":{"rendered":"https:\/\/lofimusic.com.es\/index.php\/producto\/b0dpzrgbw8_es\/"},"modified":"2025-02-08T22:15:35","modified_gmt":"2025-02-08T22:15:35","slug":"b0dpzrgbw8_es","status":"publish","type":"product","link":"https:\/\/lofimusic.com.es\/index.php\/producto\/b0dpzrgbw8_es\/","title":{"rendered":"B0DPZRGBW8_ES"},"content":{"rendered":"<p>&#8211; Contenido del env\u00edo: recibir\u00e1s un juego de 30 moldes para galletas en una caja de acero inoxidable de 1,7 x 9 x 17 cm. La cantidad puede cubrir sus necesidades diarias.<br \/>\n&#8211; M\u00faltiples formas \u00fanicas: 30 mini formas de corte de galletas, incluyendo 10 formas en 4 tama\u00f1os: estrella, flor, hex\u00e1gono, c\u00edrculo, coraz\u00f3n, cuadrado, tri\u00e1ngulo, ovalado, diamante, gota de lluvia.<br \/>\n&#8211; Alta calidad: Estos cortadores de galletas est\u00e1n hechos de acero inoxidable 430 apto para uso alimentario, resistente, con superficie pulida y no se deforma f\u00e1cilmente.<br \/>\n&#8211; F\u00e1cil de Usar y Limpiar: Nuestros cortadores de galletas son f\u00e1ciles de usar, s\u00f3lo para Presione ligeramente para hacer r\u00e1pidamente galletas de varios modelos lindos. F\u00e1cil de soltar, no se pegan al cortador, no dejan residuos. Limpiar despu\u00e9s de aclarar para completar la limpieza.<br \/>\n&#8211; Multi Scenario Uso: Estos moldes galletas son ampliamente utilizados en las galletas de bricolaje, pasteles, verduras, pasta de az\u00facar, galletas, frutas blandas, pan, queso, arcilla artesanal de chocolate, por lo que estos suministros para hornear puede satisfacer sus diversas necesidades para hacer la comida m\u00e1s interesante y creativo.<\/p>\n","protected":false},"excerpt":{"rendered":"<p>Publicidad Cortadores de galletas de acero inoxidable (30 Piezas), Cortadores de Galletas, Para Galletas, Pasteles, Frutas, Cumplea\u00f1os, Navidad, Variedad en forma, Con caja de almacenamiento<\/p>\n","protected":false},"featured_media":11074,"comment_status":"open","ping_status":"closed","template":"","meta":[],"product_cat":[15],"product_tag":[],"class_list":{"0":"post-11075","1":"product","2":"type-product","3":"status-publish","4":"has-post-thumbnail","6":"product_cat-sin-categorizar","7":"nodate","8":"item-wrap","10":"first","11":"instock","12":"shipping-taxable","13":"product-type-external"},"_links":{"self":[{"href":"https:\/\/lofimusic.com.es\/index.php\/wp-json\/wp\/v2\/product\/11075","targetHints":{"allow":["GET"]}}],"collection":[{"href":"https:\/\/lofimusic.com.es\/index.php\/wp-json\/wp\/v2\/product"}],"about":[{"href":"https:\/\/lofimusic.com.es\/index.php\/wp-json\/wp\/v2\/types\/product"}],"replies":[{"embeddable":true,"href":"https:\/\/lofimusic.com.es\/index.php\/wp-json\/wp\/v2\/comments?post=11075"}],"wp:featuredmedia":[{"embeddable":true,"href":"https:\/\/lofimusic.com.es\/index.php\/wp-json\/wp\/v2\/media\/11074"}],"wp:attachment":[{"href":"https:\/\/lofimusic.com.es\/index.php\/wp-json\/wp\/v2\/media?parent=11075"}],"wp:term":[{"taxonomy":"product_cat","embeddable":true,"href":"https:\/\/lofimusic.com.es\/index.php\/wp-json\/wp\/v2\/product_cat?post=11075"},{"taxonomy":"product_tag","embeddable":true,"href":"https:\/\/lofimusic.com.es\/index.php\/wp-json\/wp\/v2\/product_tag?post=11075"}],"curies":[{"name":"wp","href":"https:\/\/api.w.org\/{rel}","templated":true}]}}