{"id":11073,"date":"2025-02-08T22:15:23","date_gmt":"2025-02-08T22:15:23","guid":{"rendered":"https:\/\/lofimusic.com.es\/index.php\/producto\/b0dpzr7h6p_es\/"},"modified":"2025-02-08T22:15:23","modified_gmt":"2025-02-08T22:15:23","slug":"b0dpzr7h6p_es","status":"publish","type":"product","link":"https:\/\/lofimusic.com.es\/index.php\/producto\/b0dpzr7h6p_es\/","title":{"rendered":"B0DPZR7H6P_ES"},"content":{"rendered":"<p>&#8211; Material de alta calidad: nuestro ri\u00f1onera para hombre Mujer est\u00e1 hecho de material de alta calidad que es resistente al agua, duradero y ligero.<br \/>\n&#8211; Correa: Puede ajustar el ancho seg\u00fan la circunferencia de cintura, ampliamente ajustable para la mayor\u00eda de tama\u00f1o de cintura 68-105cm, adecuado para mujer y para hombre.<br \/>\n&#8211; Dise\u00f1o seguro: Dise\u00f1ado con una banda reflectante para la seguridad y visibilidad, incluso si est\u00e1 activo en la noche.<br \/>\n&#8211; Orificio para auriculares: el orificio para auriculares te permite escuchar m\u00fasica en cualquier momento y tener una experiencia de entrenamiento relajada.<br \/>\n&#8211; Uso Amplio: Esta ri\u00f1onera se puede usar para ir de compras, pero tambi\u00e9n para correr, salir a caminar, viajar, entrenar, andar en bicicleta, hacer caminatas y actividades al aire libre, acampar, etc., para satisfacer sus diversas necesidades de salidas.<\/p>\n","protected":false},"excerpt":{"rendered":"<p>Publicidad peiqiup Ri\u00f1onera Hombre Mujer, Cremallera cintur\u00f3n Ajustable, Ri\u00f1oneras Impermeable, para Entrenamiento al Aire Libre, Viajes, Casual, Correr, Senderismo, Negro<\/p>\n","protected":false},"featured_media":11072,"comment_status":"open","ping_status":"closed","template":"","meta":[],"product_cat":[15],"product_tag":[],"class_list":{"0":"post-11073","1":"product","2":"type-product","3":"status-publish","4":"has-post-thumbnail","6":"product_cat-sin-categorizar","7":"nodate","8":"item-wrap","10":"first","11":"instock","12":"shipping-taxable","13":"product-type-external"},"_links":{"self":[{"href":"https:\/\/lofimusic.com.es\/index.php\/wp-json\/wp\/v2\/product\/11073","targetHints":{"allow":["GET"]}}],"collection":[{"href":"https:\/\/lofimusic.com.es\/index.php\/wp-json\/wp\/v2\/product"}],"about":[{"href":"https:\/\/lofimusic.com.es\/index.php\/wp-json\/wp\/v2\/types\/product"}],"replies":[{"embeddable":true,"href":"https:\/\/lofimusic.com.es\/index.php\/wp-json\/wp\/v2\/comments?post=11073"}],"wp:featuredmedia":[{"embeddable":true,"href":"https:\/\/lofimusic.com.es\/index.php\/wp-json\/wp\/v2\/media\/11072"}],"wp:attachment":[{"href":"https:\/\/lofimusic.com.es\/index.php\/wp-json\/wp\/v2\/media?parent=11073"}],"wp:term":[{"taxonomy":"product_cat","embeddable":true,"href":"https:\/\/lofimusic.com.es\/index.php\/wp-json\/wp\/v2\/product_cat?post=11073"},{"taxonomy":"product_tag","embeddable":true,"href":"https:\/\/lofimusic.com.es\/index.php\/wp-json\/wp\/v2\/product_tag?post=11073"}],"curies":[{"name":"wp","href":"https:\/\/api.w.org\/{rel}","templated":true}]}}