{"id":11069,"date":"2025-02-08T20:26:27","date_gmt":"2025-02-08T20:26:27","guid":{"rendered":"https:\/\/lofimusic.com.es\/index.php\/producto\/b0drgjrpxh_es\/"},"modified":"2025-02-08T20:26:27","modified_gmt":"2025-02-08T20:26:27","slug":"b0drgjrpxh_es","status":"publish","type":"product","link":"https:\/\/lofimusic.com.es\/index.php\/producto\/b0drgjrpxh_es\/","title":{"rendered":"B0DRGJRPXH_ES"},"content":{"rendered":"<p>&#8211; \u00daltima tecnolog\u00eda de emparejamiento en un solo paso: no es necesario pulsar ning\u00fan bot\u00f3n para activar los auriculares inal\u00e1mbricos. Estos auriculares Bluetooth se pueden encender y emparejar autom\u00e1ticamente despu\u00e9s de abrir la funda de carga. Mientras tanto, los auriculares Bluetooth tambi\u00e9n se pueden apagar y cargar autom\u00e1ticamente despu\u00e9s de volver a colocarlos en la funda de carga. Simplemente pulsa una vez para responder o rechazar llamadas telef\u00f3nicas, emparejamiento Bluetooth, encendido y apagado, muy f\u00e1cil de usar.<\/p>\n","protected":false},"excerpt":{"rendered":"<p>Publicidad Thunelec Auriculares Bluetooth 5.3, auriculares inal\u00e1mbricos con micr\u00f3fono CVC8.0 con cancelaci\u00f3n de ruido<\/p>\n","protected":false},"featured_media":11068,"comment_status":"open","ping_status":"closed","template":"","meta":[],"product_cat":[15],"product_tag":[],"class_list":{"0":"post-11069","1":"product","2":"type-product","3":"status-publish","4":"has-post-thumbnail","6":"product_cat-sin-categorizar","7":"nodate","8":"item-wrap","10":"first","11":"instock","12":"shipping-taxable","13":"product-type-external"},"_links":{"self":[{"href":"https:\/\/lofimusic.com.es\/index.php\/wp-json\/wp\/v2\/product\/11069","targetHints":{"allow":["GET"]}}],"collection":[{"href":"https:\/\/lofimusic.com.es\/index.php\/wp-json\/wp\/v2\/product"}],"about":[{"href":"https:\/\/lofimusic.com.es\/index.php\/wp-json\/wp\/v2\/types\/product"}],"replies":[{"embeddable":true,"href":"https:\/\/lofimusic.com.es\/index.php\/wp-json\/wp\/v2\/comments?post=11069"}],"wp:featuredmedia":[{"embeddable":true,"href":"https:\/\/lofimusic.com.es\/index.php\/wp-json\/wp\/v2\/media\/11068"}],"wp:attachment":[{"href":"https:\/\/lofimusic.com.es\/index.php\/wp-json\/wp\/v2\/media?parent=11069"}],"wp:term":[{"taxonomy":"product_cat","embeddable":true,"href":"https:\/\/lofimusic.com.es\/index.php\/wp-json\/wp\/v2\/product_cat?post=11069"},{"taxonomy":"product_tag","embeddable":true,"href":"https:\/\/lofimusic.com.es\/index.php\/wp-json\/wp\/v2\/product_tag?post=11069"}],"curies":[{"name":"wp","href":"https:\/\/api.w.org\/{rel}","templated":true}]}}