{"id":11067,"date":"2025-02-08T20:25:49","date_gmt":"2025-02-08T20:25:49","guid":{"rendered":"https:\/\/lofimusic.com.es\/index.php\/producto\/b0dr2fyd3p_es\/"},"modified":"2025-02-08T20:25:49","modified_gmt":"2025-02-08T20:25:49","slug":"b0dr2fyd3p_es","status":"publish","type":"product","link":"https:\/\/lofimusic.com.es\/index.php\/producto\/b0dr2fyd3p_es\/","title":{"rendered":"B0DR2FYD3P_ES"},"content":{"rendered":"<p>&#8211; [conveniencia interna]: uso externo: m\u00e1s dise\u00f1o de humedad. Defensores, hemos salvado medio siglo, medio siglo y medio en el pa\u00eds y en el extranjero.<br \/>\n&#8211; [cartel Claire et lisboa]: Claire de sol, instructora y delegada de la instalaci\u00f3n le cadran Claire du sol, la instalaci\u00f3n central de jardin.<br \/>\n&#8211; [f\u00e1cil de usar]: dentro de la sonda, despu\u00e9s de neutralizar el sol h\u00famedo durante un minuto, puede indicar el pH a la aguja.<br \/>\n&#8211; [humedad del suelo]: la humedad del suelo no determina la humedad del suelo para garantizar el crecimiento y la salud de las plantas.<br \/>\n&#8211; [uso profundo de sonda de agujero largo]: 17,5 cm m\u00e1s Humidificador de agujero largo para suelo ordinario, para macetas y agujeros profundos o para suelos y agujeros profundos en latas.<\/p>\n","protected":false},"excerpt":{"rendered":"<p>Publicidad ChaneeHann Humid\u00edm\u00e8tre de Sol por Plantas, por le jardinage, la pelhouse, le Jardin, l Agricultural y Las Plantas por Fuera<\/p>\n","protected":false},"featured_media":11066,"comment_status":"open","ping_status":"closed","template":"","meta":[],"product_cat":[15],"product_tag":[],"class_list":{"0":"post-11067","1":"product","2":"type-product","3":"status-publish","4":"has-post-thumbnail","6":"product_cat-sin-categorizar","7":"nodate","8":"item-wrap","10":"first","11":"instock","12":"shipping-taxable","13":"product-type-external"},"_links":{"self":[{"href":"https:\/\/lofimusic.com.es\/index.php\/wp-json\/wp\/v2\/product\/11067","targetHints":{"allow":["GET"]}}],"collection":[{"href":"https:\/\/lofimusic.com.es\/index.php\/wp-json\/wp\/v2\/product"}],"about":[{"href":"https:\/\/lofimusic.com.es\/index.php\/wp-json\/wp\/v2\/types\/product"}],"replies":[{"embeddable":true,"href":"https:\/\/lofimusic.com.es\/index.php\/wp-json\/wp\/v2\/comments?post=11067"}],"wp:featuredmedia":[{"embeddable":true,"href":"https:\/\/lofimusic.com.es\/index.php\/wp-json\/wp\/v2\/media\/11066"}],"wp:attachment":[{"href":"https:\/\/lofimusic.com.es\/index.php\/wp-json\/wp\/v2\/media?parent=11067"}],"wp:term":[{"taxonomy":"product_cat","embeddable":true,"href":"https:\/\/lofimusic.com.es\/index.php\/wp-json\/wp\/v2\/product_cat?post=11067"},{"taxonomy":"product_tag","embeddable":true,"href":"https:\/\/lofimusic.com.es\/index.php\/wp-json\/wp\/v2\/product_tag?post=11067"}],"curies":[{"name":"wp","href":"https:\/\/api.w.org\/{rel}","templated":true}]}}