{"id":11057,"date":"2025-02-08T15:13:22","date_gmt":"2025-02-08T15:13:22","guid":{"rendered":"https:\/\/lofimusic.com.es\/index.php\/producto\/b0dttdjy5y_de\/"},"modified":"2025-02-08T15:13:22","modified_gmt":"2025-02-08T15:13:22","slug":"b0dttdjy5y_de","status":"publish","type":"product","link":"https:\/\/lofimusic.com.es\/index.php\/producto\/b0dttdjy5y_de\/","title":{"rendered":"B0DTTDJY5Y_DE"},"content":{"rendered":"<p>&#8211; Ultraschall-Technologie: Effektiver im Kampf gegen Maus und Ratten, diese neue Version des Ultraschall-Repellers verwendet einen leistungsst\u00e4rkeren und verbesserten Chip, der Umgang mit Parasiten und Nagetieren ist effektiver als je zuvor. Es gilt f\u00fcr M\u00e4use, Kakerlaken, Spinnen, Wanzen, M\u00fccken, Wanzen, M\u00e4use, Nagetiere, Fliegen, Ameisen, Fl\u00f6he und andere Parasiten.<br \/>\n&#8211; Sicher und einfach zu bedienen: Das Produkt schiebt M\u00e4use und Parasiten aus dem Haus, t\u00f6tet sie aber nicht. Ungiftig, keine Strahlung, absolut sicher f\u00fcr Familie und Haustiere. Halten Sie sich von gef\u00e4hrlichen Fallen f\u00fcr Ratten, Nagetiere und M\u00fccken fern.<br \/>\n&#8211; Breite Abdeckung: Ultraschall-Sch\u00e4dlingsbek\u00e4mpfung ist bis zu kann eine Fl\u00e4che von 80-120 m\u00b2. verwendet. Es wird empfohlen, f\u00fcr jeden Raum einen zu installieren, da der Ultraschall keine W\u00e4nde und festen Gegenst\u00e4nde durchdringen kann. F\u00fcr gro\u00dfe Lagerbereiche mit Ungeziefer empfehlen wir die Installation von 2 oder mehr Ger\u00e4ten.<br \/>\n&#8211; Sicher f\u00fcr Menschen und Haustiere: Ultraschall kann nur bei Sch\u00e4dlingen und Nagetieren wirken und sch\u00e4digt den menschlichen K\u00f6rper oder Haustiere \u00fcberhaupt nicht. Keine Strahlung, keine Chemikalien,ungiftig,kein Geruch und kein L\u00e4rm. Ultraschall-Repellent ist 100% sicher.<br \/>\n&#8211; Einfach zu bedienen: Halten Sie das ultraschall m\u00fcckenschutz einfach senkrecht zum boden, stecken sie es in eine steckdose und es l\u00e4uft automatisch. (Wir empfehlen, den Ultraschall-Repeller in einem Abstand von 80-100 cm vom Boden zu installieren.)<\/p>\n","protected":false},"excerpt":{"rendered":"<p>Werbung<br \/>\nAILEDA Ultraschall-Insektenschutzmittel, 4 St\u00fcck M\u00fcckenschutz, Elektrischer Insektenvernichter, f\u00fcr Kakerlaken, Motte, M\u00e4use, Ratten<\/p>\n","protected":false},"featured_media":11056,"comment_status":"open","ping_status":"closed","template":"","meta":[],"product_cat":[15],"product_tag":[],"class_list":{"0":"post-11057","1":"product","2":"type-product","3":"status-publish","4":"has-post-thumbnail","6":"product_cat-sin-categorizar","7":"nodate","8":"item-wrap","10":"first","11":"instock","12":"shipping-taxable","13":"product-type-external"},"_links":{"self":[{"href":"https:\/\/lofimusic.com.es\/index.php\/wp-json\/wp\/v2\/product\/11057","targetHints":{"allow":["GET"]}}],"collection":[{"href":"https:\/\/lofimusic.com.es\/index.php\/wp-json\/wp\/v2\/product"}],"about":[{"href":"https:\/\/lofimusic.com.es\/index.php\/wp-json\/wp\/v2\/types\/product"}],"replies":[{"embeddable":true,"href":"https:\/\/lofimusic.com.es\/index.php\/wp-json\/wp\/v2\/comments?post=11057"}],"wp:featuredmedia":[{"embeddable":true,"href":"https:\/\/lofimusic.com.es\/index.php\/wp-json\/wp\/v2\/media\/11056"}],"wp:attachment":[{"href":"https:\/\/lofimusic.com.es\/index.php\/wp-json\/wp\/v2\/media?parent=11057"}],"wp:term":[{"taxonomy":"product_cat","embeddable":true,"href":"https:\/\/lofimusic.com.es\/index.php\/wp-json\/wp\/v2\/product_cat?post=11057"},{"taxonomy":"product_tag","embeddable":true,"href":"https:\/\/lofimusic.com.es\/index.php\/wp-json\/wp\/v2\/product_tag?post=11057"}],"curies":[{"name":"wp","href":"https:\/\/api.w.org\/{rel}","templated":true}]}}